{"id":9690,"date":"2022-11-02T19:49:32","date_gmt":"2022-11-02T17:49:32","guid":{"rendered":"https:\/\/azlp.mk\/binjakezimi-i-be-se\/"},"modified":"2022-12-05T14:57:12","modified_gmt":"2022-12-05T12:57:12","slug":"binjakezimi-i-be-se","status":"publish","type":"page","link":"https:\/\/azlp.mk\/sq\/binjakezimi-i-be-se\/","title":{"rendered":"Binjak\u00ebzimi i BE-s\u00eb"},"content":{"rendered":"<div class=\"fusion-fullwidth fullwidth-box fusion-builder-row-1 fusion-flex-container has-pattern-background has-mask-background nonhundred-percent-fullwidth non-hundred-percent-height-scrolling\" style=\"background-color: #f2f2f2;background-position: center center;background-repeat: no-repeat;border-width: 0px 0px 0px 0px;border-color:#f2f2f2;border-style:solid;\" ><div class=\"fusion-builder-row fusion-row fusion-flex-align-items-flex-start\" style=\"max-width:1248px;margin-left: calc(-4% \/ 2 );margin-right: calc(-4% \/ 2 );\"><div class=\"fusion-layout-column fusion_builder_column fusion-builder-column-0 fusion_builder_column_1_1 1_1 fusion-flex-column\"><div class=\"fusion-column-wrapper fusion-flex-justify-content-flex-start fusion-content-layout-column\" style=\"background-position:left top;background-repeat:no-repeat;-webkit-background-size:cover;-moz-background-size:cover;-o-background-size:cover;background-size:cover;padding: 0px 0px 0px 0px;\"><div ><style>.fusion-imageframe.imageframe-1{ margin-bottom : 40px;}<\/style><span class=\" fusion-imageframe imageframe-none imageframe-1 hover-type-none\"><img decoding=\"async\" width=\"2560\" height=\"845\" title=\"ALB-banner-web-en-PDPA-01 (1)\" src=\"https:\/\/azlp.mk\/wp-content\/uploads\/2022\/12\/ALB-banner-web-en-PDPA-01-1-scaled.jpg\" alt class=\"img-responsive wp-image-12507\" srcset=\"https:\/\/azlp.mk\/wp-content\/uploads\/2022\/12\/ALB-banner-web-en-PDPA-01-1-200x66.jpg 200w, https:\/\/azlp.mk\/wp-content\/uploads\/2022\/12\/ALB-banner-web-en-PDPA-01-1-400x132.jpg 400w, https:\/\/azlp.mk\/wp-content\/uploads\/2022\/12\/ALB-banner-web-en-PDPA-01-1-600x198.jpg 600w, https:\/\/azlp.mk\/wp-content\/uploads\/2022\/12\/ALB-banner-web-en-PDPA-01-1-800x264.jpg 800w, https:\/\/azlp.mk\/wp-content\/uploads\/2022\/12\/ALB-banner-web-en-PDPA-01-1-1200x396.jpg 1200w, https:\/\/azlp.mk\/wp-content\/uploads\/2022\/12\/ALB-banner-web-en-PDPA-01-1-scaled.jpg 2560w\" sizes=\"(max-width: 640px) 100vw, 1200px\" \/><\/span><\/div><div class=\"fusion-text fusion-text-1\"><p>M\u00eb 1 qershor 2021 filloi zbatimi i projektit t\u00eb binjak\u00ebzimit \u201cMb\u00ebshtetje n\u00eb zbatimin e kuadrit komb\u00ebtar t\u00eb modernizuar p\u00ebr mbrojtjen e t\u00eb dh\u00ebnave personale\u201d, financuar nga Bashkimi Evropian.<\/p>\n<p>Q\u00ebllimi kryesor i projektit \u00ebsht\u00eb p\u00ebrmir\u00ebsimi i mbrojtjes s\u00eb t\u00eb drejtave themelore t\u00eb njeriut dhe sistemit komb\u00ebtar p\u00ebr mbrojtjen e t\u00eb dh\u00ebnave personale n\u00eb Republik\u00ebn e Maqedonis\u00eb s\u00eb Veriut n\u00eb p\u00ebrputhje me standardet e legjislacionit t\u00eb Bashkimit Evropian. Q\u00ebllimi specifik i projektit \u00ebsht\u00eb p\u00ebrmir\u00ebsimi i performanc\u00ebs s\u00eb Agjencis\u00eb p\u00ebr Mbrojtjen e t\u00eb Dh\u00ebnave Personale p\u00ebr zbatimin e kuadrit ligjor t\u00eb modernizuar p\u00ebr mbrojtjen e t\u00eb dh\u00ebnave personale duke forcuar kapacitetet institucionale, kuadrin ligjor dhe rregullator dhe nd\u00ebrgjegj\u00ebsimin e publikut p\u00ebr mbrojtjen e t\u00eb dh\u00ebnave personale.<\/p>\n<p>Projekti i binjak\u00ebzimit \u201cMb\u00ebshtetje n\u00eb zbatimin e kuadrit komb\u00ebtar t\u00eb modernizuar p\u00ebr mbrojtjen e t\u00eb dh\u00ebnave personale\u201d do t\u00eb zbatohet n\u00eb nj\u00eb periudh\u00eb 18 mujore. \u00cbsht\u00eb planifikuar t\u00eb arrihen m\u00eb shum\u00eb rezultate p\u00ebrmes projektit:<\/p>\n<ul>\n<li>Krijimi i udh\u00ebzuesve p\u00ebr zbatimin e risive t\u00eb Ligjit p\u00ebr Mbrojtjen e t\u00eb Dh\u00ebnave Personale n\u00eb temat e m\u00ebposhtme: transparenca dhe t\u00eb drejtat e subjektit t\u00eb t\u00eb dh\u00ebnave personale, e drejta p\u00ebr transportueshm\u00ebri t\u00eb t\u00eb dh\u00ebnave personale, vler\u00ebsimi i ndikimit t\u00eb mbrojtjes s\u00eb t\u00eb dh\u00ebnave personale. , mbrojtja teknike dhe e integruar e t\u00eb dh\u00ebnave personale (mbrojtja e t\u00eb dh\u00ebnave sipas dizajnit dhe si parazgjedhje), teknikat p\u00ebr pseudonimizimin dhe anonimizimin, p\u00ebrpunimin e t\u00eb dh\u00ebnave personale p\u00ebr q\u00ebllime shkencore, historike dhe statistikore, transferimin e t\u00eb dh\u00ebnave personale, marrjen e vendimeve automatike duke p\u00ebrfshir\u00eb profilizimin;<\/li>\n<li>Zhvillimi i procedurave standarde operative p\u00ebr ekzekutim efikas t\u00eb kompetencave t\u00eb reja t\u00eb Agjencis\u00eb q\u00eb dalin nga Ligji p\u00ebr Mbrojtjen e t\u00eb Dh\u00ebnave Personale;<\/li>\n<li>Zhvillimi i metodologjis\u00eb p\u00ebr harmonizimin e rregullores sektoriale dhe vler\u00ebsimi i ndikimit t\u00eb mbrojtjes s\u00eb t\u00eb dh\u00ebnave personale t\u00eb rregulluara n\u00eb Ligjin p\u00ebr Mbrojtjen e t\u00eb Dh\u00ebnave Personale;<\/li>\n<li>Forcimi i kapaciteteve t\u00eb punonj\u00ebsve t\u00eb Agjencis\u00eb dhe punonj\u00ebsve t\u00eb institucioneve t\u00eb tjera p\u00ebrkat\u00ebse shtet\u00ebrore dhe organeve ligjzbatuese duke organizuar seminare lidhur me risit\u00eb e Rregullores s\u00eb P\u00ebrgjithshme p\u00ebr Mbrojtjen e t\u00eb Dh\u00ebnave Personale dhe t\u00eb ashtuquajtur\u00ebs Direktiva e Policis\u00eb; dhe<\/li>\n<li>P\u00ebrgatitja e mjeteve t\u00eb reja p\u00ebr kontrollor\u00ebt dhe qytetar\u00ebt p\u00ebr zbatimin m\u00eb t\u00eb leht\u00eb t\u00eb Ligjit p\u00ebr Mbrojtjen e t\u00eb Dh\u00ebnave Personale.<\/li>\n<li>\n<\/li>\n<\/ul>\n<p><strong>Buxheti total<\/strong> : 700.000 euro<\/p>\n<p><strong>Personat p\u00ebrgjegj\u00ebs t\u00eb projektit nga<\/strong> <strong>shtetet an\u00ebtare t\u00eb BE-s\u00eb:<\/strong> <\/p>\n<p>Igor Vulje, udh\u00ebheq\u00ebs i projektit<\/p>\n<p>Lucas Gunderman, drejtuesi i dyt\u00eb i projektit<\/p>\n<p>Sanja Silay Zeman, k\u00ebshilltare e p\u00ebrhershme e projektit<\/p>\n<p><strong>Personat p\u00ebrgjegj\u00ebs nga AZLP: <\/strong><\/p>\n<p>Imer Aliu, udh\u00ebheq\u00ebs i projektit nga institucioni p\u00ebrfitues<\/p>\n<p>Slobodanka Slavkovska, k\u00ebshilltare e p\u00ebrhershme e projektit nga institucioni p\u00ebrfitues.<\/p>\n<p><strong>P\u00ebrfitues i projektit:<\/strong> Agjencia p\u00ebr Mbrojtjen e t\u00eb Dh\u00ebnave Personale (AZLP)<\/p>\n<p><strong>Konsorciumi q\u00eb zbaton projektin:<\/strong><\/p>\n<p>Agjencia p\u00ebr Mbrojtjen e t\u00eb Dh\u00ebnave Personale (AZOP) nga Republika e Kroacis\u00eb<\/p>\n<p>Fondacioni Gjerman p\u00ebr Bashk\u00ebpunim Ligjor Nd\u00ebrkomb\u00ebtar (IRZ) nga Republika Federale e Gjermanis\u00eb.<\/p>\n<\/div><\/div><style type=\"text\/css\">.fusion-body .fusion-builder-column-0{width:100% !important;margin-top : 0px;margin-bottom : 20px;}.fusion-builder-column-0 > .fusion-column-wrapper {padding-top : 0px !important;padding-right : 0px !important;margin-right : 1.92%;padding-bottom : 0px !important;padding-left : 0px !important;margin-left : 1.92%;}@media only screen and (max-width:1024px) {.fusion-body .fusion-builder-column-0{width:100% !important;order : 0;}.fusion-builder-column-0 > .fusion-column-wrapper {margin-right : 1.92%;margin-left : 1.92%;}}@media only screen and (max-width:640px) {.fusion-body .fusion-builder-column-0{width:100% !important;order : 0;}.fusion-builder-column-0 > .fusion-column-wrapper {margin-right : 1.92%;margin-left : 1.92%;}}<\/style><\/div><\/div><style type=\"text\/css\">.fusion-body .fusion-flex-container.fusion-builder-row-1{ padding-top : 0px;margin-top : 0px;padding-right : 0px;padding-bottom : 0px;margin-bottom : 0px;padding-left : 0px;}<\/style><\/div>\n","protected":false},"excerpt":{"rendered":"","protected":false},"author":1,"featured_media":0,"parent":0,"menu_order":0,"comment_status":"closed","ping_status":"closed","template":"","meta":{"footnotes":""},"yoast_head":"<!-- This site is optimized with the Yoast SEO plugin v19.9 - https:\/\/yoast.com\/wordpress\/plugins\/seo\/ -->\n<title>Binjak\u00ebzimi i BE-s\u00eb - \u0410\u0433\u0435\u043d\u0446\u0438\u0458\u0430 \u0437\u0430 \u0437\u0430\u0448\u0442\u0438\u0442\u0430 \u043d\u0430 \u043b\u0438\u0447\u043d\u0438\u0442\u0435 \u043f\u043e\u0434\u0430\u0442\u043e\u0446\u0438<\/title>\n<meta name=\"robots\" content=\"index, follow, max-snippet:-1, max-image-preview:large, max-video-preview:-1\" \/>\n<link rel=\"canonical\" href=\"https:\/\/azlp.mk\/sq\/binjakezimi-i-be-se\/\" \/>\n<meta property=\"og:locale\" content=\"sq_AL\" \/>\n<meta property=\"og:type\" content=\"article\" \/>\n<meta property=\"og:title\" content=\"Binjak\u00ebzimi i BE-s\u00eb - \u0410\u0433\u0435\u043d\u0446\u0438\u0458\u0430 \u0437\u0430 \u0437\u0430\u0448\u0442\u0438\u0442\u0430 \u043d\u0430 \u043b\u0438\u0447\u043d\u0438\u0442\u0435 \u043f\u043e\u0434\u0430\u0442\u043e\u0446\u0438\" \/>\n<meta property=\"og:url\" content=\"https:\/\/azlp.mk\/sq\/binjakezimi-i-be-se\/\" \/>\n<meta property=\"og:site_name\" content=\"\u0410\u0433\u0435\u043d\u0446\u0438\u0458\u0430 \u0437\u0430 \u0437\u0430\u0448\u0442\u0438\u0442\u0430 \u043d\u0430 \u043b\u0438\u0447\u043d\u0438\u0442\u0435 \u043f\u043e\u0434\u0430\u0442\u043e\u0446\u0438\" \/>\n<meta property=\"article:modified_time\" content=\"2022-12-05T12:57:12+00:00\" \/>\n<meta name=\"twitter:card\" content=\"summary_large_image\" \/>\n<meta name=\"twitter:label1\" content=\"Est. reading time\" \/>\n\t<meta name=\"twitter:data1\" content=\"6 minutes\" \/>\n<script type=\"application\/ld+json\" class=\"yoast-schema-graph\">{\"@context\":\"https:\/\/schema.org\",\"@graph\":[{\"@type\":\"WebPage\",\"@id\":\"https:\/\/azlp.mk\/sq\/binjakezimi-i-be-se\/\",\"url\":\"https:\/\/azlp.mk\/sq\/binjakezimi-i-be-se\/\",\"name\":\"Binjak\u00ebzimi i BE-s\u00eb - \u0410\u0433\u0435\u043d\u0446\u0438\u0458\u0430 \u0437\u0430 \u0437\u0430\u0448\u0442\u0438\u0442\u0430 \u043d\u0430 \u043b\u0438\u0447\u043d\u0438\u0442\u0435 \u043f\u043e\u0434\u0430\u0442\u043e\u0446\u0438\",\"isPartOf\":{\"@id\":\"https:\/\/azlp.mk\/#website\"},\"datePublished\":\"2022-11-02T17:49:32+00:00\",\"dateModified\":\"2022-12-05T12:57:12+00:00\",\"breadcrumb\":{\"@id\":\"https:\/\/azlp.mk\/sq\/binjakezimi-i-be-se\/#breadcrumb\"},\"inLanguage\":\"sq-AL\",\"potentialAction\":[{\"@type\":\"ReadAction\",\"target\":[\"https:\/\/azlp.mk\/sq\/binjakezimi-i-be-se\/\"]}]},{\"@type\":\"BreadcrumbList\",\"@id\":\"https:\/\/azlp.mk\/sq\/binjakezimi-i-be-se\/#breadcrumb\",\"itemListElement\":[{\"@type\":\"ListItem\",\"position\":1,\"name\":\"Ballina\",\"item\":\"https:\/\/azlp.mk\/sq\/\"},{\"@type\":\"ListItem\",\"position\":2,\"name\":\"Binjak\u00ebzimi i BE-s\u00eb\"}]},{\"@type\":\"WebSite\",\"@id\":\"https:\/\/azlp.mk\/#website\",\"url\":\"https:\/\/azlp.mk\/\",\"name\":\"\u0410\u0433\u0435\u043d\u0446\u0438\u0458\u0430 \u0437\u0430 \u0437\u0430\u0448\u0442\u0438\u0442\u0430 \u043d\u0430 \u043b\u0438\u0447\u043d\u0438\u0442\u0435 \u043f\u043e\u0434\u0430\u0442\u043e\u0446\u0438\",\"description\":\"\",\"potentialAction\":[{\"@type\":\"SearchAction\",\"target\":{\"@type\":\"EntryPoint\",\"urlTemplate\":\"https:\/\/azlp.mk\/?s={search_term_string}\"},\"query-input\":\"required name=search_term_string\"}],\"inLanguage\":\"sq-AL\"}]}<\/script>\n<!-- \/ Yoast SEO plugin. -->","yoast_head_json":{"title":"Binjak\u00ebzimi i BE-s\u00eb - \u0410\u0433\u0435\u043d\u0446\u0438\u0458\u0430 \u0437\u0430 \u0437\u0430\u0448\u0442\u0438\u0442\u0430 \u043d\u0430 \u043b\u0438\u0447\u043d\u0438\u0442\u0435 \u043f\u043e\u0434\u0430\u0442\u043e\u0446\u0438","robots":{"index":"index","follow":"follow","max-snippet":"max-snippet:-1","max-image-preview":"max-image-preview:large","max-video-preview":"max-video-preview:-1"},"canonical":"https:\/\/azlp.mk\/sq\/binjakezimi-i-be-se\/","og_locale":"sq_AL","og_type":"article","og_title":"Binjak\u00ebzimi i BE-s\u00eb - \u0410\u0433\u0435\u043d\u0446\u0438\u0458\u0430 \u0437\u0430 \u0437\u0430\u0448\u0442\u0438\u0442\u0430 \u043d\u0430 \u043b\u0438\u0447\u043d\u0438\u0442\u0435 \u043f\u043e\u0434\u0430\u0442\u043e\u0446\u0438","og_url":"https:\/\/azlp.mk\/sq\/binjakezimi-i-be-se\/","og_site_name":"\u0410\u0433\u0435\u043d\u0446\u0438\u0458\u0430 \u0437\u0430 \u0437\u0430\u0448\u0442\u0438\u0442\u0430 \u043d\u0430 \u043b\u0438\u0447\u043d\u0438\u0442\u0435 \u043f\u043e\u0434\u0430\u0442\u043e\u0446\u0438","article_modified_time":"2022-12-05T12:57:12+00:00","twitter_card":"summary_large_image","twitter_misc":{"Est. reading time":"6 minutes"},"schema":{"@context":"https:\/\/schema.org","@graph":[{"@type":"WebPage","@id":"https:\/\/azlp.mk\/sq\/binjakezimi-i-be-se\/","url":"https:\/\/azlp.mk\/sq\/binjakezimi-i-be-se\/","name":"Binjak\u00ebzimi i BE-s\u00eb - \u0410\u0433\u0435\u043d\u0446\u0438\u0458\u0430 \u0437\u0430 \u0437\u0430\u0448\u0442\u0438\u0442\u0430 \u043d\u0430 \u043b\u0438\u0447\u043d\u0438\u0442\u0435 \u043f\u043e\u0434\u0430\u0442\u043e\u0446\u0438","isPartOf":{"@id":"https:\/\/azlp.mk\/#website"},"datePublished":"2022-11-02T17:49:32+00:00","dateModified":"2022-12-05T12:57:12+00:00","breadcrumb":{"@id":"https:\/\/azlp.mk\/sq\/binjakezimi-i-be-se\/#breadcrumb"},"inLanguage":"sq-AL","potentialAction":[{"@type":"ReadAction","target":["https:\/\/azlp.mk\/sq\/binjakezimi-i-be-se\/"]}]},{"@type":"BreadcrumbList","@id":"https:\/\/azlp.mk\/sq\/binjakezimi-i-be-se\/#breadcrumb","itemListElement":[{"@type":"ListItem","position":1,"name":"Ballina","item":"https:\/\/azlp.mk\/sq\/"},{"@type":"ListItem","position":2,"name":"Binjak\u00ebzimi i BE-s\u00eb"}]},{"@type":"WebSite","@id":"https:\/\/azlp.mk\/#website","url":"https:\/\/azlp.mk\/","name":"\u0410\u0433\u0435\u043d\u0446\u0438\u0458\u0430 \u0437\u0430 \u0437\u0430\u0448\u0442\u0438\u0442\u0430 \u043d\u0430 \u043b\u0438\u0447\u043d\u0438\u0442\u0435 \u043f\u043e\u0434\u0430\u0442\u043e\u0446\u0438","description":"","potentialAction":[{"@type":"SearchAction","target":{"@type":"EntryPoint","urlTemplate":"https:\/\/azlp.mk\/?s={search_term_string}"},"query-input":"required name=search_term_string"}],"inLanguage":"sq-AL"}]}},"_links":{"self":[{"href":"https:\/\/azlp.mk\/sq\/wp-json\/wp\/v2\/pages\/9690"}],"collection":[{"href":"https:\/\/azlp.mk\/sq\/wp-json\/wp\/v2\/pages"}],"about":[{"href":"https:\/\/azlp.mk\/sq\/wp-json\/wp\/v2\/types\/page"}],"author":[{"embeddable":true,"href":"https:\/\/azlp.mk\/sq\/wp-json\/wp\/v2\/users\/1"}],"replies":[{"embeddable":true,"href":"https:\/\/azlp.mk\/sq\/wp-json\/wp\/v2\/comments?post=9690"}],"version-history":[{"count":9,"href":"https:\/\/azlp.mk\/sq\/wp-json\/wp\/v2\/pages\/9690\/revisions"}],"predecessor-version":[{"id":12510,"href":"https:\/\/azlp.mk\/sq\/wp-json\/wp\/v2\/pages\/9690\/revisions\/12510"}],"wp:attachment":[{"href":"https:\/\/azlp.mk\/sq\/wp-json\/wp\/v2\/media?parent=9690"}],"curies":[{"name":"wp","href":"https:\/\/api.w.org\/{rel}","templated":true}]}}