{"id":9661,"date":"2022-09-14T16:16:49","date_gmt":"2022-09-14T14:16:49","guid":{"rendered":"https:\/\/azlp.mk\/rastet-ne-te-cilat-pvzlp-eshte-i-detyrueshem\/"},"modified":"2022-12-15T14:45:57","modified_gmt":"2022-12-15T12:45:57","slug":"rastet-ne-te-cilat-pvzlp-eshte-i-detyrueshem","status":"publish","type":"page","link":"https:\/\/azlp.mk\/sq\/kontrolloret\/drejtimet\/vleresimi-i-ndikimit-ne-mbrojtjen-e-te-dhenave-personale-pdpa\/rastet-ne-te-cilat-pvzlp-eshte-i-detyrueshem\/","title":{"rendered":"Rastet n\u00eb t\u00eb cilat VNMDHP \u00ebsht\u00eb i detyruesh\u00ebm"},"content":{"rendered":"<div class=\"fusion-fullwidth fullwidth-box fusion-builder-row-1 fusion-flex-container has-pattern-background has-mask-background nonhundred-percent-fullwidth non-hundred-percent-height-scrolling\" style=\"background-color: #f2f2f2;background-position: center center;background-repeat: no-repeat;border-width: 0px 0px 0px 0px;border-color:#f2f2f2;border-style:solid;\" ><div class=\"fusion-builder-row fusion-row fusion-flex-align-items-flex-start\" style=\"max-width:1248px;margin-left: calc(-4% \/ 2 );margin-right: calc(-4% \/ 2 );\"><div class=\"fusion-layout-column fusion_builder_column fusion-builder-column-0 fusion_builder_column_1_1 1_1 fusion-flex-column\"><div class=\"fusion-column-wrapper fusion-flex-justify-content-flex-start fusion-content-layout-column\" style=\"background-position:left top;background-repeat:no-repeat;-webkit-background-size:cover;-moz-background-size:cover;-o-background-size:cover;background-size:cover;padding: 0px 0px 0px 0px;\"><div class=\"fusion-text fusion-text-1\"><p>P\u00ebr t\u00eb p\u00ebrcaktuar se cilat operacione p\u00ebrpunimi kan\u00eb t\u00eb ngjar\u00eb t\u00eb sjellin rrezik t\u00eb lart\u00eb dhe p\u00ebr t\u00eb cilin VNMDHP \u00ebsht\u00eb i detyruesh\u00ebm, kontrolluesi duhet t\u00eb marr\u00eb parasysh t\u00eb pakt\u00ebn nj\u00eb nga kriteret e m\u00ebposhtme:<\/p>\n<p><strong>1. Evoluimi ose rangimi, p\u00ebrfshir\u00eb profilizimin dhe parashikimin<\/strong>, ve\u00e7an\u00ebrisht n\u00eb baz\u00eb t\u00eb aspekteve q\u00eb lidhen me funksionimin e subjektit t\u00eb t\u00eb dh\u00ebnave personale, statusin ekonomik, sh\u00ebndetin, preferencat ose interesat personale, sigurin\u00eb ose sjelljen, vendndodhjen ose l\u00ebvizjet. Nj\u00eb shembull i k\u00ebtij kriteri \u00ebsht\u00eb institucioni financiar q\u00eb kontrollon klient\u00ebt e tij n\u00eb bazat referente t\u00eb t\u00eb dh\u00ebnave p\u00ebr aft\u00ebsite kredituese, n\u00eb bazat e t\u00eb dh\u00ebnave p\u00ebr pastrimin e parave dhe t\u00eb financimit t\u00eb terroriymit, ose n\u00eb baz\u00ebn e t\u00eb dh\u00ebnave per mashtrim; nj\u00eb kompani bioteknologjike q\u00eb ofron testime gjenetike p\u00ebr klient\u00ebt e saj p\u00ebr t\u00eb vler\u00ebsuar dhe parashikuar s\u00ebmundje ose rreziqe sh\u00ebndet\u00ebsore; ose nj\u00eb kompani q\u00eb gjeneron profile t\u00eb sjelljes ose nj\u00eb profil marketing bazuar n\u00eb p\u00ebrdorimin ose pamjet e faqes s\u00eb saj t\u00eb internetit.<\/p>\n<p><strong>2. Marrja e vendimeve automatike me efekt juridik ose t\u00eb ngjash\u00ebm me p\u00ebrmbajtjen<\/strong>, gjegj\u00ebsisht p\u00ebrpunimi drejtuar kah marrja e vendimeve p\u00ebr subjektet e t\u00eb dh\u00ebnave personale q\u00eb prodhojn\u00eb pasoja juridike p\u00ebr personin fizik ose n\u00eb nj\u00eb m\u00ebnyr\u00eb t\u00eb ngjashme ndikojn\u00eb ndjesh\u00ebm te personi fizik. P\u00ebr shembull, p\u00ebrpunimi mund t\u00eb rezultoj\u00eb me p\u00ebrjashtim ose diskriminim t\u00eb individ\u00ebve. P\u00ebrpunimi q\u00eb ka pak ose aspak ndikim tek individ\u00ebt nuk I p\u00ebrgjigjet k\u00ebtij kriteri.<\/p>\n<p><strong>3. Mbik\u00ebqyrja sistematike<\/strong>, gjegj\u00ebsisht p\u00ebrpunimi q\u00eb p\u00ebrdoret p\u00ebr ndjekje, mbik\u00ebqyrje ose kontrolle t\u00eb subjekteve t\u00eb t\u00eb dh\u00ebnave personale, p\u00ebrfshir\u00eb t\u00eb dh\u00ebnat e mbledhura p\u00ebrmes rrjeteve ose &#8220;mbik\u00ebqyrjen sistematike n\u00eb hap\u00ebsirat publike n\u00eb dispozicion&#8221;. Ky lloj monitorimi \u00ebsht\u00eb nj\u00eb nga kriteret sepse t\u00eb dh\u00ebnat personale mund t\u00eb mblidhen n\u00eb situata kur subjektet e t\u00eb dh\u00ebnave personale nuk jan\u00eb t\u00eb vet\u00ebdijsh\u00ebm se kush i mbledh t\u00eb dh\u00ebnat e tyre dhe p\u00ebr cilat q\u00ebllime do t\u00eb p\u00ebrdoren. P\u00ebrve\u00e7 k\u00ebsaj, individ\u00ebt mund t\u00eb mos jen\u00eb n\u00eb gjendje t\u00eb shmangin p\u00ebrpunimin e till\u00eb n\u00eb vendet publike (ose publikisht t\u00eb arritshme).<\/p>\n<p><strong>4. T\u00eb dh\u00ebna t\u00eb ndjeshme ose t\u00eb dh\u00ebna me natyr\u00eb shum\u00eb personale<\/strong>: kjo p\u00ebrfshin kategori t\u00eb ve\u00e7anta t\u00eb t\u00eb dh\u00ebnave personale t\u00eb p\u00ebrcaktuara n\u00eb\u00a0<u>nenin 4 paragrafi (1) pika 13 t\u00eb Ligjit p\u00ebr mbrojtjen e t\u00eb dh\u00ebnave personale<\/u>, si dhe t\u00eb dh\u00ebna personale q\u00eb lidhen me d\u00ebnimet penale dhe veprat penale. P\u00ebr shembull, nj\u00eb spital i p\u00ebrgjithsh\u00ebm q\u00eb ruan dokumentacion mjek\u00ebsor t\u00eb pacient\u00ebve ose nj\u00eb detektiv privat i cili ruan detaje t\u00eb autor\u00ebve.<\/p>\n<p>Disa kategori t\u00eb t\u00eb dh\u00ebnave mund t\u00eb konsiderohen se rrisin rrezikun e mundsh\u00ebm p\u00ebr t\u00eb drejtat dhe lirit\u00eb e individ\u00ebve. K\u00ebto t\u00eb dh\u00ebna personale konsiderohen t\u00eb ndjeshme sepse lidhen me aktivitete n\u00eb sht\u00ebpi dhe aktivitete private (p\u00ebr shembull, komunikimet elektronike, konfidencialiteti i t\u00eb cilave duhet t\u00eb mbrohet) ose sepse ato ndikojn\u00eb n\u00eb realizimin e t\u00eb drejt\u00ebs themelore (p\u00ebr shembull, t\u00eb dh\u00ebnat e vendndodhjes, mbledhja e t\u00eb cilave v\u00eb n\u00eb dyshim lirin\u00eb e l\u00ebvizjes) ose sepse shkelja e tyre ndikon seriozisht jet\u00ebn e p\u00ebrditshme t\u00eb subjekteve t\u00eb t\u00eb dh\u00ebnave personale (p\u00ebr shembull, t\u00eb dh\u00ebnat financiare q\u00eb mund t\u00eb shfryt\u00ebzohen p\u00ebr mashtrime gjat\u00eb operacioneve pagesore). N\u00eb k\u00ebt\u00eb drejtim, mund t\u00eb jet\u00eb e r\u00ebnd\u00ebsishme n\u00ebse k\u00ebto t\u00eb dh\u00ebna tashm\u00eb jan\u00eb b\u00ebr\u00eb n\u00eb publike nga subjekti i t\u00eb dh\u00ebnave ose nga nj\u00eb pal\u00eb e tret\u00eb. Fakti q\u00eb t\u00eb dh\u00ebnat personale jan\u00eb n\u00eb dispozicion t\u00eb publikut, mund t\u00eb konsiderohet nj\u00eb faktor p\u00ebr vler\u00ebsim n\u00ebse n\u00eb vazhddim\u00ebsi do t\u00eb p\u00ebrdoren ato t\u00eb dh\u00ebna p\u00ebr q\u00ebllime specifike. Ky kriter mund t\u00eb p\u00ebrfshij\u00eb t\u00eb dh\u00ebna t\u00eb tilla si dokumente personale, post\u00eb elektronike, ditar\u00eb, sh\u00ebnime nga lexuesit elektronik\u00eb n\u00eb t\u00eb cilat mund t\u00eb futen sh\u00ebnime dhe shum\u00eb informacione personale t\u00eb p\u00ebrfshira n\u00eb aplikacione p\u00ebr aktivitete t\u00eb p\u00ebrditshme.<\/p>\n<p><strong>5. P\u00ebrpunim i gjer\u00eb i t\u00eb dh\u00ebnave<\/strong>. N\u00eb p\u00ebrcaktimin n\u00ebse p\u00ebrpunimi \u00ebsht\u00eb i gjer\u00eb sipas rrethanave t\u00eb secilit rast t\u00eb ve\u00e7ant\u00eb, merren parasysh faktor\u00ebt e m\u00ebposht\u00ebm:<\/p>\n<ul>\n<li>numri i subjekteve t\u00eb t\u00eb dh\u00ebnave personale n\u00eb fjal\u00eb, pavar\u00ebsisht n\u00ebse \u00ebsht\u00eb nj\u00eb num\u00ebr p\u00ebrkat\u00ebs ose p\u00ebrqindje specifike e popullat\u00ebs;<\/li>\n<li>v\u00ebllimi i t\u00eb dh\u00ebnave dhe \/ ose fush\u00ebveprimi i llojeve t\u00eb ndryshme t\u00eb t\u00eb dh\u00ebnave q\u00eb p\u00ebrpunohen;<\/li>\n<li>koh\u00ebzgjatja ose vazhdim\u00ebsia e operacioneve p\u00ebr p\u00ebrpunimin e t\u00eb dh\u00ebnave personale;<\/li>\n<li>shtrirjen gjeografike t\u00eb aktiviteteve t\u00eb p\u00ebrpunimit t\u00eb t\u00eb dh\u00ebnave personale.<\/li>\n<\/ul>\n<p><strong>6. Nj\u00eb grup i t\u00eb dh\u00ebnave personale q\u00eb p\u00ebrputhen ose nd\u00ebrthurin (kombinohen)<\/strong>, p\u00ebr shembull, ato me origjin\u00eb nga dy ose m\u00eb shum\u00eb operacione t\u00eb p\u00ebrpunimit t\u00eb t\u00eb dh\u00ebnave personale t\u00eb kryera p\u00ebr q\u00ebllime t\u00eb ndryshme dhe \/ ose nga kontrollues t\u00eb ndrysh\u00ebm n\u00eb nj\u00eb m\u00ebnyr\u00eb q\u00eb tejkalon pritjet e arsyeshme t\u00eb subjektit t\u00eb t\u00eb dh\u00ebnave personale;<\/p>\n<p><strong>7. T\u00eb dh\u00ebna n\u00eb lidhje me subjektet e cenueshme t\u00eb t\u00eb dh\u00ebnave personale:<\/strong>\u00a0p\u00ebrpunimi i k\u00ebtij lloji t\u00eb t\u00eb dh\u00ebnave \u00ebsht\u00eb nj\u00eb kriter p\u00ebr shkak t\u00eb rritjes s\u00eb \u00e7ekuilibrit t\u00eb fuqis\u00eb midis subjekteve t\u00eb t\u00eb dh\u00ebnave personale dhe kontrolluesve, me an\u00eb t\u00eb t\u00eb cilave individ\u00ebt nuk mund thjesht t\u00eb pajtohen ose t\u00eb kund\u00ebrshtojn\u00eb p\u00ebrpunimin e t\u00eb dh\u00ebnave t\u00eb tyre ose p\u00ebr t\u00eb realizuar t\u00eb drejtat e tyre. Subjektet e cenueshme t\u00eb t\u00eb dh\u00ebnave personale jan\u00eb f\u00ebmij\u00eb (konsiderohet se ata nuk mund t\u00eb pajtohen me vet\u00ebdije dhe me q\u00ebllim ose t\u00eb kund\u00ebrshtojn\u00eb p\u00ebrpunimin e t\u00eb dh\u00ebnave t\u00eb tyre personale), punonj\u00ebs, grupe m\u00eb t\u00eb cenueshme q\u00eb kan\u00eb nevoj\u00eb p\u00ebr mbrojtje t\u00eb ve\u00e7ant\u00eb (persona me aft\u00ebsi t\u00eb kufizuara mendore, aplikant\u00eb p\u00ebr azil ose t\u00eb moshuarit, pacient\u00ebt, etj), si dhe raste t\u00eb tjera kur ekziston nj\u00eb \u00e7ekuilib\u00ebr n\u00eb pozicionin e subjektit t\u00eb t\u00eb dh\u00ebnave personale dhe kontrolluesit.<\/p>\n<p>8.\u00a0<strong>P\u00ebrdorimi inovativ ose aplikimi i zgjidhjeve t\u00eb reja teknologjike ose organizative<\/strong>, si\u00e7 \u00ebsht\u00eb kombinimi i p\u00ebrdorimit t\u00eb gjurm\u00ebve t\u00eb gisht\u00ebrinjve dhe njohjes s\u00eb fytyr\u00ebs p\u00ebr t\u00eb p\u00ebrmir\u00ebsuar kontrollin e qasjes fizike, etj. P\u00ebrdorimi i teknologjis\u00eb s\u00eb re, t\u00eb p\u00ebrcaktuar n\u00eb p\u00ebrputhje me nivelin e arritur t\u00eb njohurive teknologjike, mund t\u00eb \u00e7oj\u00eb n\u00eb nevoj\u00ebn p\u00ebr zbatimin e VNMDHP -s\u00eb. Kjo p\u00ebr shkak se p\u00ebrdorimi i nj\u00eb teknologjie t\u00eb till\u00eb mund t\u00eb p\u00ebrfshij\u00eb forma inovative t\u00eb mbledhjes dhe p\u00ebrdorimit t\u00eb t\u00eb dh\u00ebnave me nj\u00eb rrezik potencialisht t\u00eb lart\u00eb p\u00ebr t\u00eb drejtat dhe lirit\u00eb e individ\u00ebve. Pasojat personale dhe sociale t\u00eb aplikimit t\u00eb teknologjis\u00eb s\u00eb re jan\u00eb ende t\u00eb panjohura. VNMDHP ndihmon kontrolluesin n\u00eb kuptimin dhe menaxhimin e rreziqeve t\u00eb tilla. P\u00ebr shembull, aplikacione t\u00eb caktuara \u201eInternet i Gj\u00ebrave\u201d (<em>Internet of Things-<\/em><em>\u00a0IoT<\/em>) mund t\u00eb ndikojn\u00eb ndjesh\u00ebm n\u00eb jet\u00ebn e p\u00ebrditshme dhe privat\u00ebesin e individ\u00ebve; prandaj, VNMDHP duhet t\u00eb zbatohet.<\/p>\n<p>9.\u00a0<strong>Situatat kur p\u00ebrpunimi mund t\u00eb parandaloj\u00eb q\u00eb subjektet e t\u00eb dh\u00ebnave personale t\u00eb ushtrojn\u00eb t\u00eb drejta t\u00eb caktuara ose t\u00eb p\u00ebrdorin nj\u00eb sh\u00ebrbim ose kontrat\u00eb<\/strong>. Kjo p\u00ebrfshin procedurat e p\u00ebrpunimit q\u00eb duhet t\u00eb mund\u00ebsojn\u00eb, modifikojn\u00eb ose mohojn\u00eb qasjen n\u00eb t\u00eb dh\u00ebnat personale n\u00eb nj\u00eb sh\u00ebrbim ose kontrat\u00eb t\u00eb ve\u00e7ant\u00eb. P\u00ebr shembull, banka kontrollon klient\u00ebt n\u00eb baz\u00ebn e t\u00eb dh\u00ebnave p\u00ebr aft\u00ebsin kreditore kur vendos p\u00ebr kredi.<\/p>\n<p>Shembuj se si duhet t\u00eb p\u00ebrdoren kriteret p\u00ebr t\u00eb vler\u00ebsuar n\u00ebse p\u00ebr nj\u00eb operacion t\u00eb ve\u00e7ant\u00eb p\u00ebrpunimi duhet t\u00eb kryhet VNMDHP:<\/p>\n<table border=\"\" width=\"\" cellspacing=\"0\" cellpadding=\"0\">\n<tbody>\n<tr>\n<td><strong>Shembuj t\u00eb p\u00ebrpunimit<\/strong><\/td>\n<td><strong>Kriteret e mundshme p\u00ebrkat\u00ebse<\/strong><\/td>\n<td><strong>A \u00ebsht\u00eb e nevojshme t\u00eb kryhet nj\u00eb VNMDHP?<\/strong><\/td>\n<\/tr>\n<tr>\n<td>Spitali q\u00eb p\u00ebrpunon t\u00eb dh\u00ebna gjenetike dhe sh\u00ebndet\u00ebsore t\u00eb pacient\u00ebve t\u00eb tij (sistemi i informacionit spitalor).<\/td>\n<td><u>t\u00eb dh\u00ebna personale t\u00eb ndjeshme apo t\u00eb dh\u00ebna t\u00eb nj\u00eb natyre shum\u00eb personale.<\/u><\/p>\n<p>T\u00eb dh\u00ebna q\u00eb lidhen me subjektet e cenueshme t\u00eb t\u00eb dh\u00ebnave personale.<\/p>\n<p>T\u00eb dh\u00ebna personale t\u00eb gjera.<\/td>\n<td>Po<\/td>\n<\/tr>\n<tr>\n<td>P\u00ebrdorimi i sistemit t\u00eb video mbikqyrjes p\u00ebr t\u00eb monitoruar sjelljen e drejtuesve n\u00eb autostrada. Kontrolluesi synon t\u00eb p\u00ebrdor\u00eb nj\u00eb sistem inteligjent t\u00eb analiz\u00ebs s\u00eb videove p\u00ebr ndarjen e makinave dhe njohjen automatike t\u00eb targave.<\/td>\n<td>Monitorimi sistematik.<\/p>\n<p>P\u00ebrdorimi inovativ ose aplikimi i zgjidhjeve teknologjike ose organizative.<\/td>\n<td>Po<\/td>\n<\/tr>\n<tr>\n<td>Nj\u00eb kompani q\u00eb monitoron sistematikisht veprimtarin\u00eb e punonj\u00ebsve t\u00eb saj, p\u00ebrfshir\u00eb monitorimin e vendeve t\u00eb pun\u00ebs t\u00eb punonj\u00ebsve, aktivitetet n\u00eb internet, etj.<\/td>\n<td>Monitorimi sistematik.<\/p>\n<p>T\u00eb dh\u00ebna n\u00eb lidhje me subjektet e cenueshme t\u00eb t\u00eb dh\u00ebnave personale.<\/td>\n<td>Po<\/td>\n<\/tr>\n<tr>\n<td>Mbledhja e t\u00eb dh\u00ebnave personale nga media sociale publike p\u00ebr t\u00eb krijuar profile.<\/td>\n<td>Evoluimi ose rangimi.<\/p>\n<p>T\u00eb dh\u00ebna personale t\u00eb gjera.<\/p>\n<p>Nj\u00eb grup i t\u00eb dh\u00ebnave personale q\u00eb p\u00ebrputhen ose kombinohen.<\/p>\n<p><u>T\u00eb dh\u00ebna personale t\u00eb ndjeshme ose t\u00eb dh\u00ebna t\u00eb nj\u00eb natyre shum\u00eb personale.<\/u><\/td>\n<td>Po<\/td>\n<\/tr>\n<tr>\n<td>Nj\u00eb institucion q\u00eb krijon nj\u00eb baz\u00eb t\u00eb dh\u00ebnash personale p\u00ebr vler\u00ebsimin e kredive ose mashtrimet n\u00eb nivel komb\u00ebtar.<\/td>\n<td>Evoluimi ose rangimi.<\/p>\n<p>sjellje automatike e vendimeve me efekt juridik ose veprim thelb\u00ebsor t\u00eb ngjash\u00ebm<\/p>\n<p>Parandalon subjektet e t\u00eb dh\u00ebnave personale nga ushtrimi i t\u00eb drejtave t\u00eb caktuara ose shfryt\u00ebzimi i ndonj\u00eb sh\u00ebrbimi ose kontrate.<\/p>\n<p><u>T\u00eb dh\u00ebna personale t\u00eb ndjeshme ose t\u00eb dh\u00ebna t\u00eb nj\u00eb natyre shum\u00eb personale.<\/u><\/td>\n<td>Po<\/td>\n<\/tr>\n<tr>\n<td>Mbledhja dhe ruajtja e t\u00eb dh\u00ebnave personale t\u00eb ndjeshme t\u00eb pseudonimizuara p\u00ebr q\u00ebllime arkivimi n\u00eb lidhje me subjektet e cenueshme t\u00eb t\u00eb dh\u00ebnave personale p\u00ebr projektet k\u00ebrkimore ose provat klinike.<\/td>\n<td>T\u00eb dh\u00ebna personale t\u00eb ndjeshme.<\/p>\n<p>T\u00eb dh\u00ebna n\u00eb lidhje me subjektet e cenueshme t\u00eb t\u00eb dh\u00ebnave personale.<\/p>\n<p>Parandalon subjektet e t\u00eb dh\u00ebnave personale nga ushtrimi<u>\u00a0i\u00a0<\/u>t\u00eb drejtave t\u00eb caktuara ose shfryt\u00ebzimi i ndonj\u00eb sh\u00ebrbimi ose kontrate.<\/td>\n<td>Jo<\/td>\n<\/tr>\n<tr>\n<td>P\u00ebrpunimi i t\u00eb dh\u00ebnave personale t\u00eb pacient\u00ebve ose klient\u00ebve t\u00eb mjek\u00ebve t\u00eb familjes, pun\u00ebtor\u00eb t\u00eb tjer\u00eb sh\u00ebndetsor\u00eb ose avokat<\/td>\n<td>T\u00eb dh\u00ebna personale t\u00eb ndjeshme ose t\u00eb dh\u00ebna t\u00eb nj\u00eb natyre shum\u00eb personale.<\/p>\n<p>T\u00eb dh\u00ebna n\u00eb lidhje me subjektet e cenueshme t\u00eb t\u00eb dh\u00ebnave personale.<\/td>\n<td>Jo<\/td>\n<\/tr>\n<tr>\n<td>Revist\u00eb n\u00eb internet q\u00eb p\u00ebrdor nj\u00eb list\u00eb postare p\u00ebr t\u00eb d\u00ebrguar lajmeditore p\u00ebr parapaguesit e saj.<\/td>\n<td>T\u00eb dh\u00ebna personale t\u00eb gj\u00ebra.<\/td>\n<td>Jo<\/td>\n<\/tr>\n<tr>\n<td>Web faqe p\u00ebr tregti elektronike q\u00eb tregon reklama p\u00ebr pjes\u00ebt e koh\u00ebmat\u00ebsve t\u00eb vjetra, i cili p\u00ebrfshin pjes\u00ebrisht profilizim bazuar n\u00eb shikueshm\u00ebri ose porosi nga faqja e internetit e tyre.<\/td>\n<td>Evoluimi ose rangimi.<\/td>\n<td>Jo<\/td>\n<\/tr>\n<\/tbody>\n<\/table>\n<p>Lista e llojeve t\u00eb operacioneve t\u00eb p\u00ebrpunimit p\u00ebr t\u00eb cilat k\u00ebrkohet nj\u00eb vler\u00ebsim i ndikimit n\u00eb mbrojtjen e t\u00eb dh\u00ebnave personale mund t\u00eb shkarkohet n\u00eb lidhjen vijuese.\u00a0<a href=\"https:\/\/dzlp.mk\/sites\/default\/files\/f5e96b1d7da548eba2f30797d555a3c8.pdf\">\u043b\u0438\u043d\u043a<\/a><br \/>\n.<\/p>\n<\/div><\/div><style type=\"text\/css\">.fusion-body .fusion-builder-column-0{width:100% !important;margin-top : 0px;margin-bottom : 20px;}.fusion-builder-column-0 > .fusion-column-wrapper {padding-top : 0px !important;padding-right : 0px !important;margin-right : 1.92%;padding-bottom : 0px !important;padding-left : 0px !important;margin-left : 1.92%;}@media only screen and (max-width:1024px) {.fusion-body .fusion-builder-column-0{width:100% !important;order : 0;}.fusion-builder-column-0 > .fusion-column-wrapper {margin-right : 1.92%;margin-left : 1.92%;}}@media only screen and (max-width:640px) {.fusion-body .fusion-builder-column-0{width:100% !important;order : 0;}.fusion-builder-column-0 > .fusion-column-wrapper {margin-right : 1.92%;margin-left : 1.92%;}}<\/style><\/div><\/div><style type=\"text\/css\">.fusion-body .fusion-flex-container.fusion-builder-row-1{ padding-top : 0px;margin-top : 0px;padding-right : 0px;padding-bottom : 0px;margin-bottom : 0px;padding-left : 0px;}<\/style><\/div>\n","protected":false},"excerpt":{"rendered":"","protected":false},"author":1,"featured_media":0,"parent":9634,"menu_order":0,"comment_status":"closed","ping_status":"closed","template":"","meta":{"footnotes":""},"yoast_head":"<!-- This site is optimized with the Yoast SEO plugin v19.9 - https:\/\/yoast.com\/wordpress\/plugins\/seo\/ -->\n<title>Rastet n\u00eb t\u00eb cilat VNMDHP \u00ebsht\u00eb i detyruesh\u00ebm - \u0410\u0433\u0435\u043d\u0446\u0438\u0458\u0430 \u0437\u0430 \u0437\u0430\u0448\u0442\u0438\u0442\u0430 \u043d\u0430 \u043b\u0438\u0447\u043d\u0438\u0442\u0435 \u043f\u043e\u0434\u0430\u0442\u043e\u0446\u0438<\/title>\n<meta name=\"robots\" content=\"index, follow, max-snippet:-1, max-image-preview:large, max-video-preview:-1\" \/>\n<link rel=\"canonical\" href=\"https:\/\/azlp.mk\/sq\/kontrolloret\/drejtimet\/vleresimi-i-ndikimit-ne-mbrojtjen-e-te-dhenave-personale-pdpa\/rastet-ne-te-cilat-pvzlp-eshte-i-detyrueshem\/\" \/>\n<meta property=\"og:locale\" content=\"sq_AL\" \/>\n<meta property=\"og:type\" content=\"article\" \/>\n<meta property=\"og:title\" content=\"Rastet n\u00eb t\u00eb cilat VNMDHP \u00ebsht\u00eb i detyruesh\u00ebm - \u0410\u0433\u0435\u043d\u0446\u0438\u0458\u0430 \u0437\u0430 \u0437\u0430\u0448\u0442\u0438\u0442\u0430 \u043d\u0430 \u043b\u0438\u0447\u043d\u0438\u0442\u0435 \u043f\u043e\u0434\u0430\u0442\u043e\u0446\u0438\" \/>\n<meta property=\"og:url\" content=\"https:\/\/azlp.mk\/sq\/kontrolloret\/drejtimet\/vleresimi-i-ndikimit-ne-mbrojtjen-e-te-dhenave-personale-pdpa\/rastet-ne-te-cilat-pvzlp-eshte-i-detyrueshem\/\" \/>\n<meta property=\"og:site_name\" content=\"\u0410\u0433\u0435\u043d\u0446\u0438\u0458\u0430 \u0437\u0430 \u0437\u0430\u0448\u0442\u0438\u0442\u0430 \u043d\u0430 \u043b\u0438\u0447\u043d\u0438\u0442\u0435 \u043f\u043e\u0434\u0430\u0442\u043e\u0446\u0438\" \/>\n<meta property=\"article:modified_time\" content=\"2022-12-15T12:45:57+00:00\" \/>\n<meta name=\"twitter:card\" content=\"summary_large_image\" \/>\n<meta name=\"twitter:label1\" content=\"Est. reading time\" \/>\n\t<meta name=\"twitter:data1\" content=\"4 minutes\" \/>\n<script type=\"application\/ld+json\" class=\"yoast-schema-graph\">{\"@context\":\"https:\/\/schema.org\",\"@graph\":[{\"@type\":\"WebPage\",\"@id\":\"https:\/\/azlp.mk\/sq\/kontrolloret\/drejtimet\/vleresimi-i-ndikimit-ne-mbrojtjen-e-te-dhenave-personale-pdpa\/rastet-ne-te-cilat-pvzlp-eshte-i-detyrueshem\/\",\"url\":\"https:\/\/azlp.mk\/sq\/kontrolloret\/drejtimet\/vleresimi-i-ndikimit-ne-mbrojtjen-e-te-dhenave-personale-pdpa\/rastet-ne-te-cilat-pvzlp-eshte-i-detyrueshem\/\",\"name\":\"Rastet n\u00eb t\u00eb cilat VNMDHP \u00ebsht\u00eb i detyruesh\u00ebm - \u0410\u0433\u0435\u043d\u0446\u0438\u0458\u0430 \u0437\u0430 \u0437\u0430\u0448\u0442\u0438\u0442\u0430 \u043d\u0430 \u043b\u0438\u0447\u043d\u0438\u0442\u0435 \u043f\u043e\u0434\u0430\u0442\u043e\u0446\u0438\",\"isPartOf\":{\"@id\":\"https:\/\/azlp.mk\/#website\"},\"datePublished\":\"2022-09-14T14:16:49+00:00\",\"dateModified\":\"2022-12-15T12:45:57+00:00\",\"breadcrumb\":{\"@id\":\"https:\/\/azlp.mk\/sq\/kontrolloret\/drejtimet\/vleresimi-i-ndikimit-ne-mbrojtjen-e-te-dhenave-personale-pdpa\/rastet-ne-te-cilat-pvzlp-eshte-i-detyrueshem\/#breadcrumb\"},\"inLanguage\":\"sq-AL\",\"potentialAction\":[{\"@type\":\"ReadAction\",\"target\":[\"https:\/\/azlp.mk\/sq\/kontrolloret\/drejtimet\/vleresimi-i-ndikimit-ne-mbrojtjen-e-te-dhenave-personale-pdpa\/rastet-ne-te-cilat-pvzlp-eshte-i-detyrueshem\/\"]}]},{\"@type\":\"BreadcrumbList\",\"@id\":\"https:\/\/azlp.mk\/sq\/kontrolloret\/drejtimet\/vleresimi-i-ndikimit-ne-mbrojtjen-e-te-dhenave-personale-pdpa\/rastet-ne-te-cilat-pvzlp-eshte-i-detyrueshem\/#breadcrumb\",\"itemListElement\":[{\"@type\":\"ListItem\",\"position\":1,\"name\":\"Ballina\",\"item\":\"https:\/\/azlp.mk\/sq\/\"},{\"@type\":\"ListItem\",\"position\":2,\"name\":\"Kontrolluesit\",\"item\":\"https:\/\/azlp.mk\/sq\/kontrolloret\/\"},{\"@type\":\"ListItem\",\"position\":3,\"name\":\"Udh\u00ebzime\",\"item\":\"https:\/\/azlp.mk\/sq\/kontrolloret\/drejtimet\/\"},{\"@type\":\"ListItem\",\"position\":4,\"name\":\"Vler\u00ebsimi i ndikimit mbi mbrojtjen e t\u00eb dh\u00ebnave personale (VNMDHP)\",\"item\":\"https:\/\/azlp.mk\/sq\/kontrolloret\/drejtimet\/vleresimi-i-ndikimit-ne-mbrojtjen-e-te-dhenave-personale-pdpa\/\"},{\"@type\":\"ListItem\",\"position\":5,\"name\":\"Rastet n\u00eb t\u00eb cilat VNMDHP \u00ebsht\u00eb i detyruesh\u00ebm\"}]},{\"@type\":\"WebSite\",\"@id\":\"https:\/\/azlp.mk\/#website\",\"url\":\"https:\/\/azlp.mk\/\",\"name\":\"\u0410\u0433\u0435\u043d\u0446\u0438\u0458\u0430 \u0437\u0430 \u0437\u0430\u0448\u0442\u0438\u0442\u0430 \u043d\u0430 \u043b\u0438\u0447\u043d\u0438\u0442\u0435 \u043f\u043e\u0434\u0430\u0442\u043e\u0446\u0438\",\"description\":\"\",\"potentialAction\":[{\"@type\":\"SearchAction\",\"target\":{\"@type\":\"EntryPoint\",\"urlTemplate\":\"https:\/\/azlp.mk\/?s={search_term_string}\"},\"query-input\":\"required name=search_term_string\"}],\"inLanguage\":\"sq-AL\"}]}<\/script>\n<!-- \/ Yoast SEO plugin. -->","yoast_head_json":{"title":"Rastet n\u00eb t\u00eb cilat VNMDHP \u00ebsht\u00eb i detyruesh\u00ebm - \u0410\u0433\u0435\u043d\u0446\u0438\u0458\u0430 \u0437\u0430 \u0437\u0430\u0448\u0442\u0438\u0442\u0430 \u043d\u0430 \u043b\u0438\u0447\u043d\u0438\u0442\u0435 \u043f\u043e\u0434\u0430\u0442\u043e\u0446\u0438","robots":{"index":"index","follow":"follow","max-snippet":"max-snippet:-1","max-image-preview":"max-image-preview:large","max-video-preview":"max-video-preview:-1"},"canonical":"https:\/\/azlp.mk\/sq\/kontrolloret\/drejtimet\/vleresimi-i-ndikimit-ne-mbrojtjen-e-te-dhenave-personale-pdpa\/rastet-ne-te-cilat-pvzlp-eshte-i-detyrueshem\/","og_locale":"sq_AL","og_type":"article","og_title":"Rastet n\u00eb t\u00eb cilat VNMDHP \u00ebsht\u00eb i detyruesh\u00ebm - \u0410\u0433\u0435\u043d\u0446\u0438\u0458\u0430 \u0437\u0430 \u0437\u0430\u0448\u0442\u0438\u0442\u0430 \u043d\u0430 \u043b\u0438\u0447\u043d\u0438\u0442\u0435 \u043f\u043e\u0434\u0430\u0442\u043e\u0446\u0438","og_url":"https:\/\/azlp.mk\/sq\/kontrolloret\/drejtimet\/vleresimi-i-ndikimit-ne-mbrojtjen-e-te-dhenave-personale-pdpa\/rastet-ne-te-cilat-pvzlp-eshte-i-detyrueshem\/","og_site_name":"\u0410\u0433\u0435\u043d\u0446\u0438\u0458\u0430 \u0437\u0430 \u0437\u0430\u0448\u0442\u0438\u0442\u0430 \u043d\u0430 \u043b\u0438\u0447\u043d\u0438\u0442\u0435 \u043f\u043e\u0434\u0430\u0442\u043e\u0446\u0438","article_modified_time":"2022-12-15T12:45:57+00:00","twitter_card":"summary_large_image","twitter_misc":{"Est. reading time":"4 minutes"},"schema":{"@context":"https:\/\/schema.org","@graph":[{"@type":"WebPage","@id":"https:\/\/azlp.mk\/sq\/kontrolloret\/drejtimet\/vleresimi-i-ndikimit-ne-mbrojtjen-e-te-dhenave-personale-pdpa\/rastet-ne-te-cilat-pvzlp-eshte-i-detyrueshem\/","url":"https:\/\/azlp.mk\/sq\/kontrolloret\/drejtimet\/vleresimi-i-ndikimit-ne-mbrojtjen-e-te-dhenave-personale-pdpa\/rastet-ne-te-cilat-pvzlp-eshte-i-detyrueshem\/","name":"Rastet n\u00eb t\u00eb cilat VNMDHP \u00ebsht\u00eb i detyruesh\u00ebm - \u0410\u0433\u0435\u043d\u0446\u0438\u0458\u0430 \u0437\u0430 \u0437\u0430\u0448\u0442\u0438\u0442\u0430 \u043d\u0430 \u043b\u0438\u0447\u043d\u0438\u0442\u0435 \u043f\u043e\u0434\u0430\u0442\u043e\u0446\u0438","isPartOf":{"@id":"https:\/\/azlp.mk\/#website"},"datePublished":"2022-09-14T14:16:49+00:00","dateModified":"2022-12-15T12:45:57+00:00","breadcrumb":{"@id":"https:\/\/azlp.mk\/sq\/kontrolloret\/drejtimet\/vleresimi-i-ndikimit-ne-mbrojtjen-e-te-dhenave-personale-pdpa\/rastet-ne-te-cilat-pvzlp-eshte-i-detyrueshem\/#breadcrumb"},"inLanguage":"sq-AL","potentialAction":[{"@type":"ReadAction","target":["https:\/\/azlp.mk\/sq\/kontrolloret\/drejtimet\/vleresimi-i-ndikimit-ne-mbrojtjen-e-te-dhenave-personale-pdpa\/rastet-ne-te-cilat-pvzlp-eshte-i-detyrueshem\/"]}]},{"@type":"BreadcrumbList","@id":"https:\/\/azlp.mk\/sq\/kontrolloret\/drejtimet\/vleresimi-i-ndikimit-ne-mbrojtjen-e-te-dhenave-personale-pdpa\/rastet-ne-te-cilat-pvzlp-eshte-i-detyrueshem\/#breadcrumb","itemListElement":[{"@type":"ListItem","position":1,"name":"Ballina","item":"https:\/\/azlp.mk\/sq\/"},{"@type":"ListItem","position":2,"name":"Kontrolluesit","item":"https:\/\/azlp.mk\/sq\/kontrolloret\/"},{"@type":"ListItem","position":3,"name":"Udh\u00ebzime","item":"https:\/\/azlp.mk\/sq\/kontrolloret\/drejtimet\/"},{"@type":"ListItem","position":4,"name":"Vler\u00ebsimi i ndikimit mbi mbrojtjen e t\u00eb dh\u00ebnave personale (VNMDHP)","item":"https:\/\/azlp.mk\/sq\/kontrolloret\/drejtimet\/vleresimi-i-ndikimit-ne-mbrojtjen-e-te-dhenave-personale-pdpa\/"},{"@type":"ListItem","position":5,"name":"Rastet n\u00eb t\u00eb cilat VNMDHP \u00ebsht\u00eb i detyruesh\u00ebm"}]},{"@type":"WebSite","@id":"https:\/\/azlp.mk\/#website","url":"https:\/\/azlp.mk\/","name":"\u0410\u0433\u0435\u043d\u0446\u0438\u0458\u0430 \u0437\u0430 \u0437\u0430\u0448\u0442\u0438\u0442\u0430 \u043d\u0430 \u043b\u0438\u0447\u043d\u0438\u0442\u0435 \u043f\u043e\u0434\u0430\u0442\u043e\u0446\u0438","description":"","potentialAction":[{"@type":"SearchAction","target":{"@type":"EntryPoint","urlTemplate":"https:\/\/azlp.mk\/?s={search_term_string}"},"query-input":"required name=search_term_string"}],"inLanguage":"sq-AL"}]}},"_links":{"self":[{"href":"https:\/\/azlp.mk\/sq\/wp-json\/wp\/v2\/pages\/9661"}],"collection":[{"href":"https:\/\/azlp.mk\/sq\/wp-json\/wp\/v2\/pages"}],"about":[{"href":"https:\/\/azlp.mk\/sq\/wp-json\/wp\/v2\/types\/page"}],"author":[{"embeddable":true,"href":"https:\/\/azlp.mk\/sq\/wp-json\/wp\/v2\/users\/1"}],"replies":[{"embeddable":true,"href":"https:\/\/azlp.mk\/sq\/wp-json\/wp\/v2\/comments?post=9661"}],"version-history":[{"count":5,"href":"https:\/\/azlp.mk\/sq\/wp-json\/wp\/v2\/pages\/9661\/revisions"}],"predecessor-version":[{"id":12871,"href":"https:\/\/azlp.mk\/sq\/wp-json\/wp\/v2\/pages\/9661\/revisions\/12871"}],"up":[{"embeddable":true,"href":"https:\/\/azlp.mk\/sq\/wp-json\/wp\/v2\/pages\/9634"}],"wp:attachment":[{"href":"https:\/\/azlp.mk\/sq\/wp-json\/wp\/v2\/media?parent=9661"}],"curies":[{"name":"wp","href":"https:\/\/api.w.org\/{rel}","templated":true}]}}