{"id":9646,"date":"2022-09-14T15:53:32","date_gmt":"2022-09-14T13:53:32","guid":{"rendered":"https:\/\/azlp.mk\/rolet-dhe-pergjegjesite\/"},"modified":"2022-12-15T14:56:44","modified_gmt":"2022-12-15T12:56:44","slug":"rolet-dhe-pergjegjesite","status":"publish","type":"page","link":"https:\/\/azlp.mk\/sq\/kontrolloret\/drejtimet\/vleresimi-i-ndikimit-ne-mbrojtjen-e-te-dhenave-personale-pdpa\/rolet-dhe-pergjegjesite\/","title":{"rendered":"Rolet dhe p\u00ebrgjegj\u00ebsit\u00eb"},"content":{"rendered":"<div class=\"fusion-fullwidth fullwidth-box fusion-builder-row-1 fusion-flex-container has-pattern-background has-mask-background nonhundred-percent-fullwidth non-hundred-percent-height-scrolling\" style=\"background-color: #f2f2f2;background-position: center center;background-repeat: no-repeat;border-width: 0px 0px 0px 0px;border-color:#f2f2f2;border-style:solid;\" ><div class=\"fusion-builder-row fusion-row fusion-flex-align-items-flex-start\" style=\"max-width:1248px;margin-left: calc(-4% \/ 2 );margin-right: calc(-4% \/ 2 );\"><div class=\"fusion-layout-column fusion_builder_column fusion-builder-column-0 fusion_builder_column_1_1 1_1 fusion-flex-column\"><div class=\"fusion-column-wrapper fusion-flex-justify-content-flex-start fusion-content-layout-column\" style=\"background-position:left top;background-repeat:no-repeat;-webkit-background-size:cover;-moz-background-size:cover;-o-background-size:cover;background-size:cover;padding: 0px 0px 0px 0px;\"><div class=\"fusion-text fusion-text-1\"><p>Kontrolluesi \u00ebsht\u00eb ekskluzivisht p\u00ebrgjegj\u00ebs p\u00ebr zbatimin e VNMDHP, duke em\u00ebruar personat p\u00ebrgjegj\u00ebs p\u00ebr kryerjen e VNMDHP-s\u00eb.<\/p>\n<p>Kontrolluesi duhet t\u00eb k\u00ebrkoj\u00eb k\u00ebshill\u00eb nga oficeri, atje ku specifikohet. Kontrolluesi dokumenton k\u00ebshillat dhe vendimet e oficerit brenda VNMDHP.<\/p>\n<p>Gjat\u00eb zbatimit t\u00eb VNMDHP duhet t\u00eb p\u00ebrfshihen nj\u00ebsi t\u00eb ndryshme organizative ose persona brenda kontrolluesit (p.sh. sh\u00ebrbimi juridik, sh\u00ebrbimi i IT, sh\u00ebrbimi i marketingut, sh\u00ebrbimi i siguris\u00eb, etj.)<\/p>\n<p>Kontrolluesi gjat\u00eb batimit t\u00eb VNMDHP mund t\u00eb angazhoj persona t\u00eb jasht\u00ebm ose t\u00eb k\u00ebrkoj\u00eb k\u00ebshilla ose mendim nga ekspert\u00eb t\u00eb pavarur (p.sh. avokat\u00eb, ekspert\u00eb t\u00eb IT, ekspert\u00eb t\u00eb siguris\u00eb, sociolog\u00eb, ekspert\u00eb t\u00eb etik\u00ebs, etj.), n\u00eb var\u00ebsi t\u00eb vendimeve te natyr\u00ebs teknologjike dhe organizative q\u00eb do t\u00eb aplikohen n\u00eb operacionet e p\u00ebrpunimit t\u00eb t\u00eb dh\u00ebnave personale.<\/p>\n<p>Kur p\u00ebrpunimi do t\u00eb kryhet plot\u00ebsisht ose pjes\u00ebrisht nga p\u00ebrpunuesi, at\u00ebher\u00eb p\u00ebrpunusi \u00ebsht\u00eb i detyruar t\u00eb ndihmoj\u00eb kontrolluesin n\u00eb zbatimin e VNMDHP, ku rolet, detyrimet dhe p\u00ebrgjegj\u00ebsit\u00eb e kontrolluesit dhe p\u00ebrpunuesit detyrimisht definohen me marr\u00ebveshje n\u00eb p\u00ebrputhje me rregulloret e mbrojtjes s\u00eb t\u00eb dh\u00ebnave personale.<\/p>\n<p><strong>Shembuj t\u00eb praktik\u00ebs s\u00eb mir\u00eb p\u00ebr angazhimin e personave dhe p\u00ebrfshirjen e nj\u00ebsive p\u00ebrkat\u00ebse organizative n\u00eb zbatimin e VNMDHP -s\u00eb<\/strong><\/p>\n<table border=\"\" width=\"\" cellspacing=\"0\" cellpadding=\"0\">\n<tbody>\n<tr>\n<td><strong>Praktik\u00eb e mir\u00eb<\/strong><\/td>\n<td>\n<ul>\n<li><\/li>\n<\/ul>\n<\/td>\n<\/tr>\n<tr>\n<td><strong>Shqyrtimi dhe p\u00ebrfshirja e nj\u00ebsive organizative p\u00ebrkat\u00ebse n\u00eb zbatimin e VNMDHP<\/strong><\/td>\n<td>\n<ul>\n<li><strong>zbatimi<\/strong><strong>n<\/strong>\u00a0<strong>e<\/strong><strong>\u00a0VNMDHP\u00a0<\/strong><strong>t\u00eb<\/strong><strong>\u00a0krij<\/strong><strong>ohet<\/strong><strong>\u00a0nj\u00eb klub besnik\u00ebrie, duhet t\u00eb\u00a0<\/strong><strong>jet i\u00a0<\/strong><strong>p\u00ebrfshi<\/strong><strong>r\u00eb<\/strong><strong>\u00a0departamenti i IT dhe \/ ose departamenti\u00a0<\/strong><strong>p\u00ebr<\/strong><strong>\u00a0siguri<\/strong><strong>n\u00eb<\/strong>\u00a0<strong>e<\/strong><strong>\u00a0sistemit t\u00eb informacionit.<\/strong><\/li>\n<\/ul>\n<\/td>\n<\/tr>\n<tr>\n<td>\n<ul>\n<li><strong>rje e<\/strong><strong>\u00a0ekspert\u00eb<\/strong><strong>ve<\/strong><strong>\u00a0t\u00eb duhur p\u00ebr t\u00eb marr\u00eb mendime\u00a0<\/strong><strong>profesionale<\/strong><strong>\u00a0(avokat\u00eb, ekspert\u00eb t\u00eb IT, ekspert\u00eb t\u00eb siguris\u00eb, etj.)<\/strong><\/li>\n<\/ul>\n<\/td>\n<td><strong>Para se t\u00eb\u00a0<\/strong><strong>zhvillohet<\/strong><strong>\u00a0aplik<\/strong><strong>acioni<\/strong><strong>\u00a0p\u00ebr ruajtje n\u00eb distanc\u00eb t\u00eb t\u00eb dh\u00ebnave sh\u00ebndet\u00ebsore, duhet t\u00eb k\u00ebshillohet nj\u00eb ekspert mjek\u00ebsor.<\/strong><\/td>\n<\/tr>\n<tr>\n<td><strong>P\u00ebrfshirja e oficerit n\u00eb zbatimin e VNMDHP<\/strong><\/td>\n<td>Oficeri mund t\u00eb:<\/p>\n<ul>\n<li>sugjeron kur\u00a0<strong>VNMDHP<\/strong>\u00a0duhet t\u00eb zbatohet,<\/li>\n<\/ul>\n<ul>\n<li>ndihmon n\u00eb p\u00ebrzgjedhjen dhe zbatimin e metodologjis\u00eb s\u00eb\u00a0<strong>VNMDHP<\/strong>,<\/li>\n<\/ul>\n<ul>\n<li>ndihmon n\u00eb vler\u00ebsimin e rrezikut,<\/li>\n<li>\u00a0ndihmon n\u00eb rritjen e nd\u00ebrgjegj\u00ebsimit t\u00eb pjes\u00ebmarr\u00ebsve n\u00eb\u00a0<strong>VNMDHP<\/strong>\u00a0p\u00ebr parimet, p\u00ebrkufizimet, rregullat dhe detyrimet q\u00eb lidhen me mbrojtjen e t\u00eb dh\u00ebnave personale.<\/li>\n<\/ul>\n<\/td>\n<\/tr>\n<\/tbody>\n<\/table>\n<\/div><\/div><style type=\"text\/css\">.fusion-body .fusion-builder-column-0{width:100% !important;margin-top : 0px;margin-bottom : 20px;}.fusion-builder-column-0 > .fusion-column-wrapper {padding-top : 0px !important;padding-right : 0px !important;margin-right : 1.92%;padding-bottom : 0px !important;padding-left : 0px !important;margin-left : 1.92%;}@media only screen and (max-width:1024px) {.fusion-body .fusion-builder-column-0{width:100% !important;order : 0;}.fusion-builder-column-0 > .fusion-column-wrapper {margin-right : 1.92%;margin-left : 1.92%;}}@media only screen and (max-width:640px) {.fusion-body .fusion-builder-column-0{width:100% !important;order : 0;}.fusion-builder-column-0 > .fusion-column-wrapper {margin-right : 1.92%;margin-left : 1.92%;}}<\/style><\/div><\/div><style type=\"text\/css\">.fusion-body .fusion-flex-container.fusion-builder-row-1{ padding-top : 0px;margin-top : 0px;padding-right : 0px;padding-bottom : 0px;margin-bottom : 0px;padding-left : 0px;}<\/style><\/div>\n","protected":false},"excerpt":{"rendered":"","protected":false},"author":1,"featured_media":0,"parent":9634,"menu_order":0,"comment_status":"closed","ping_status":"closed","template":"","meta":{"footnotes":""},"yoast_head":"<!-- This site is optimized with the Yoast SEO plugin v19.9 - https:\/\/yoast.com\/wordpress\/plugins\/seo\/ -->\n<title>Rolet dhe p\u00ebrgjegj\u00ebsit\u00eb - \u0410\u0433\u0435\u043d\u0446\u0438\u0458\u0430 \u0437\u0430 \u0437\u0430\u0448\u0442\u0438\u0442\u0430 \u043d\u0430 \u043b\u0438\u0447\u043d\u0438\u0442\u0435 \u043f\u043e\u0434\u0430\u0442\u043e\u0446\u0438<\/title>\n<meta name=\"robots\" content=\"index, follow, max-snippet:-1, max-image-preview:large, max-video-preview:-1\" \/>\n<link rel=\"canonical\" href=\"https:\/\/azlp.mk\/sq\/kontrolloret\/drejtimet\/vleresimi-i-ndikimit-ne-mbrojtjen-e-te-dhenave-personale-pdpa\/rolet-dhe-pergjegjesite\/\" \/>\n<meta property=\"og:locale\" content=\"sq_AL\" \/>\n<meta property=\"og:type\" content=\"article\" \/>\n<meta property=\"og:title\" content=\"Rolet dhe p\u00ebrgjegj\u00ebsit\u00eb - \u0410\u0433\u0435\u043d\u0446\u0438\u0458\u0430 \u0437\u0430 \u0437\u0430\u0448\u0442\u0438\u0442\u0430 \u043d\u0430 \u043b\u0438\u0447\u043d\u0438\u0442\u0435 \u043f\u043e\u0434\u0430\u0442\u043e\u0446\u0438\" \/>\n<meta property=\"og:url\" content=\"https:\/\/azlp.mk\/sq\/kontrolloret\/drejtimet\/vleresimi-i-ndikimit-ne-mbrojtjen-e-te-dhenave-personale-pdpa\/rolet-dhe-pergjegjesite\/\" \/>\n<meta property=\"og:site_name\" content=\"\u0410\u0433\u0435\u043d\u0446\u0438\u0458\u0430 \u0437\u0430 \u0437\u0430\u0448\u0442\u0438\u0442\u0430 \u043d\u0430 \u043b\u0438\u0447\u043d\u0438\u0442\u0435 \u043f\u043e\u0434\u0430\u0442\u043e\u0446\u0438\" \/>\n<meta property=\"article:modified_time\" content=\"2022-12-15T12:56:44+00:00\" \/>\n<meta name=\"twitter:card\" content=\"summary_large_image\" \/>\n<meta name=\"twitter:label1\" content=\"Est. reading time\" \/>\n\t<meta name=\"twitter:data1\" content=\"3 minutes\" \/>\n<script type=\"application\/ld+json\" class=\"yoast-schema-graph\">{\"@context\":\"https:\/\/schema.org\",\"@graph\":[{\"@type\":\"WebPage\",\"@id\":\"https:\/\/azlp.mk\/sq\/kontrolloret\/drejtimet\/vleresimi-i-ndikimit-ne-mbrojtjen-e-te-dhenave-personale-pdpa\/rolet-dhe-pergjegjesite\/\",\"url\":\"https:\/\/azlp.mk\/sq\/kontrolloret\/drejtimet\/vleresimi-i-ndikimit-ne-mbrojtjen-e-te-dhenave-personale-pdpa\/rolet-dhe-pergjegjesite\/\",\"name\":\"Rolet dhe p\u00ebrgjegj\u00ebsit\u00eb - \u0410\u0433\u0435\u043d\u0446\u0438\u0458\u0430 \u0437\u0430 \u0437\u0430\u0448\u0442\u0438\u0442\u0430 \u043d\u0430 \u043b\u0438\u0447\u043d\u0438\u0442\u0435 \u043f\u043e\u0434\u0430\u0442\u043e\u0446\u0438\",\"isPartOf\":{\"@id\":\"https:\/\/azlp.mk\/#website\"},\"datePublished\":\"2022-09-14T13:53:32+00:00\",\"dateModified\":\"2022-12-15T12:56:44+00:00\",\"breadcrumb\":{\"@id\":\"https:\/\/azlp.mk\/sq\/kontrolloret\/drejtimet\/vleresimi-i-ndikimit-ne-mbrojtjen-e-te-dhenave-personale-pdpa\/rolet-dhe-pergjegjesite\/#breadcrumb\"},\"inLanguage\":\"sq-AL\",\"potentialAction\":[{\"@type\":\"ReadAction\",\"target\":[\"https:\/\/azlp.mk\/sq\/kontrolloret\/drejtimet\/vleresimi-i-ndikimit-ne-mbrojtjen-e-te-dhenave-personale-pdpa\/rolet-dhe-pergjegjesite\/\"]}]},{\"@type\":\"BreadcrumbList\",\"@id\":\"https:\/\/azlp.mk\/sq\/kontrolloret\/drejtimet\/vleresimi-i-ndikimit-ne-mbrojtjen-e-te-dhenave-personale-pdpa\/rolet-dhe-pergjegjesite\/#breadcrumb\",\"itemListElement\":[{\"@type\":\"ListItem\",\"position\":1,\"name\":\"Ballina\",\"item\":\"https:\/\/azlp.mk\/sq\/\"},{\"@type\":\"ListItem\",\"position\":2,\"name\":\"Kontrolluesit\",\"item\":\"https:\/\/azlp.mk\/sq\/kontrolloret\/\"},{\"@type\":\"ListItem\",\"position\":3,\"name\":\"Udh\u00ebzime\",\"item\":\"https:\/\/azlp.mk\/sq\/kontrolloret\/drejtimet\/\"},{\"@type\":\"ListItem\",\"position\":4,\"name\":\"Vler\u00ebsimi i ndikimit mbi mbrojtjen e t\u00eb dh\u00ebnave personale (VNMDHP)\",\"item\":\"https:\/\/azlp.mk\/sq\/kontrolloret\/drejtimet\/vleresimi-i-ndikimit-ne-mbrojtjen-e-te-dhenave-personale-pdpa\/\"},{\"@type\":\"ListItem\",\"position\":5,\"name\":\"Rolet dhe p\u00ebrgjegj\u00ebsit\u00eb\"}]},{\"@type\":\"WebSite\",\"@id\":\"https:\/\/azlp.mk\/#website\",\"url\":\"https:\/\/azlp.mk\/\",\"name\":\"\u0410\u0433\u0435\u043d\u0446\u0438\u0458\u0430 \u0437\u0430 \u0437\u0430\u0448\u0442\u0438\u0442\u0430 \u043d\u0430 \u043b\u0438\u0447\u043d\u0438\u0442\u0435 \u043f\u043e\u0434\u0430\u0442\u043e\u0446\u0438\",\"description\":\"\",\"potentialAction\":[{\"@type\":\"SearchAction\",\"target\":{\"@type\":\"EntryPoint\",\"urlTemplate\":\"https:\/\/azlp.mk\/?s={search_term_string}\"},\"query-input\":\"required name=search_term_string\"}],\"inLanguage\":\"sq-AL\"}]}<\/script>\n<!-- \/ Yoast SEO plugin. -->","yoast_head_json":{"title":"Rolet dhe p\u00ebrgjegj\u00ebsit\u00eb - \u0410\u0433\u0435\u043d\u0446\u0438\u0458\u0430 \u0437\u0430 \u0437\u0430\u0448\u0442\u0438\u0442\u0430 \u043d\u0430 \u043b\u0438\u0447\u043d\u0438\u0442\u0435 \u043f\u043e\u0434\u0430\u0442\u043e\u0446\u0438","robots":{"index":"index","follow":"follow","max-snippet":"max-snippet:-1","max-image-preview":"max-image-preview:large","max-video-preview":"max-video-preview:-1"},"canonical":"https:\/\/azlp.mk\/sq\/kontrolloret\/drejtimet\/vleresimi-i-ndikimit-ne-mbrojtjen-e-te-dhenave-personale-pdpa\/rolet-dhe-pergjegjesite\/","og_locale":"sq_AL","og_type":"article","og_title":"Rolet dhe p\u00ebrgjegj\u00ebsit\u00eb - \u0410\u0433\u0435\u043d\u0446\u0438\u0458\u0430 \u0437\u0430 \u0437\u0430\u0448\u0442\u0438\u0442\u0430 \u043d\u0430 \u043b\u0438\u0447\u043d\u0438\u0442\u0435 \u043f\u043e\u0434\u0430\u0442\u043e\u0446\u0438","og_url":"https:\/\/azlp.mk\/sq\/kontrolloret\/drejtimet\/vleresimi-i-ndikimit-ne-mbrojtjen-e-te-dhenave-personale-pdpa\/rolet-dhe-pergjegjesite\/","og_site_name":"\u0410\u0433\u0435\u043d\u0446\u0438\u0458\u0430 \u0437\u0430 \u0437\u0430\u0448\u0442\u0438\u0442\u0430 \u043d\u0430 \u043b\u0438\u0447\u043d\u0438\u0442\u0435 \u043f\u043e\u0434\u0430\u0442\u043e\u0446\u0438","article_modified_time":"2022-12-15T12:56:44+00:00","twitter_card":"summary_large_image","twitter_misc":{"Est. reading time":"3 minutes"},"schema":{"@context":"https:\/\/schema.org","@graph":[{"@type":"WebPage","@id":"https:\/\/azlp.mk\/sq\/kontrolloret\/drejtimet\/vleresimi-i-ndikimit-ne-mbrojtjen-e-te-dhenave-personale-pdpa\/rolet-dhe-pergjegjesite\/","url":"https:\/\/azlp.mk\/sq\/kontrolloret\/drejtimet\/vleresimi-i-ndikimit-ne-mbrojtjen-e-te-dhenave-personale-pdpa\/rolet-dhe-pergjegjesite\/","name":"Rolet dhe p\u00ebrgjegj\u00ebsit\u00eb - \u0410\u0433\u0435\u043d\u0446\u0438\u0458\u0430 \u0437\u0430 \u0437\u0430\u0448\u0442\u0438\u0442\u0430 \u043d\u0430 \u043b\u0438\u0447\u043d\u0438\u0442\u0435 \u043f\u043e\u0434\u0430\u0442\u043e\u0446\u0438","isPartOf":{"@id":"https:\/\/azlp.mk\/#website"},"datePublished":"2022-09-14T13:53:32+00:00","dateModified":"2022-12-15T12:56:44+00:00","breadcrumb":{"@id":"https:\/\/azlp.mk\/sq\/kontrolloret\/drejtimet\/vleresimi-i-ndikimit-ne-mbrojtjen-e-te-dhenave-personale-pdpa\/rolet-dhe-pergjegjesite\/#breadcrumb"},"inLanguage":"sq-AL","potentialAction":[{"@type":"ReadAction","target":["https:\/\/azlp.mk\/sq\/kontrolloret\/drejtimet\/vleresimi-i-ndikimit-ne-mbrojtjen-e-te-dhenave-personale-pdpa\/rolet-dhe-pergjegjesite\/"]}]},{"@type":"BreadcrumbList","@id":"https:\/\/azlp.mk\/sq\/kontrolloret\/drejtimet\/vleresimi-i-ndikimit-ne-mbrojtjen-e-te-dhenave-personale-pdpa\/rolet-dhe-pergjegjesite\/#breadcrumb","itemListElement":[{"@type":"ListItem","position":1,"name":"Ballina","item":"https:\/\/azlp.mk\/sq\/"},{"@type":"ListItem","position":2,"name":"Kontrolluesit","item":"https:\/\/azlp.mk\/sq\/kontrolloret\/"},{"@type":"ListItem","position":3,"name":"Udh\u00ebzime","item":"https:\/\/azlp.mk\/sq\/kontrolloret\/drejtimet\/"},{"@type":"ListItem","position":4,"name":"Vler\u00ebsimi i ndikimit mbi mbrojtjen e t\u00eb dh\u00ebnave personale (VNMDHP)","item":"https:\/\/azlp.mk\/sq\/kontrolloret\/drejtimet\/vleresimi-i-ndikimit-ne-mbrojtjen-e-te-dhenave-personale-pdpa\/"},{"@type":"ListItem","position":5,"name":"Rolet dhe p\u00ebrgjegj\u00ebsit\u00eb"}]},{"@type":"WebSite","@id":"https:\/\/azlp.mk\/#website","url":"https:\/\/azlp.mk\/","name":"\u0410\u0433\u0435\u043d\u0446\u0438\u0458\u0430 \u0437\u0430 \u0437\u0430\u0448\u0442\u0438\u0442\u0430 \u043d\u0430 \u043b\u0438\u0447\u043d\u0438\u0442\u0435 \u043f\u043e\u0434\u0430\u0442\u043e\u0446\u0438","description":"","potentialAction":[{"@type":"SearchAction","target":{"@type":"EntryPoint","urlTemplate":"https:\/\/azlp.mk\/?s={search_term_string}"},"query-input":"required name=search_term_string"}],"inLanguage":"sq-AL"}]}},"_links":{"self":[{"href":"https:\/\/azlp.mk\/sq\/wp-json\/wp\/v2\/pages\/9646"}],"collection":[{"href":"https:\/\/azlp.mk\/sq\/wp-json\/wp\/v2\/pages"}],"about":[{"href":"https:\/\/azlp.mk\/sq\/wp-json\/wp\/v2\/types\/page"}],"author":[{"embeddable":true,"href":"https:\/\/azlp.mk\/sq\/wp-json\/wp\/v2\/users\/1"}],"replies":[{"embeddable":true,"href":"https:\/\/azlp.mk\/sq\/wp-json\/wp\/v2\/comments?post=9646"}],"version-history":[{"count":2,"href":"https:\/\/azlp.mk\/sq\/wp-json\/wp\/v2\/pages\/9646\/revisions"}],"predecessor-version":[{"id":12876,"href":"https:\/\/azlp.mk\/sq\/wp-json\/wp\/v2\/pages\/9646\/revisions\/12876"}],"up":[{"embeddable":true,"href":"https:\/\/azlp.mk\/sq\/wp-json\/wp\/v2\/pages\/9634"}],"wp:attachment":[{"href":"https:\/\/azlp.mk\/sq\/wp-json\/wp\/v2\/media?parent=9646"}],"curies":[{"name":"wp","href":"https:\/\/api.w.org\/{rel}","templated":true}]}}