{"id":9631,"date":"2022-09-14T14:07:43","date_gmt":"2022-09-14T12:07:43","guid":{"rendered":"https:\/\/azlp.mk\/te-drejtat-tuaja\/"},"modified":"2023-01-23T14:33:00","modified_gmt":"2023-01-23T12:33:00","slug":"te-drejtat-tuaja","status":"publish","type":"page","link":"https:\/\/azlp.mk\/sq\/te-drejtat-tuaja\/","title":{"rendered":"T\u00eb drejtat tuaja"},"content":{"rendered":"<p><div class=\"fusion-fullwidth fullwidth-box fusion-builder-row-1 fusion-flex-container has-pattern-background has-mask-background nonhundred-percent-fullwidth non-hundred-percent-height-scrolling\" style=\"background-color: #f2f2f2;background-position: center center;background-repeat: no-repeat;border-width: 0px 0px 0px 0px;border-color:#f2f2f2;border-style:solid;\" ><div class=\"fusion-builder-row fusion-row fusion-flex-align-items-flex-start\" style=\"max-width:1248px;margin-left: calc(-4% \/ 2 );margin-right: calc(-4% \/ 2 );\"><div class=\"fusion-layout-column fusion_builder_column fusion-builder-column-0 fusion_builder_column_1_4 1_4 fusion-flex-column\"><div class=\"fusion-column-wrapper fusion-flex-justify-content-flex-start fusion-content-layout-column\" style=\"background-position:left top;background-repeat:no-repeat;-webkit-background-size:cover;-moz-background-size:cover;-o-background-size:cover;background-size:cover;padding: 0px 0px 0px 0px;\"><div class=\"fusion-widget fusion-widget-element fusion-widget-area fusion-content-widget-area wpWidget-1 custom-sidebar-menu\" style=\"border-width:0px;border-style:solid;\"><div class=\"widget widget_nav_menu\"><div class=\"menu-subemnu1-container\"><ul id=\"menu-subemnu1\" class=\"menu\"><li id=\"menu-item-5247\" class=\"menu-item menu-item-type-post_type menu-item-object-page menu-item-5247\"><a href=\"https:\/\/azlp.mk\/gragjani\/zashtita-na-lichnite-podatoci\/\">Mbrojtja e t\u00eb dh\u00ebnave personale<\/a><\/li>\n<li id=\"menu-item-5910\" class=\"menu-item menu-item-type-post_type menu-item-object-page menu-item-has-children menu-item-5910\"><a href=\"https:\/\/azlp.mk\/vashite-prava\/\">T\u00eb drejtat tuaja<\/a>\n<ul class=\"sub-menu\">\n\t<li id=\"menu-item-7433\" class=\"menu-item menu-item-type-post_type menu-item-object-page menu-item-7433\"><a href=\"https:\/\/azlp.mk\/vashite-prava\/%d0%bf%d1%80%d0%b0%d0%b2%d0%be-%d0%bd%d0%b0-%d0%b8%d0%bd%d1%84%d0%be%d1%80%d0%bc%d0%b8%d1%80%d0%b0%d1%9a%d0%b5\/\">E drejta p\u00ebr informacion<\/a><\/li>\n\t<li id=\"menu-item-7432\" class=\"menu-item menu-item-type-post_type menu-item-object-page menu-item-7432\"><a href=\"https:\/\/azlp.mk\/vashite-prava\/%d0%bf%d1%80%d0%b0%d0%b2%d0%be-%d0%bd%d0%b0-%d0%bf%d1%80%d0%b8%d1%81%d1%82%d0%b0%d0%bf\/\">E drejta e qasjes<\/a><\/li>\n\t<li id=\"menu-item-7431\" class=\"menu-item menu-item-type-post_type menu-item-object-page menu-item-7431\"><a href=\"https:\/\/azlp.mk\/vashite-prava\/%d0%bf%d1%80%d0%b0%d0%b2%d0%be-%d0%bd%d0%b0-%d0%b8%d1%81%d0%bf%d1%80%d0%b0%d0%b2%d0%ba%d0%b0\/\">E drejta e korrigjimit<\/a><\/li>\n\t<li id=\"menu-item-7430\" class=\"menu-item menu-item-type-post_type menu-item-object-page menu-item-7430\"><a href=\"https:\/\/azlp.mk\/vashite-prava\/%d0%bf%d1%80%d0%b0%d0%b2%d0%be-%d0%bd%d0%b0-%d0%b1%d1%80%d0%b8%d1%88%d0%b5%d1%9a%d0%b5-%d0%bf%d1%80%d0%b0%d0%b2%d0%be-%d0%b4%d0%b0-%d1%81%d0%b5-%d0%b1%d0%b8%d0%b4%d0%b5-%d0%b7%d0%b0%d0%b1\/\">E drejta p\u00ebr t&#8217;u fshir\u00eb (&#8220;e drejta p\u00ebr t&#8217;u harruar&#8221;)<\/a><\/li>\n\t<li id=\"menu-item-7429\" class=\"menu-item menu-item-type-post_type menu-item-object-page menu-item-7429\"><a href=\"https:\/\/azlp.mk\/vashite-prava\/%d0%bf%d1%80%d0%b0%d0%b2%d0%be-%d0%bd%d0%b0-%d0%be%d0%b3%d1%80%d0%b0%d0%bd%d0%b8%d1%87%d1%83%d0%b2%d0%b0%d1%9a%d0%b5-%d0%bd%d0%b0-%d0%be%d0%b1%d1%80%d0%b0%d0%b1%d0%be%d1%82%d0%ba%d0%b0%d1%82%d0%b0\/\">E drejta e kufizimit t\u00eb p\u00ebrpunimit<\/a><\/li>\n\t<li id=\"menu-item-7428\" class=\"menu-item menu-item-type-post_type menu-item-object-page menu-item-7428\"><a href=\"https:\/\/azlp.mk\/vashite-prava\/%d0%bf%d1%80%d0%b0%d0%b2%d0%be-%d0%bd%d0%b0-%d0%bf%d1%80%d0%b5%d0%bd%d0%be%d1%81%d0%bb%d0%b8%d0%b2%d0%be%d1%81%d1%82-%d0%bd%d0%b0-%d0%bf%d0%be%d0%b4%d0%b0%d1%82%d0%be%d1%86%d0%b8%d1%82%d0%b5\/\">E drejta e transferimit t\u00eb t\u00eb dh\u00ebnave<\/a><\/li>\n\t<li id=\"menu-item-7427\" class=\"menu-item menu-item-type-post_type menu-item-object-page menu-item-7427\"><a href=\"https:\/\/azlp.mk\/vashite-prava\/%d0%bf%d1%80%d0%b0%d0%b2%d0%be-%d0%bd%d0%b0-%d0%bf%d1%80%d0%b8%d0%b3%d0%be%d0%b2%d0%be%d1%80\/\">E drejta e ankes\u00ebs<\/a><\/li>\n\t<li id=\"menu-item-7426\" class=\"menu-item menu-item-type-post_type menu-item-object-page menu-item-7426\"><a href=\"https:\/\/azlp.mk\/vashite-prava\/%d0%bf%d1%80%d0%b0%d0%b2%d0%be-%d0%b4%d0%b0-%d0%bd%d0%b5-%d1%81%d0%b5-%d0%b1%d0%b8%d0%b4%d0%b5-%d0%bf%d1%80%d0%b5%d0%b4%d0%bc%d0%b5%d1%82-%d0%bd%d0%b0-%d0%be%d0%b4%d0%bb%d1%83%d0%ba%d0%b0-%d0%ba%d0%be\/\">Miratimi automatik i vendimeve individuale duke p\u00ebrfshir\u00eb dhe profilizimin<\/a><\/li>\n\t<li id=\"menu-item-7434\" class=\"menu-item menu-item-type-post_type menu-item-object-page menu-item-7434\"><a href=\"https:\/\/azlp.mk\/gragjani\/nasoki\/%d0%b1%d0%b0%d1%80%d0%b0%d1%9a%d0%b5-%d0%b7%d0%b0-%d1%83%d1%82%d0%b2%d1%80%d0%b4%d1%83%d0%b2%d0%b0%d1%9a%d0%b5-%d0%bd%d0%b0-%d0%bf%d0%be%d0%b2%d1%80%d0%b5%d0%b4%d0%b0-%d0%bd%d0%b0-%d0%bf%d1%80%d0%b0\/\">K\u00ebrkes\u00eb p\u00ebr konstatimin e shkeljes s\u00eb t\u00eb drejt\u00ebs p\u00ebr mbrojtjen e t\u00eb dh\u00ebnave personale<\/a><\/li>\n<\/ul>\n<\/li>\n<li id=\"menu-item-5909\" class=\"menu-item menu-item-type-post_type menu-item-object-page menu-item-5909\"><a href=\"https:\/\/azlp.mk\/gragjani\/temi\/\">Tema<\/a><\/li>\n<li id=\"menu-item-5907\" class=\"menu-item menu-item-type-post_type menu-item-object-page menu-item-5907\"><a href=\"https:\/\/azlp.mk\/gragjani\/nasoki\/\">Udh\u00ebzime<\/a><\/li>\n<li id=\"menu-item-6527\" class=\"menu-item menu-item-type-post_type menu-item-object-page menu-item-6527\"><a href=\"https:\/\/azlp.mk\/gragjani\/obrasci-formulari-i-uslugi\/\">Formular\u00eb dhe sh\u00ebrbime<\/a><\/li>\n<\/ul><\/div><\/div><\/div><\/div><style type=\"text\/css\">.fusion-body .fusion-builder-column-0{width:25% !important;margin-top : 0px;margin-bottom : 20px;}.fusion-builder-column-0 > .fusion-column-wrapper {padding-top : 0px !important;padding-right : 0px !important;margin-right : 7.68%;padding-bottom : 0px !important;padding-left : 0px !important;margin-left : 7.68%;}@media only screen and (max-width:1024px) {.fusion-body .fusion-builder-column-0{width:25% !important;order : 0;}.fusion-builder-column-0 > .fusion-column-wrapper {margin-right : 7.68%;margin-left : 7.68%;}}@media only screen and (max-width:640px) {.fusion-body .fusion-builder-column-0{width:100% !important;order : 0;}.fusion-builder-column-0 > .fusion-column-wrapper {margin-right : 1.92%;margin-left : 1.92%;}}<\/style><\/div><div class=\"fusion-layout-column fusion_builder_column fusion-builder-column-1 fusion_builder_column_3_4 3_4 fusion-flex-column\"><div class=\"fusion-column-wrapper fusion-flex-justify-content-flex-start fusion-content-layout-column\" style=\"background-position:left top;background-repeat:no-repeat;-webkit-background-size:cover;-moz-background-size:cover;-o-background-size:cover;background-size:cover;padding: 0px 0px 0px 0px;\"><div class=\"fusion-text fusion-text-1\"><p><span style=\"background-color: rgba(255, 255, 255, 0); color: var(--awb-color7); font-family: var(--body_typography-font-family); font-size: var(--body_typography-font-size); font-style: var(--body_typography-font-style,normal); font-weight: var(--body_typography-font-weight); letter-spacing: var(--body_typography-letter-spacing);\">Ligji p\u00ebr mbrojtjen e t\u00eb dh\u00ebnave personale forcon t\u00eb drejtat tuaja dhe ju jep kontroll mbi t\u00eb dh\u00ebnat tuaja, sepse ju keni t\u00eb drejt\u00eb t\u00eb dini se kush, si dhe pse i p\u00ebrdor t\u00eb dh\u00ebnat tuaja. Ju gjithashtu keni t\u00eb drejt\u00ebn e korrigjimit t\u00eb dh\u00ebnave tuaja q\u00eb jan\u00eb t\u00eb pasakta, t\u00eb fshihen t\u00eb dh\u00ebnat tuaja personale q\u00eb jan\u00eb t\u00eb panevojshme, etj.<\/span><\/p>\n<\/div><\/div><style type=\"text\/css\">.fusion-body .fusion-builder-column-1{width:75% !important;margin-top : 0px;margin-bottom : 20px;}.fusion-builder-column-1 > .fusion-column-wrapper {padding-top : 0px !important;padding-right : 0px !important;margin-right : 2.56%;padding-bottom : 0px !important;padding-left : 0px !important;margin-left : 2.56%;}@media only screen and (max-width:1024px) {.fusion-body .fusion-builder-column-1{width:75% !important;order : 0;}.fusion-builder-column-1 > .fusion-column-wrapper {margin-right : 2.56%;margin-left : 2.56%;}}@media only screen and (max-width:640px) {.fusion-body .fusion-builder-column-1{width:100% !important;order : 0;}.fusion-builder-column-1 > .fusion-column-wrapper {margin-right : 1.92%;margin-left : 1.92%;}}<\/style><\/div><\/div><style type=\"text\/css\">.fusion-body .fusion-flex-container.fusion-builder-row-1{ padding-top : 0px;margin-top : 0px;padding-right : 0px;padding-bottom : 0px;margin-bottom : 0px;padding-left : 0px;}<\/style><\/div><div class=\"fusion-fullwidth fullwidth-box fusion-builder-row-2 fusion-flex-container has-pattern-background has-mask-background nonhundred-percent-fullwidth non-hundred-percent-height-scrolling\" style=\"background-color: #f2f2f2;background-position: center center;background-repeat: no-repeat;border-width: 0px 0px 0px 0px;border-color:#f2f2f2;border-style:solid;\" ><div class=\"fusion-builder-row fusion-row fusion-flex-align-items-flex-start\" style=\"max-width:1248px;margin-left: calc(-4% \/ 2 );margin-right: calc(-4% \/ 2 );\"><div class=\"fusion-layout-column fusion_builder_column fusion-builder-column-2 fusion_builder_column_1_4 1_4 fusion-flex-column\"><div class=\"fusion-column-wrapper fusion-flex-justify-content-flex-start fusion-content-layout-column\" style=\"background-position:left top;background-repeat:no-repeat;-webkit-background-size:cover;-moz-background-size:cover;-o-background-size:cover;background-size:cover;padding: 0px 0px 0px 0px;\"><div class=\"fusion-video fusion-youtube\" style=\"max-width:600px;max-height:360px;align-self:center; width:100%;margin-top:20px;\"><div class=\"video-shortcode\"><div class=\"fluid-width-video-wrapper\" style=\"padding-top:60%;\" ><iframe title=\"YouTube video player 1\" src=\"https:\/\/www.youtube.com\/embed\/VZpDj3qyHEo?wmode=transparent&autoplay=0\" width=\"600\" height=\"360\" allowfullscreen allow=\"autoplay; fullscreen\"><\/iframe><\/div><\/div><\/div><\/div><style type=\"text\/css\">.fusion-body .fusion-builder-column-2{width:25% !important;margin-top : 0px;margin-bottom : 20px;}.fusion-builder-column-2 > .fusion-column-wrapper {padding-top : 0px !important;padding-right : 0px !important;margin-right : 7.68%;padding-bottom : 0px !important;padding-left : 0px !important;margin-left : 7.68%;}@media only screen and (max-width:1024px) {.fusion-body .fusion-builder-column-2{width:25% !important;order : 0;}.fusion-builder-column-2 > .fusion-column-wrapper {margin-right : 7.68%;margin-left : 7.68%;}}@media only screen and (max-width:640px) {.fusion-body .fusion-builder-column-2{width:100% !important;order : 0;}.fusion-builder-column-2 > .fusion-column-wrapper {margin-right : 1.92%;margin-left : 1.92%;}}<\/style><\/div><div class=\"fusion-layout-column fusion_builder_column fusion-builder-column-3 fusion_builder_column_3_4 3_4 fusion-flex-column\"><div class=\"fusion-column-wrapper fusion-flex-justify-content-flex-start fusion-content-layout-column\" style=\"background-position:left top;background-repeat:no-repeat;-webkit-background-size:cover;-moz-background-size:cover;-o-background-size:cover;background-size:cover;padding: 0px 0px 0px 0px;\"><style type='text\/css'>.reading-box-container-1 .element-bottomshadow:before,.reading-box-container-1 .element-bottomshadow:after{opacity:0.7;}<\/style><div class=\"fusion-reading-box-container reading-box-container-1\" style=\"margin-top:0px;margin-bottom:20px;\"><div class=\"reading-box\" style=\"background-color:rgba(195,215,216,0.95);border-width:1px;border-color:rgba(226,226,226,0);border-style:solid;\"><h2>Lexoni p\u00ebr t\u00eb drejtat tuaja<\/h2><div class=\"reading-box-additional fusion-reading-box-additional\">\n<p><a href=\"https:\/\/azlp.mk\/%d0%bf%d1%80%d0%b0%d0%b2%d0%be-%d0%bd%d0%b0-%d0%b8%d0%bd%d1%84%d0%be%d1%80%d0%bc%d0%b8%d1%80%d0%b0%d1%9a%d0%b5\/\"><strong>E drejta p\u00ebr informacion<\/strong><\/a><\/p>\n<p><a href=\"https:\/\/azlp.mk\/sq\/te-drejtat-tuaja\/e-drejta-e-aksesit\/\"><strong>E drejta<\/strong> <strong>e aksesit<\/strong> <\/a><\/p>\n<p><a href=\"https:\/\/azlp.mk\/sq\/te-drejtat-tuaja\/e-drejta-per-korrigjim\/\"><strong>E drejta<\/strong> <strong>p\u00ebr korrigjim<\/strong><\/a><\/p>\n<p><a href=\"https:\/\/azlp.mk\/sq\/te-drejtat-tuaja\/e-drejta-per-tu-fshire-e-drejta-per-tu-harruar\/\"><strong>E drejta<\/strong> <strong>p\u00ebr t\u00eb fshir\u00eb<\/strong> <strong>(<\/strong> <strong>&#8220;e drejta p\u00ebr t&#8217;u harruar&#8221;<\/strong> <strong>)<\/strong><\/a><\/p>\n<p><a href=\"https:\/\/azlp.mk\/sq\/te-drejtat-tuaja\/e-drejta-e-kufizimit-te-perpunimit\/\"><strong>E drejta<\/strong> <strong>e kufizimit t\u00eb p\u00ebrpunimit<\/strong> <\/a><\/p>\n<p><a href=\"https:\/\/azlp.mk\/sq\/te-drejtat-tuaja\/e-drejta-per-transportueshmeri-te-te-dhenave\/\"><strong>E drejta<\/strong> <strong>p\u00ebr transportueshm\u00ebri t\u00eb t\u00eb dh\u00ebnave<\/strong> <\/a><\/p>\n<p><a href=\"https:\/\/azlp.mk\/sq\/te-drejtat-tuaja\/e-drejta-per-te-kundershtuar\/\"><strong>E drejta p\u00ebr t\u00eb kund\u00ebrshtuar <\/strong><\/a><\/p>\n<p><a href=\"https:\/\/azlp.mk\/sq\/te-drejtat-tuaja\/e-drejta-per-te-mos-iu-nenshtruar-nje-vendimi-te-bazuar-vetem-ne-perpunimin-e-automatizuar-perfshire-profilizimin\/\"><strong>E drejta p\u00ebr t\u00eb kund\u00ebrshtuar vendimmarrjen individuale t\u00eb automatizuar, duke p\u00ebrfshir\u00eb profilizimin<\/strong><\/a><\/p>\n<p><a href=\"https:\/\/azlp.mk\/sq\/qytetaret\/drejtimet\/kerkese-per-konstatimin-e-shkeljes-se-te-drejtes-per-mbrojtjen-e-te-dhenave-personale\/\"><strong>E drejta p\u00ebr t\u00eb paraqitur k\u00ebrkes\u00eb pran\u00eb Agjencis\u00eb s\u00eb Mbrojtjes s\u00eb t\u00eb Dh\u00ebnave Personale<\/strong><\/a><\/p>\n<\/div><div class=\"fusion-clearfix\"><\/div><\/div><\/div><\/div><style type=\"text\/css\">.fusion-body .fusion-builder-column-3{width:75% !important;margin-top : 0px;margin-bottom : 20px;}.fusion-builder-column-3 > .fusion-column-wrapper {padding-top : 0px !important;padding-right : 0px !important;margin-right : 2.56%;padding-bottom : 0px !important;padding-left : 0px !important;margin-left : 2.56%;}@media only screen and (max-width:1024px) {.fusion-body .fusion-builder-column-3{width:75% !important;order : 0;}.fusion-builder-column-3 > .fusion-column-wrapper {margin-right : 2.56%;margin-left : 2.56%;}}@media only screen and (max-width:640px) {.fusion-body .fusion-builder-column-3{width:100% !important;order : 0;}.fusion-builder-column-3 > .fusion-column-wrapper {margin-right : 1.92%;margin-left : 1.92%;}}<\/style><\/div><div class=\"fusion-layout-column fusion_builder_column fusion-builder-column-4 fusion_builder_column_1_4 1_4 fusion-flex-column\"><div class=\"fusion-column-wrapper fusion-flex-justify-content-flex-start fusion-content-layout-column\" style=\"background-position:left top;background-repeat:no-repeat;-webkit-background-size:cover;-moz-background-size:cover;-o-background-size:cover;background-size:cover;padding: 0px 0px 0px 0px;\"><\/div><style type=\"text\/css\">.fusion-body .fusion-builder-column-4{width:25% !important;margin-top : 0px;margin-bottom : 20px;}.fusion-builder-column-4 > .fusion-column-wrapper {padding-top : 0px !important;padding-right : 0px !important;margin-right : 7.68%;padding-bottom : 0px !important;padding-left : 0px !important;margin-left : 7.68%;}@media only screen and (max-width:1024px) {.fusion-body .fusion-builder-column-4{width:25% !important;order : 0;}.fusion-builder-column-4 > .fusion-column-wrapper {margin-right : 7.68%;margin-left : 7.68%;}}@media only screen and (max-width:640px) {.fusion-body .fusion-builder-column-4{width:100% !important;order : 0;}.fusion-builder-column-4 > .fusion-column-wrapper {margin-right : 1.92%;margin-left : 1.92%;}}<\/style><\/div><div class=\"fusion-layout-column fusion_builder_column fusion-builder-column-5 fusion_builder_column_3_4 3_4 fusion-flex-column\"><div class=\"fusion-column-wrapper fusion-flex-justify-content-flex-start fusion-content-layout-column\" style=\"background-position:left top;background-repeat:no-repeat;-webkit-background-size:cover;-moz-background-size:cover;-o-background-size:cover;background-size:cover;padding: 0px 0px 0px 0px;\"><div class=\"fusion-text fusion-text-2\"><h3><div class=\"fusion-separator fusion-has-icon fusion-full-width-sep\" style=\"align-self: center;margin-left: auto;margin-right: auto;width:100%;\"><div class=\"fusion-separator-border sep-single sep-solid\" style=\"border-color:var(--awb-color2);border-top-width:1px;\"><\/div><span class=\"icon-wrapper\" style=\"border-color:var(--awb-color2);background-color:#f2f2f2;font-size:20px;width: 1.75em; height: 1.75em;border-width:1px;padding:1px;margin-top:-0.5px\"><i class=\"fa-link fas\" style=\"font-size: inherit;color:var(--awb-color2);\" aria-hidden=\"true\"><\/i><\/span><div class=\"fusion-separator-border sep-single sep-solid\" style=\"border-color:var(--awb-color2);border-top-width:1px;\"><\/div><\/div><\/h3>\n<h3><strong><i class=\"fb-icon-element-1 fb-icon-element fontawesome-icon fa-file-alt fas circle-yes fusion-text-flow\" style=\"font-size:17.6px;line-height:33.2px;height:35.2px;width:35.2px;border-width:1px;border-radius:50% 50% 50% 50%;margin-right:10px;\"><\/i><style>i.fb-icon-element.fontawesome-icon.fb-icon-element-1{ color: var(--awb-color5); background-color: var(--awb-color6); border-color: var(--awb-color8);}i.fb-icon-element.fontawesome-icon.fb-icon-element-1:hover { color: var(--awb-color1); background-color: var(--awb-color8); border-color: var(--awb-color8);}<\/style>Lexo m\u00eb shum\u00eb<\/strong><\/h3>\n<p><a href=\"https:\/\/azlp.mk\/wp-content\/uploads\/2023\/01\/TE-DREJTAT-E-QYTETAREVE-SI-SUBJEKTE-TE-TE-DHENAVE-PERSONALE.pdf\">Informator p\u00ebr &#8220;T\u00eb drejtat e qytetar\u00ebve si subjekt i t\u00eb dh\u00ebnave personale&#8221; <i class=\"fb-icon-element-2 fb-icon-element fontawesome-icon fa-external-link-alt fas circle-yes fusion-text-flow\" style=\"font-size:12.32px;line-height:22.64px;height:24.64px;width:24.64px;border-width:1px;border-radius:50% 50% 50% 50%;margin-right:7px;\"><\/i><style>i.fb-icon-element.fontawesome-icon.fb-icon-element-2{ color: var(--awb-color5); background-color: var(--awb-color6); border-color: var(--awb-color8);}i.fb-icon-element.fontawesome-icon.fb-icon-element-2:hover { color: var(--awb-color6); background-color: var(--awb-color8); border-color: var(--awb-color8);}<\/style><\/a><\/p>\n<\/div><\/div><style type=\"text\/css\">.fusion-body .fusion-builder-column-5{width:75% !important;margin-top : 0px;margin-bottom : 20px;}.fusion-builder-column-5 > .fusion-column-wrapper {padding-top : 0px !important;padding-right : 0px !important;margin-right : 2.56%;padding-bottom : 0px !important;padding-left : 0px !important;margin-left : 2.56%;}@media only screen and (max-width:1024px) {.fusion-body .fusion-builder-column-5{width:75% !important;order : 0;}.fusion-builder-column-5 > .fusion-column-wrapper {margin-right : 2.56%;margin-left : 2.56%;}}@media only screen and (max-width:640px) {.fusion-body .fusion-builder-column-5{width:100% !important;order : 0;}.fusion-builder-column-5 > .fusion-column-wrapper {margin-right : 1.92%;margin-left : 1.92%;}}<\/style><\/div><\/div><style type=\"text\/css\">.fusion-body .fusion-flex-container.fusion-builder-row-2{ padding-top : 0px;margin-top : 0px;padding-right : 0px;padding-bottom : 0px;margin-bottom : 0px;padding-left : 0px;}<\/style><\/div><\/p>\n","protected":false},"excerpt":{"rendered":"","protected":false},"author":1,"featured_media":0,"parent":0,"menu_order":0,"comment_status":"closed","ping_status":"closed","template":"","meta":{"footnotes":""},"yoast_head":"<!-- This site is optimized with the Yoast SEO plugin v19.9 - https:\/\/yoast.com\/wordpress\/plugins\/seo\/ -->\n<title>T\u00eb drejtat tuaja - \u0410\u0433\u0435\u043d\u0446\u0438\u0458\u0430 \u0437\u0430 \u0437\u0430\u0448\u0442\u0438\u0442\u0430 \u043d\u0430 \u043b\u0438\u0447\u043d\u0438\u0442\u0435 \u043f\u043e\u0434\u0430\u0442\u043e\u0446\u0438<\/title>\n<meta name=\"robots\" content=\"index, follow, max-snippet:-1, max-image-preview:large, max-video-preview:-1\" \/>\n<link rel=\"canonical\" href=\"https:\/\/azlp.mk\/sq\/te-drejtat-tuaja\/\" \/>\n<meta property=\"og:locale\" content=\"sq_AL\" \/>\n<meta property=\"og:type\" content=\"article\" \/>\n<meta property=\"og:title\" content=\"T\u00eb drejtat tuaja - \u0410\u0433\u0435\u043d\u0446\u0438\u0458\u0430 \u0437\u0430 \u0437\u0430\u0448\u0442\u0438\u0442\u0430 \u043d\u0430 \u043b\u0438\u0447\u043d\u0438\u0442\u0435 \u043f\u043e\u0434\u0430\u0442\u043e\u0446\u0438\" \/>\n<meta property=\"og:url\" content=\"https:\/\/azlp.mk\/sq\/te-drejtat-tuaja\/\" \/>\n<meta property=\"og:site_name\" content=\"\u0410\u0433\u0435\u043d\u0446\u0438\u0458\u0430 \u0437\u0430 \u0437\u0430\u0448\u0442\u0438\u0442\u0430 \u043d\u0430 \u043b\u0438\u0447\u043d\u0438\u0442\u0435 \u043f\u043e\u0434\u0430\u0442\u043e\u0446\u0438\" \/>\n<meta property=\"article:modified_time\" content=\"2023-01-23T12:33:00+00:00\" \/>\n<meta name=\"twitter:card\" content=\"summary_large_image\" \/>\n<meta name=\"twitter:label1\" content=\"Est. reading time\" \/>\n\t<meta name=\"twitter:data1\" content=\"6 minutes\" \/>\n<script type=\"application\/ld+json\" class=\"yoast-schema-graph\">{\"@context\":\"https:\/\/schema.org\",\"@graph\":[{\"@type\":\"WebPage\",\"@id\":\"https:\/\/azlp.mk\/sq\/te-drejtat-tuaja\/\",\"url\":\"https:\/\/azlp.mk\/sq\/te-drejtat-tuaja\/\",\"name\":\"T\u00eb drejtat tuaja - \u0410\u0433\u0435\u043d\u0446\u0438\u0458\u0430 \u0437\u0430 \u0437\u0430\u0448\u0442\u0438\u0442\u0430 \u043d\u0430 \u043b\u0438\u0447\u043d\u0438\u0442\u0435 \u043f\u043e\u0434\u0430\u0442\u043e\u0446\u0438\",\"isPartOf\":{\"@id\":\"https:\/\/azlp.mk\/#website\"},\"datePublished\":\"2022-09-14T12:07:43+00:00\",\"dateModified\":\"2023-01-23T12:33:00+00:00\",\"breadcrumb\":{\"@id\":\"https:\/\/azlp.mk\/sq\/te-drejtat-tuaja\/#breadcrumb\"},\"inLanguage\":\"sq-AL\",\"potentialAction\":[{\"@type\":\"ReadAction\",\"target\":[\"https:\/\/azlp.mk\/sq\/te-drejtat-tuaja\/\"]}]},{\"@type\":\"BreadcrumbList\",\"@id\":\"https:\/\/azlp.mk\/sq\/te-drejtat-tuaja\/#breadcrumb\",\"itemListElement\":[{\"@type\":\"ListItem\",\"position\":1,\"name\":\"Ballina\",\"item\":\"https:\/\/azlp.mk\/sq\/\"},{\"@type\":\"ListItem\",\"position\":2,\"name\":\"T\u00eb drejtat tuaja\"}]},{\"@type\":\"WebSite\",\"@id\":\"https:\/\/azlp.mk\/#website\",\"url\":\"https:\/\/azlp.mk\/\",\"name\":\"\u0410\u0433\u0435\u043d\u0446\u0438\u0458\u0430 \u0437\u0430 \u0437\u0430\u0448\u0442\u0438\u0442\u0430 \u043d\u0430 \u043b\u0438\u0447\u043d\u0438\u0442\u0435 \u043f\u043e\u0434\u0430\u0442\u043e\u0446\u0438\",\"description\":\"\",\"potentialAction\":[{\"@type\":\"SearchAction\",\"target\":{\"@type\":\"EntryPoint\",\"urlTemplate\":\"https:\/\/azlp.mk\/?s={search_term_string}\"},\"query-input\":\"required name=search_term_string\"}],\"inLanguage\":\"sq-AL\"}]}<\/script>\n<!-- \/ Yoast SEO plugin. -->","yoast_head_json":{"title":"T\u00eb drejtat tuaja - \u0410\u0433\u0435\u043d\u0446\u0438\u0458\u0430 \u0437\u0430 \u0437\u0430\u0448\u0442\u0438\u0442\u0430 \u043d\u0430 \u043b\u0438\u0447\u043d\u0438\u0442\u0435 \u043f\u043e\u0434\u0430\u0442\u043e\u0446\u0438","robots":{"index":"index","follow":"follow","max-snippet":"max-snippet:-1","max-image-preview":"max-image-preview:large","max-video-preview":"max-video-preview:-1"},"canonical":"https:\/\/azlp.mk\/sq\/te-drejtat-tuaja\/","og_locale":"sq_AL","og_type":"article","og_title":"T\u00eb drejtat tuaja - \u0410\u0433\u0435\u043d\u0446\u0438\u0458\u0430 \u0437\u0430 \u0437\u0430\u0448\u0442\u0438\u0442\u0430 \u043d\u0430 \u043b\u0438\u0447\u043d\u0438\u0442\u0435 \u043f\u043e\u0434\u0430\u0442\u043e\u0446\u0438","og_url":"https:\/\/azlp.mk\/sq\/te-drejtat-tuaja\/","og_site_name":"\u0410\u0433\u0435\u043d\u0446\u0438\u0458\u0430 \u0437\u0430 \u0437\u0430\u0448\u0442\u0438\u0442\u0430 \u043d\u0430 \u043b\u0438\u0447\u043d\u0438\u0442\u0435 \u043f\u043e\u0434\u0430\u0442\u043e\u0446\u0438","article_modified_time":"2023-01-23T12:33:00+00:00","twitter_card":"summary_large_image","twitter_misc":{"Est. reading time":"6 minutes"},"schema":{"@context":"https:\/\/schema.org","@graph":[{"@type":"WebPage","@id":"https:\/\/azlp.mk\/sq\/te-drejtat-tuaja\/","url":"https:\/\/azlp.mk\/sq\/te-drejtat-tuaja\/","name":"T\u00eb drejtat tuaja - \u0410\u0433\u0435\u043d\u0446\u0438\u0458\u0430 \u0437\u0430 \u0437\u0430\u0448\u0442\u0438\u0442\u0430 \u043d\u0430 \u043b\u0438\u0447\u043d\u0438\u0442\u0435 \u043f\u043e\u0434\u0430\u0442\u043e\u0446\u0438","isPartOf":{"@id":"https:\/\/azlp.mk\/#website"},"datePublished":"2022-09-14T12:07:43+00:00","dateModified":"2023-01-23T12:33:00+00:00","breadcrumb":{"@id":"https:\/\/azlp.mk\/sq\/te-drejtat-tuaja\/#breadcrumb"},"inLanguage":"sq-AL","potentialAction":[{"@type":"ReadAction","target":["https:\/\/azlp.mk\/sq\/te-drejtat-tuaja\/"]}]},{"@type":"BreadcrumbList","@id":"https:\/\/azlp.mk\/sq\/te-drejtat-tuaja\/#breadcrumb","itemListElement":[{"@type":"ListItem","position":1,"name":"Ballina","item":"https:\/\/azlp.mk\/sq\/"},{"@type":"ListItem","position":2,"name":"T\u00eb drejtat tuaja"}]},{"@type":"WebSite","@id":"https:\/\/azlp.mk\/#website","url":"https:\/\/azlp.mk\/","name":"\u0410\u0433\u0435\u043d\u0446\u0438\u0458\u0430 \u0437\u0430 \u0437\u0430\u0448\u0442\u0438\u0442\u0430 \u043d\u0430 \u043b\u0438\u0447\u043d\u0438\u0442\u0435 \u043f\u043e\u0434\u0430\u0442\u043e\u0446\u0438","description":"","potentialAction":[{"@type":"SearchAction","target":{"@type":"EntryPoint","urlTemplate":"https:\/\/azlp.mk\/?s={search_term_string}"},"query-input":"required name=search_term_string"}],"inLanguage":"sq-AL"}]}},"_links":{"self":[{"href":"https:\/\/azlp.mk\/sq\/wp-json\/wp\/v2\/pages\/9631"}],"collection":[{"href":"https:\/\/azlp.mk\/sq\/wp-json\/wp\/v2\/pages"}],"about":[{"href":"https:\/\/azlp.mk\/sq\/wp-json\/wp\/v2\/types\/page"}],"author":[{"embeddable":true,"href":"https:\/\/azlp.mk\/sq\/wp-json\/wp\/v2\/users\/1"}],"replies":[{"embeddable":true,"href":"https:\/\/azlp.mk\/sq\/wp-json\/wp\/v2\/comments?post=9631"}],"version-history":[{"count":23,"href":"https:\/\/azlp.mk\/sq\/wp-json\/wp\/v2\/pages\/9631\/revisions"}],"predecessor-version":[{"id":14307,"href":"https:\/\/azlp.mk\/sq\/wp-json\/wp\/v2\/pages\/9631\/revisions\/14307"}],"wp:attachment":[{"href":"https:\/\/azlp.mk\/sq\/wp-json\/wp\/v2\/media?parent=9631"}],"curies":[{"name":"wp","href":"https:\/\/api.w.org\/{rel}","templated":true}]}}