{"id":9627,"date":"2022-09-14T16:06:38","date_gmt":"2022-09-14T14:06:38","guid":{"rendered":"https:\/\/azlp.mk\/fazat-e-zbatimit-te-pvzlp\/"},"modified":"2022-12-15T15:09:11","modified_gmt":"2022-12-15T13:09:11","slug":"fazat-e-zbatimit-te-pvzlp","status":"publish","type":"page","link":"https:\/\/azlp.mk\/sq\/kontrolloret\/drejtimet\/vleresimi-i-ndikimit-ne-mbrojtjen-e-te-dhenave-personale-pdpa\/fazat-e-zbatimit-te-pvzlp\/","title":{"rendered":"Fazat e zbatimit t\u00eb Fazat e zbatimit t\u00eb VNMDHP-s\u00eb"},"content":{"rendered":"<div class=\"fusion-fullwidth fullwidth-box fusion-builder-row-1 fusion-flex-container has-pattern-background has-mask-background nonhundred-percent-fullwidth non-hundred-percent-height-scrolling\" style=\"background-color: #f2f2f2;background-position: center center;background-repeat: no-repeat;border-width: 0px 0px 0px 0px;border-color:#f2f2f2;border-style:solid;\" ><div class=\"fusion-builder-row fusion-row fusion-flex-align-items-flex-start\" style=\"max-width:1248px;margin-left: calc(-4% \/ 2 );margin-right: calc(-4% \/ 2 );\"><div class=\"fusion-layout-column fusion_builder_column fusion-builder-column-0 fusion_builder_column_1_1 1_1 fusion-flex-column\"><div class=\"fusion-column-wrapper fusion-flex-justify-content-flex-start fusion-content-layout-column\" style=\"background-position:left top;background-repeat:no-repeat;-webkit-background-size:cover;-moz-background-size:cover;-o-background-size:cover;background-size:cover;padding: 0px 0px 0px 0px;\"><div class=\"fusion-text fusion-text-1\"><p><strong>1. P\u00ebrcaktimi i kontekstit<\/strong>\u00a0&#8211; N\u00eb faz\u00ebn e par\u00eb p\u00ebrcaktohet konteksti i p\u00ebrpunimit dhe theksohen,gjegj\u00ebsisht p\u00ebrshkruhen informacionet n\u00eb vijim<\/p>\n<ul>\n<li>p\u00ebrmbledhja e t\u00eb dh\u00ebnave personale,<\/li>\n<li>Q\u00ebllimi i p\u00ebrpunimit,<\/li>\n<li>l\u00ebvizja e t\u00eb dh\u00ebnave,<\/li>\n<li>metod\u00ebn(at) e marrjes s\u00eb t\u00eb dh\u00ebnave,<\/li>\n<li>m\u00ebnyra dhe mjetet e p\u00ebrpunimit t\u00eb t\u00eb dh\u00ebnave (pajisje t\u00eb p\u00ebrdorura, rrjetet, burimet njer\u00ebzore, etj.),<\/li>\n<li>subjektet e p\u00ebrfshira n\u00eb p\u00ebrpunim (kontrolluesit, p\u00ebrpunuesit, p\u00ebrdoruesit, etj),<\/li>\n<li>afati i ruajtjes.<\/li>\n<\/ul>\n<p>2.\u00a0<strong>Analiza e rrezikut<\/strong>\u00a0&#8211; N\u00eb faz\u00ebn e dyt\u00eb, identifikohen k\u00ebrc\u00ebnimet (rezultatet e pad\u00ebshirueshme) dhe p\u00ebrcaktohet probabiliteti dhe ndikimi (pasoja) e realizimit t\u00eb secilit rrezik.<\/p>\n<p>Rreziku shprehet si funksion i probabilitetit sikur te ndodh\u00eb rezultati i pad\u00ebshiruesh\u00ebm (k\u00ebrc\u00ebnimi) dhe ndikimi (pasoja) i rezultatit t\u00eb pad\u00ebshiruesh\u00ebm n\u00ebse ndodh.<\/p>\n<p><strong><em>Rreziku = (Probabiliteti\u00a0<\/em><\/strong><strong><em>sikur t\u00eb ndodh\u00eb<\/em><\/strong><strong><em>\u00a0k\u00ebrc\u00ebnimi) x (Shkalla e ndikimit)<\/em><\/strong><\/p>\n<p>Ndikimi mund t\u00eb jet\u00eb:<\/p>\n<ul>\n<li>I ul\u00ebt, kur individ\u00ebt mund t\u00eb p\u00ebrballen me disa shqet\u00ebsime t\u00eb vogla, t\u00eb cilat ata do t&#8217;i tejkalojn\u00eb pa problem (p\u00ebr shembull: koha e humbur p\u00ebr t\u00eb ri-futur t\u00eb dh\u00ebnat, ankthi, acarimi, etj.)<\/li>\n<li>I mes\u00ebm, kur individ\u00ebt mund t\u00eb p\u00ebrballen me shqet\u00ebsime t\u00eb konsiderueshme t\u00eb cilat do t\u00eb mund\u00eb t&#8217;i kalojn\u00eb edhe pavar\u00ebsisht disa v\u00ebshtir\u00ebsive, (p\u00ebr shembull: kostot shtes\u00eb, refuzimi i qasjes n\u00eb sh\u00ebrbime t\u00eb caktuara biznesi, frika, mungesa e mir\u00ebkuptimit, stresi, s\u00ebmundje t\u00eb vogla fizike, etj)<\/li>\n<li>I lart\u00eb, kur individ\u00ebt mund t\u00eb p\u00ebrballen me pasoja t\u00eb konsiderueshme, t\u00eb cilat duhet t\u00eb jen\u00eb n\u00eb gjendje t&#8217;i kap\u00ebrcejn\u00eb, por me v\u00ebshtir\u00ebsi serioze, (p\u00ebr shembull: p\u00ebrvet\u00ebsimi i jashtligjsh\u00ebm I mjeteve, vendosja n\u00eb list\u00ebn e zez\u00eb nga institucionet financiare, d\u00ebmtimi i pron\u00ebs , humbje e pun\u00ebsimit, thirrje gjyq\u00ebsore, p\u00ebrkeq\u00ebsim i gjendjes sh\u00ebndet\u00ebsore, etj.)<\/li>\n<li>Shum\u00eb i lart\u00eb, kur individ\u00ebt mund t\u00eb p\u00ebrballen me pasoja dometh\u00ebn\u00ebse dhe madje edhe me pasoja t\u00eb pakthyeshme, t\u00eb cilat me shum\u00eb mund\u00ebsi nuk do tem mund t`i kap\u00ebrcejn\u00eb (p\u00ebr shembull: paaft\u00ebsi p\u00ebr t\u00eb punuar, s\u00ebmundje afatgjat\u00eb psikologjike ose fizike, vdekje, etj.).<\/li>\n<\/ul>\n<p>Vler\u00ebsimi i rrezikut zbatohet sipas parimeve themelore t\u00eb mbrojtjes s\u00eb t\u00eb dh\u00ebnave personale.<\/p>\n<p><strong>3. Menaxhimi i rrezikut\u00a0<\/strong>\u2013N\u00eb Faz\u00ebn e tret\u00eb duhet t\u00eb p\u00ebrfshihen masat mbrojt\u00ebse, masat e siguris\u00eb dhe mekanizma t\u00eb krijuar p\u00ebr t\u00eb zvog\u00ebluar rrezikun n\u00eb nj\u00eb nivel t\u00eb pranuesh\u00ebm, t\u00eb sigurohet mbrojtja e t\u00eb dh\u00ebnave personale dhe t\u00eb demonstrohet pajtueshm\u00ebri me rregulloret e mbrojtjes s\u00eb t\u00eb dh\u00ebnave personale.<\/p>\n<p>Masat, njejt\u00eb si n\u00eb rastin e vler\u00ebsimit t\u00eb rrezikut, duhet t\u00eb ndahen sipas parimeve themelore t\u00eb mbrojtjes s\u00eb t\u00eb dh\u00ebnave personale.<\/p>\n<p><strong>4. P\u00ebrpilimi i raportit p\u00ebr zbatimin e VNMDHP<\/strong>\u00a0&#8211; Kontrolluesi i dokumenton t\u00eb gjitha fazat e zbatimit t\u00eb VNMDHP -s\u00eb, pas s\u00eb cil\u00ebs ai p\u00ebrgatit nj\u00eb raport.<\/p>\n<p>Raporti p\u00ebr ybatimin e VNMDHP -s\u00eb n\u00eb ve\u00e7anti p\u00ebrmban: p\u00ebrshkrimin e procesit t\u00eb p\u00ebrpunimit, personat e brendsh\u00ebm dhe t\u00eb jasht\u00ebm t\u00eb p\u00ebrfshir\u00eb n\u00eb procesin e kryerjes s\u00eb VNMDHP -s\u00eb, analiz\u00ebn e rrezikut, masat e p\u00ebrcaktuara t\u00eb administrimit me rrezikun, p\u00ebrmbledhjen \/ p\u00ebrfundimin, planin e veprimit, mendimin e oficerit dhe personave t\u00eb tjer\u00eb t\u00eb p\u00ebrfshir\u00eb n\u00eb proces, aprovimin e VNMDHP nga personi p\u00ebrgjegj\u00ebs te kontrolluesi.<\/p>\n<\/div><\/div><style type=\"text\/css\">.fusion-body .fusion-builder-column-0{width:100% !important;margin-top : 0px;margin-bottom : 20px;}.fusion-builder-column-0 > .fusion-column-wrapper {padding-top : 0px !important;padding-right : 0px !important;margin-right : 1.92%;padding-bottom : 0px !important;padding-left : 0px !important;margin-left : 1.92%;}@media only screen and (max-width:1024px) {.fusion-body .fusion-builder-column-0{width:100% !important;order : 0;}.fusion-builder-column-0 > .fusion-column-wrapper {margin-right : 1.92%;margin-left : 1.92%;}}@media only screen and (max-width:640px) {.fusion-body .fusion-builder-column-0{width:100% !important;order : 0;}.fusion-builder-column-0 > .fusion-column-wrapper {margin-right : 1.92%;margin-left : 1.92%;}}<\/style><\/div><\/div><style type=\"text\/css\">.fusion-body .fusion-flex-container.fusion-builder-row-1{ padding-top : 0px;margin-top : 0px;padding-right : 0px;padding-bottom : 0px;margin-bottom : 0px;padding-left : 0px;}<\/style><\/div>\n","protected":false},"excerpt":{"rendered":"","protected":false},"author":1,"featured_media":0,"parent":9634,"menu_order":0,"comment_status":"closed","ping_status":"closed","template":"","meta":{"footnotes":""},"yoast_head":"<!-- This site is optimized with the Yoast SEO plugin v19.9 - https:\/\/yoast.com\/wordpress\/plugins\/seo\/ -->\n<title>Fazat e zbatimit t\u00eb Fazat e zbatimit t\u00eb VNMDHP-s\u00eb - \u0410\u0433\u0435\u043d\u0446\u0438\u0458\u0430 \u0437\u0430 \u0437\u0430\u0448\u0442\u0438\u0442\u0430 \u043d\u0430 \u043b\u0438\u0447\u043d\u0438\u0442\u0435 \u043f\u043e\u0434\u0430\u0442\u043e\u0446\u0438<\/title>\n<meta name=\"robots\" content=\"index, follow, max-snippet:-1, max-image-preview:large, max-video-preview:-1\" \/>\n<link rel=\"canonical\" href=\"https:\/\/azlp.mk\/sq\/kontrolloret\/drejtimet\/vleresimi-i-ndikimit-ne-mbrojtjen-e-te-dhenave-personale-pdpa\/fazat-e-zbatimit-te-pvzlp\/\" \/>\n<meta property=\"og:locale\" content=\"sq_AL\" \/>\n<meta property=\"og:type\" content=\"article\" \/>\n<meta property=\"og:title\" content=\"Fazat e zbatimit t\u00eb Fazat e zbatimit t\u00eb VNMDHP-s\u00eb - \u0410\u0433\u0435\u043d\u0446\u0438\u0458\u0430 \u0437\u0430 \u0437\u0430\u0448\u0442\u0438\u0442\u0430 \u043d\u0430 \u043b\u0438\u0447\u043d\u0438\u0442\u0435 \u043f\u043e\u0434\u0430\u0442\u043e\u0446\u0438\" \/>\n<meta property=\"og:url\" content=\"https:\/\/azlp.mk\/sq\/kontrolloret\/drejtimet\/vleresimi-i-ndikimit-ne-mbrojtjen-e-te-dhenave-personale-pdpa\/fazat-e-zbatimit-te-pvzlp\/\" \/>\n<meta property=\"og:site_name\" content=\"\u0410\u0433\u0435\u043d\u0446\u0438\u0458\u0430 \u0437\u0430 \u0437\u0430\u0448\u0442\u0438\u0442\u0430 \u043d\u0430 \u043b\u0438\u0447\u043d\u0438\u0442\u0435 \u043f\u043e\u0434\u0430\u0442\u043e\u0446\u0438\" \/>\n<meta property=\"article:modified_time\" content=\"2022-12-15T13:09:11+00:00\" \/>\n<meta name=\"twitter:card\" content=\"summary_large_image\" \/>\n<meta name=\"twitter:label1\" content=\"Est. reading time\" \/>\n\t<meta name=\"twitter:data1\" content=\"4 minutes\" \/>\n<script type=\"application\/ld+json\" class=\"yoast-schema-graph\">{\"@context\":\"https:\/\/schema.org\",\"@graph\":[{\"@type\":\"WebPage\",\"@id\":\"https:\/\/azlp.mk\/sq\/kontrolloret\/drejtimet\/vleresimi-i-ndikimit-ne-mbrojtjen-e-te-dhenave-personale-pdpa\/fazat-e-zbatimit-te-pvzlp\/\",\"url\":\"https:\/\/azlp.mk\/sq\/kontrolloret\/drejtimet\/vleresimi-i-ndikimit-ne-mbrojtjen-e-te-dhenave-personale-pdpa\/fazat-e-zbatimit-te-pvzlp\/\",\"name\":\"Fazat e zbatimit t\u00eb Fazat e zbatimit t\u00eb VNMDHP-s\u00eb - \u0410\u0433\u0435\u043d\u0446\u0438\u0458\u0430 \u0437\u0430 \u0437\u0430\u0448\u0442\u0438\u0442\u0430 \u043d\u0430 \u043b\u0438\u0447\u043d\u0438\u0442\u0435 \u043f\u043e\u0434\u0430\u0442\u043e\u0446\u0438\",\"isPartOf\":{\"@id\":\"https:\/\/azlp.mk\/#website\"},\"datePublished\":\"2022-09-14T14:06:38+00:00\",\"dateModified\":\"2022-12-15T13:09:11+00:00\",\"breadcrumb\":{\"@id\":\"https:\/\/azlp.mk\/sq\/kontrolloret\/drejtimet\/vleresimi-i-ndikimit-ne-mbrojtjen-e-te-dhenave-personale-pdpa\/fazat-e-zbatimit-te-pvzlp\/#breadcrumb\"},\"inLanguage\":\"sq-AL\",\"potentialAction\":[{\"@type\":\"ReadAction\",\"target\":[\"https:\/\/azlp.mk\/sq\/kontrolloret\/drejtimet\/vleresimi-i-ndikimit-ne-mbrojtjen-e-te-dhenave-personale-pdpa\/fazat-e-zbatimit-te-pvzlp\/\"]}]},{\"@type\":\"BreadcrumbList\",\"@id\":\"https:\/\/azlp.mk\/sq\/kontrolloret\/drejtimet\/vleresimi-i-ndikimit-ne-mbrojtjen-e-te-dhenave-personale-pdpa\/fazat-e-zbatimit-te-pvzlp\/#breadcrumb\",\"itemListElement\":[{\"@type\":\"ListItem\",\"position\":1,\"name\":\"Ballina\",\"item\":\"https:\/\/azlp.mk\/sq\/\"},{\"@type\":\"ListItem\",\"position\":2,\"name\":\"Kontrolluesit\",\"item\":\"https:\/\/azlp.mk\/sq\/kontrolloret\/\"},{\"@type\":\"ListItem\",\"position\":3,\"name\":\"Udh\u00ebzime\",\"item\":\"https:\/\/azlp.mk\/sq\/kontrolloret\/drejtimet\/\"},{\"@type\":\"ListItem\",\"position\":4,\"name\":\"Vler\u00ebsimi i ndikimit mbi mbrojtjen e t\u00eb dh\u00ebnave personale (VNMDHP)\",\"item\":\"https:\/\/azlp.mk\/sq\/kontrolloret\/drejtimet\/vleresimi-i-ndikimit-ne-mbrojtjen-e-te-dhenave-personale-pdpa\/\"},{\"@type\":\"ListItem\",\"position\":5,\"name\":\"Fazat e zbatimit t\u00eb Fazat e zbatimit t\u00eb VNMDHP-s\u00eb\"}]},{\"@type\":\"WebSite\",\"@id\":\"https:\/\/azlp.mk\/#website\",\"url\":\"https:\/\/azlp.mk\/\",\"name\":\"\u0410\u0433\u0435\u043d\u0446\u0438\u0458\u0430 \u0437\u0430 \u0437\u0430\u0448\u0442\u0438\u0442\u0430 \u043d\u0430 \u043b\u0438\u0447\u043d\u0438\u0442\u0435 \u043f\u043e\u0434\u0430\u0442\u043e\u0446\u0438\",\"description\":\"\",\"potentialAction\":[{\"@type\":\"SearchAction\",\"target\":{\"@type\":\"EntryPoint\",\"urlTemplate\":\"https:\/\/azlp.mk\/?s={search_term_string}\"},\"query-input\":\"required name=search_term_string\"}],\"inLanguage\":\"sq-AL\"}]}<\/script>\n<!-- \/ Yoast SEO plugin. -->","yoast_head_json":{"title":"Fazat e zbatimit t\u00eb Fazat e zbatimit t\u00eb VNMDHP-s\u00eb - \u0410\u0433\u0435\u043d\u0446\u0438\u0458\u0430 \u0437\u0430 \u0437\u0430\u0448\u0442\u0438\u0442\u0430 \u043d\u0430 \u043b\u0438\u0447\u043d\u0438\u0442\u0435 \u043f\u043e\u0434\u0430\u0442\u043e\u0446\u0438","robots":{"index":"index","follow":"follow","max-snippet":"max-snippet:-1","max-image-preview":"max-image-preview:large","max-video-preview":"max-video-preview:-1"},"canonical":"https:\/\/azlp.mk\/sq\/kontrolloret\/drejtimet\/vleresimi-i-ndikimit-ne-mbrojtjen-e-te-dhenave-personale-pdpa\/fazat-e-zbatimit-te-pvzlp\/","og_locale":"sq_AL","og_type":"article","og_title":"Fazat e zbatimit t\u00eb Fazat e zbatimit t\u00eb VNMDHP-s\u00eb - \u0410\u0433\u0435\u043d\u0446\u0438\u0458\u0430 \u0437\u0430 \u0437\u0430\u0448\u0442\u0438\u0442\u0430 \u043d\u0430 \u043b\u0438\u0447\u043d\u0438\u0442\u0435 \u043f\u043e\u0434\u0430\u0442\u043e\u0446\u0438","og_url":"https:\/\/azlp.mk\/sq\/kontrolloret\/drejtimet\/vleresimi-i-ndikimit-ne-mbrojtjen-e-te-dhenave-personale-pdpa\/fazat-e-zbatimit-te-pvzlp\/","og_site_name":"\u0410\u0433\u0435\u043d\u0446\u0438\u0458\u0430 \u0437\u0430 \u0437\u0430\u0448\u0442\u0438\u0442\u0430 \u043d\u0430 \u043b\u0438\u0447\u043d\u0438\u0442\u0435 \u043f\u043e\u0434\u0430\u0442\u043e\u0446\u0438","article_modified_time":"2022-12-15T13:09:11+00:00","twitter_card":"summary_large_image","twitter_misc":{"Est. reading time":"4 minutes"},"schema":{"@context":"https:\/\/schema.org","@graph":[{"@type":"WebPage","@id":"https:\/\/azlp.mk\/sq\/kontrolloret\/drejtimet\/vleresimi-i-ndikimit-ne-mbrojtjen-e-te-dhenave-personale-pdpa\/fazat-e-zbatimit-te-pvzlp\/","url":"https:\/\/azlp.mk\/sq\/kontrolloret\/drejtimet\/vleresimi-i-ndikimit-ne-mbrojtjen-e-te-dhenave-personale-pdpa\/fazat-e-zbatimit-te-pvzlp\/","name":"Fazat e zbatimit t\u00eb Fazat e zbatimit t\u00eb VNMDHP-s\u00eb - \u0410\u0433\u0435\u043d\u0446\u0438\u0458\u0430 \u0437\u0430 \u0437\u0430\u0448\u0442\u0438\u0442\u0430 \u043d\u0430 \u043b\u0438\u0447\u043d\u0438\u0442\u0435 \u043f\u043e\u0434\u0430\u0442\u043e\u0446\u0438","isPartOf":{"@id":"https:\/\/azlp.mk\/#website"},"datePublished":"2022-09-14T14:06:38+00:00","dateModified":"2022-12-15T13:09:11+00:00","breadcrumb":{"@id":"https:\/\/azlp.mk\/sq\/kontrolloret\/drejtimet\/vleresimi-i-ndikimit-ne-mbrojtjen-e-te-dhenave-personale-pdpa\/fazat-e-zbatimit-te-pvzlp\/#breadcrumb"},"inLanguage":"sq-AL","potentialAction":[{"@type":"ReadAction","target":["https:\/\/azlp.mk\/sq\/kontrolloret\/drejtimet\/vleresimi-i-ndikimit-ne-mbrojtjen-e-te-dhenave-personale-pdpa\/fazat-e-zbatimit-te-pvzlp\/"]}]},{"@type":"BreadcrumbList","@id":"https:\/\/azlp.mk\/sq\/kontrolloret\/drejtimet\/vleresimi-i-ndikimit-ne-mbrojtjen-e-te-dhenave-personale-pdpa\/fazat-e-zbatimit-te-pvzlp\/#breadcrumb","itemListElement":[{"@type":"ListItem","position":1,"name":"Ballina","item":"https:\/\/azlp.mk\/sq\/"},{"@type":"ListItem","position":2,"name":"Kontrolluesit","item":"https:\/\/azlp.mk\/sq\/kontrolloret\/"},{"@type":"ListItem","position":3,"name":"Udh\u00ebzime","item":"https:\/\/azlp.mk\/sq\/kontrolloret\/drejtimet\/"},{"@type":"ListItem","position":4,"name":"Vler\u00ebsimi i ndikimit mbi mbrojtjen e t\u00eb dh\u00ebnave personale (VNMDHP)","item":"https:\/\/azlp.mk\/sq\/kontrolloret\/drejtimet\/vleresimi-i-ndikimit-ne-mbrojtjen-e-te-dhenave-personale-pdpa\/"},{"@type":"ListItem","position":5,"name":"Fazat e zbatimit t\u00eb Fazat e zbatimit t\u00eb VNMDHP-s\u00eb"}]},{"@type":"WebSite","@id":"https:\/\/azlp.mk\/#website","url":"https:\/\/azlp.mk\/","name":"\u0410\u0433\u0435\u043d\u0446\u0438\u0458\u0430 \u0437\u0430 \u0437\u0430\u0448\u0442\u0438\u0442\u0430 \u043d\u0430 \u043b\u0438\u0447\u043d\u0438\u0442\u0435 \u043f\u043e\u0434\u0430\u0442\u043e\u0446\u0438","description":"","potentialAction":[{"@type":"SearchAction","target":{"@type":"EntryPoint","urlTemplate":"https:\/\/azlp.mk\/?s={search_term_string}"},"query-input":"required name=search_term_string"}],"inLanguage":"sq-AL"}]}},"_links":{"self":[{"href":"https:\/\/azlp.mk\/sq\/wp-json\/wp\/v2\/pages\/9627"}],"collection":[{"href":"https:\/\/azlp.mk\/sq\/wp-json\/wp\/v2\/pages"}],"about":[{"href":"https:\/\/azlp.mk\/sq\/wp-json\/wp\/v2\/types\/page"}],"author":[{"embeddable":true,"href":"https:\/\/azlp.mk\/sq\/wp-json\/wp\/v2\/users\/1"}],"replies":[{"embeddable":true,"href":"https:\/\/azlp.mk\/sq\/wp-json\/wp\/v2\/comments?post=9627"}],"version-history":[{"count":2,"href":"https:\/\/azlp.mk\/sq\/wp-json\/wp\/v2\/pages\/9627\/revisions"}],"predecessor-version":[{"id":12884,"href":"https:\/\/azlp.mk\/sq\/wp-json\/wp\/v2\/pages\/9627\/revisions\/12884"}],"up":[{"embeddable":true,"href":"https:\/\/azlp.mk\/sq\/wp-json\/wp\/v2\/pages\/9634"}],"wp:attachment":[{"href":"https:\/\/azlp.mk\/sq\/wp-json\/wp\/v2\/media?parent=9627"}],"curies":[{"name":"wp","href":"https:\/\/api.w.org\/{rel}","templated":true}]}}