{"id":9622,"date":"2022-09-14T16:02:10","date_gmt":"2022-09-14T14:02:10","guid":{"rendered":"https:\/\/azlp.mk\/metodologjia-per-zbatimin-e-pvzlp\/"},"modified":"2022-12-15T15:06:12","modified_gmt":"2022-12-15T13:06:12","slug":"metodologjia-per-zbatimin-e-pvzlp","status":"publish","type":"page","link":"https:\/\/azlp.mk\/sq\/kontrolloret\/drejtimet\/vleresimi-i-ndikimit-ne-mbrojtjen-e-te-dhenave-personale-pdpa\/metodologjia-per-zbatimin-e-pvzlp\/","title":{"rendered":"Metodologjia p\u00ebr zbatimin e VNMDHP-s\u00eb"},"content":{"rendered":"<div class=\"fusion-fullwidth fullwidth-box fusion-builder-row-1 fusion-flex-container has-pattern-background has-mask-background nonhundred-percent-fullwidth non-hundred-percent-height-scrolling\" style=\"background-color: #f2f2f2;background-position: center center;background-repeat: no-repeat;border-width: 0px 0px 0px 0px;border-color:#f2f2f2;border-style:solid;\" ><div class=\"fusion-builder-row fusion-row fusion-flex-align-items-flex-start\" style=\"max-width:1248px;margin-left: calc(-4% \/ 2 );margin-right: calc(-4% \/ 2 );\"><div class=\"fusion-layout-column fusion_builder_column fusion-builder-column-0 fusion_builder_column_1_1 1_1 fusion-flex-column\"><div class=\"fusion-column-wrapper fusion-flex-justify-content-flex-start fusion-content-layout-column\" style=\"background-position:left top;background-repeat:no-repeat;-webkit-background-size:cover;-moz-background-size:cover;-o-background-size:cover;background-size:cover;padding: 0px 0px 0px 0px;\"><div class=\"fusion-text fusion-text-1\"><p>Kontrolluesi detyrimisht duhet t\u00eb miratoj\u00eb metodologji adekuate p\u00ebr zbatimin e VNMDHP -s\u00eb.<\/p>\n<p>Kontrolluesi mund t\u00eb zgjedh\u00eb metodologji t\u00eb ndryshme p\u00ebr kryerjen e VNMDHP. M\u00eb posht\u00eb jan\u00eb kriteret q\u00eb kontrolluesi mund t\u00eb p\u00ebrdor\u00eb p\u00ebr t\u00eb vler\u00ebsuar n\u00ebse VNMDHP ose metodologjia p\u00ebr kryerjen e VNMDHP \u00ebsht\u00eb mjaftueshem gjith\u00ebp\u00ebrfshir\u00ebse p\u00ebr t\u00eb p\u00ebrmbushur rregullat e mbrojtjes s\u00eb t\u00eb dh\u00ebnave personale:<\/p>\n<ul>\n<li><u>vler\u00ebsimi p\u00ebrmban p\u00ebrshkrim sistematik t\u00eb p\u00ebrpunimit:<\/u>\n<ul>\n<li>merren parasysh natyra, v\u00ebllimii, konteksti dhe q\u00ebllimet e p\u00ebrpunimit;<\/li>\n<li>t\u00eb dh\u00ebnat personale, marr\u00ebsit dhe periudha e ruajtjes s\u00eb t\u00eb dh\u00ebnave personale jan\u00eb evidentuar;<\/li>\n<li>\u00ebsht\u00eb dh\u00ebn\u00eb nj\u00eb p\u00ebrshkrim funksional i operacionit t\u00eb p\u00ebrpunimit;<\/li>\n<li>Jan\u00eb identifikuar mjete nga t\u00eb cilat varen t\u00eb dh\u00ebnat personale (pajisje, programe softuer\u00ebsh, rrjete, persona, dokumente letre ose kanale p\u00ebr d\u00ebrgimin e dokumenteve n\u00eb let\u00ebr);<\/li>\n<li>Gjithashtu, merret n\u00eb konsiderat\u00eb pajtueshm\u00ebria me kodet e miratuara t\u00eb sjelljes;<\/li>\n<\/ul>\n<\/li>\n<li><u>\u00cbsht\u00eb vler\u00ebsuar nevoja dhe proporcionaliteti:<\/u>\n<ul>\n<li>masat e parashikuara p\u00ebr respektimin e rregulloreve p\u00ebr mbrojtjen e t\u00eb dh\u00ebnave personale p\u00ebrcaktohen, duke marr\u00eb parasysh:\n<ul>\n<li>masa q\u00eb kontribuojn\u00eb n\u00eb proporcionalitet dhe domosdoshm\u00ebrin e p\u00ebrpunimit bazuar n\u00eb:<\/li>\n<li>konkrete, t\u00eb qarta dhe q\u00ebllime legjitime;<\/li>\n<li>Ligjshm\u00ebria e p\u00ebrpunimit;<\/li>\n<li>T\u00eb dh\u00ebna personale adekuate dhe relevante dhe t\u00eb kufizuara n\u00eb ato q\u00eb k\u00ebrkohen;<\/li>\n<li>\u00a0afat i kufizuar p\u00ebr rruajtjen e tyre;<\/li>\n<\/ul>\n<\/li>\n<li>masa q\u00eb kontribuojn\u00eb n\u00eb t\u00eb drejtat e subjekteve t\u00eb t\u00eb dh\u00ebnave personale:\n<ul>\n<li>informacione t\u00eb d\u00ebrguara subjektit t\u00eb t\u00eb dh\u00ebnave personale;<\/li>\n<li>e drejta p\u00ebr qasje dhe transportueshm\u00ebri t\u00eb t\u00eb dh\u00ebnave;<\/li>\n<li>e drejta p\u00ebr korrigjim dhe fshirje;<\/li>\n<li>e drejta e kund\u00ebrshtimit dhe kufizimit t\u00eb p\u00ebrpunimit;<\/li>\n<li>marr\u00ebdh\u00ebniet me p\u00ebrpunuesit;<\/li>\n<li>Masa mbrojt\u00ebse n\u00eb lidhje me transferimin;<\/li>\n<li>konsultimi paraprak.<\/li>\n<\/ul>\n<\/li>\n<li><u>Jan\u00eb kontrolluar rreziqet p\u00ebr t\u00eb drejtat dhe lirit\u00eb e t\u00eb anketuarve:<\/u>\n<ul>\n<li>burimi, natyra, ve\u00e7urit dhe serioziteti i rrezikut vler\u00ebsohen, n\u00eb m\u00ebnyr\u00eb m\u00eb t\u00eb detajuar, p\u00ebr secilin rrezik (qasje t\u00eb paautorizuar, ndryshime t\u00eb pad\u00ebshiruara dhe t\u00eb dh\u00ebna q\u00eb mungojn\u00eb) nga k\u00ebndv\u00ebshtrimi i subjekteve t\u00eb t\u00eb dh\u00ebnave personale:<\/li>\n<li>Merren\u00a0parasysh burimet e rrezikut;<\/li>\n<li>Efektet e mundshme n\u00eb t\u00eb drejtat dhe lirit\u00eb e subjekteve t\u00eb t\u00eb dh\u00ebnave personale jan\u00eb p\u00ebrcaktuar, nd\u00ebr t\u00eb tjera, n\u00eb rast t\u00eb qasjes s\u00eb paautorizuar, ndryshimeve t\u00eb pad\u00ebshiruara dhe t\u00eb dh\u00ebnave t\u00eb humbura;<\/li>\n<li>Jan\u00eb identifikuar k\u00ebrc\u00ebnime q\u00eb mund t\u00eb \u00e7ojn\u00eb n\u00eb qasje t\u00eb paautorizuar, ndryshim t\u00eb pad\u00ebshiruar dhe t\u00eb dh\u00ebna t\u00eb humbura;<\/li>\n<li>\u00cbshte vler\u00ebsuar probabiliteti dhe serioziteti;<\/li>\n<\/ul>\n<\/li>\n<li>Jan\u00eb parashikuar masa t\u00eb caktuara p\u00ebr t\u00eb eleminuar k\u00ebto rreziqe;<\/li>\n<\/ul>\n<\/li>\n<li><u>P\u00ebrfshihen pal\u00ebt e interesuara:<\/u>\n<ul>\n<li>\u00a0k\u00ebrkohet k\u00ebshill\u00eb nga oficeri;<\/li>\n<li>Aty ku \u00ebsht\u00eb e p\u00ebrshtatshme, k\u00ebrkohen mendime t\u00eb subjekteve t\u00eb t\u00eb dh\u00ebnave personale ose p\u00ebrfaq\u00ebsuesve t\u00eb tyre.<\/li>\n<\/ul>\n<\/li>\n<\/ul>\n<p>N\u00eb vazhdim jan\u00eb dh\u00ebn\u00eb shembuj t\u00eb qasjeve metodologjike p\u00ebr kryerjen e VNMDHP.<\/p>\n<p>Shembuj t\u00eb kornizave t\u00eb p\u00ebrgjithshme t\u00eb VNMDHP ne BE:<\/p>\n<ul>\n<li>Gjermani: Modeli standard i mbrojtjes s\u00eb t\u00eb dh\u00ebnave personale, V.1.0 &#8211; Versioni i Prov\u00ebs, t\u00eb vitit 2016 (Standard Data Protection Model, V.1.0 \u2013 Trial version, 2016).\u00a0<a href=\"https:\/\/www.datenschutzzentrum.de\/uploads\/SDM-Methodology_V1_EN1.pdf\">https:\/\/www.datenschutzzentrum.de\/uploads\/SDM<\/a><a href=\"https:\/\/www.datenschutzzentrum.de\/uploads\/SDM-Methodology_V1_EN1.pdf\">&#8211;<\/a><a href=\"https:\/\/www.datenschutzzentrum.de\/uploads\/SDM-Methodology_V1_EN1.pdf\">Methodology_V1_EN1.pdf<\/a><\/li>\n<\/ul>\n<ul>\n<li>Spanj\u00eb: Gu\u00eda para una Evaluaci\u00f3n de Impacto en la Protecci\u00f3n de Datos Personales (EIPD), Agencia espa\u00f1ola de protecci\u00f3n de datos (AGPD), 2014.<\/li>\n<\/ul>\n<p><a href=\"https:\/\/www.agpd.es\/portalwebAGPD\/canaldocumentacion\/publicaciones\/common\/Guias\/Guia_EIPD.pdf\">https:\/\/www.agpd.es\/portalwebAGPD\/canaldocumentacion\/publicaciones\/common\/Guias\/Gui\u00a0<\/a><a href=\"https:\/\/www.agpd.es\/portalwebAGPD\/canaldocumentacion\/publicaciones\/common\/Guias\/Guia_EIPD.pdf\">a_EIPD.pdf<\/a><\/p>\n<ul>\n<li>Franc\u00eb: Vler\u00ebsimi i Ndikimit t\u00eb Privat\u00ebsis\u00eb (VNP), Privacy Impact Assessment (PIA)), Commission nationale de l\u2019informatique et des libert\u00e9s (CNIL), 2015.\u00a0<a href=\"https:\/\/www.cnil.fr\/fr\/node\/15798\">https:\/\/www.cnil.fr\/fr\/node\/15798<\/a><\/li>\n<li>Mbret\u00ebria e Bashkuar: Zbatimi i kodeksit n\u00eb praktik\u00eb p\u00ebr Vler\u00ebsimin e Ndikimit t\u00eb Privat\u00ebsis\u00eb, Zyra e Komisionerit t\u00eb Informacionit (ICO), t\u00eb vitit 2014. (Conducting privacy impact assessments code of practice, Information Commissioner\u2019s Office (ICO), 2014).\u00a0<a href=\"https:\/\/ico.org.uk\/media\/for-organisations\/documents\/1595\/pia-code-of-practice.pdf\">https:\/\/ico.org.uk\/media\/for<\/a><a href=\"https:\/\/ico.org.uk\/media\/for-organisations\/documents\/1595\/pia-code-of-practice.pdf\">&#8211;<\/a><a href=\"https:\/\/ico.org.uk\/media\/for-organisations\/documents\/1595\/pia-code-of-practice.pdf\">organisations\/documents\/1595\/pia<\/a><a href=\"https:\/\/ico.org.uk\/media\/for-organisations\/documents\/1595\/pia-code-of-practice.pdf\">&#8211;<\/a><a href=\"https:\/\/ico.org.uk\/media\/for-organisations\/documents\/1595\/pia-code-of-practice.pdf\">code<\/a><a href=\"https:\/\/ico.org.uk\/media\/for-organisations\/documents\/1595\/pia-code-of-practice.pdf\">&#8211;<\/a><a href=\"https:\/\/ico.org.uk\/media\/for-organisations\/documents\/1595\/pia-code-of-practice.pdf\">of<\/a><a href=\"https:\/\/ico.org.uk\/media\/for-organisations\/documents\/1595\/pia-code-of-practice.pdf\">&#8211;<\/a><a href=\"https:\/\/ico.org.uk\/media\/for-organisations\/documents\/1595\/pia-code-of-practice.pdf\">practice.pdf<\/a><\/li>\n<\/ul>\n<ul>\n<li>Republika \u00c7eke: Metodika obecn\u00e9ho posouzen\u00ed vlivu na ochranu osobn\u00edch \u00fadaj\u016f, 23.10.2019, \u00da\u0159ad pro ochranu osobn\u00edch \u00fadaj\u016f (UOOU)\u00a0<a href=\"https:\/\/www.uoou.cz\/assets\/File.ashx?id_org=200144&amp;id_dokumenty=38693\">https:\/\/www.uoou.cz\/assets\/File.ashx?id_org=200144&amp;id_dokumenty=38693<\/a>.<\/li>\n<\/ul>\n<p>Shembuj t\u00eb korniz\u00ebs sektoriale t\u00eb VNMDHP n\u00eb BE:<\/p>\n<ul>\n<li>Korniza p\u00ebr vler\u00ebsimin e ndikimit t\u00eb privat\u00ebsis\u00eb dhe mbrojtjes s\u00eb t\u00eb dh\u00ebnave personale n\u00eb aplikacionet RFID<\/li>\n<\/ul>\n<p><a href=\"http:\/\/ec.europa.eu\/justice\/data\">http:\/\/ec.europa.eu\/justice\/data<\/a><a href=\"http:\/\/ec.europa.eu\/justice\/data-protection\/article-29\/documentation\/opinion-recommendation\/files\/2011\/wp180_annex_en.pdf\">&#8211;<\/a><a href=\"http:\/\/ec.europa.eu\/justice\/data-protection\/article-29\/documentation\/opinion-recommendation\/files\/2011\/wp180_annex_en.pdf\">protection\/article<\/a><a href=\"http:\/\/ec.europa.eu\/justice\/data-protection\/article-29\/documentation\/opinion-recommendation\/files\/2011\/wp180_annex_en.pdf\">&#8211;<\/a><a href=\"http:\/\/ec.europa.eu\/justice\/data-protection\/article-29\/documentation\/opinion-recommendation\/files\/2011\/wp180_annex_en.pdf\">29\/documentation\/opinion<\/a><a href=\"http:\/\/ec.europa.eu\/justice\/data-protection\/article-29\/documentation\/opinion-recommendation\/files\/2011\/wp180_annex_en.pdf\">recommendation\/files\/2011\/wp180_annex_en.pdf<\/a><\/p>\n<ul>\n<li>Formulari p\u00ebr vler\u00ebsimin e ndikimit n\u00eb mbrojtjen e t\u00eb dh\u00ebnave personale p\u00ebr rrjetet inteligjente dhe sistemet inteligjente t\u00eb matjes\u00a0<a href=\"http:\/\/ec.europa.eu\/energy\/sites\/ener\/files\/documents\/2014_dpia_smart_grids_forces.pdf\">http:\/\/ec.europa.eu\/energy\/sites\/ener\/files\/documents\/2014_dpia_smart_grids_forces.pdf<\/a><\/li>\n<\/ul>\n<p>Standardi nd\u00ebrkomb\u00ebtar<\/p>\n<ul>\n<li>ISO\/IEC 291343:\u00a0<a href=\"https:\/\/www.iso.org\/obp\/ui\/#iso:std:iso-iec:29134:ed-1:v1:en\">https:\/\/www.iso.org\/obp\/ui\/#iso:std:iso-iec:29134:ed-1:v1:enGjat\u00eb zbatimit t\u00eb VNMDHP -s\u00eb duhet t\u00eb merret parasysh gjithashtu edhe pajtueshm\u00ebria me Kodin e Mir\u00ebsjelljes\u00a0<u>(neni 44 i Ligjit p\u00ebr mbrojtjen e t\u00eb dh\u00ebnave personale).<\/u>\u00a0N\u00eb k\u00ebt\u00eb m\u00ebnyr\u00eb kontrolluesi mund t\u00eb tregoj\u00eb se ka zbatuar masat e adekuate, me kusht q\u00eb kodi i sjelljes t\u00eb korrespondoj\u00eb me procesin e p\u00ebrpunimit\u00a0<u>(neni 46 i Ligjit p\u00ebr mbrojtjen e t\u00eb dh\u00ebnave personale).<\/u><\/a><\/li>\n<\/ul>\n<p>Gjithashtu, gjat\u00eb zbatimit t\u00eb VNMDHP -s\u00eb, duhet t\u00eb merren parasysh certifikatat, si dhe vulat dhe shenjat p\u00ebr mbrojtjen e t\u00eb dh\u00ebnave personale (privacy seals), n\u00eb m\u00ebnyr\u00eb q\u00eb t\u00eb d\u00ebshmojn\u00eb pajtueshm\u00ebrin\u00eb me rregulloret e mbrojtjes s\u00eb t\u00eb dh\u00ebnave personale nga kontrolluesi.<\/p>\n<\/div><\/div><style type=\"text\/css\">.fusion-body .fusion-builder-column-0{width:100% !important;margin-top : 0px;margin-bottom : 20px;}.fusion-builder-column-0 > .fusion-column-wrapper {padding-top : 0px !important;padding-right : 0px !important;margin-right : 1.92%;padding-bottom : 0px !important;padding-left : 0px !important;margin-left : 1.92%;}@media only screen and (max-width:1024px) {.fusion-body .fusion-builder-column-0{width:100% !important;order : 0;}.fusion-builder-column-0 > .fusion-column-wrapper {margin-right : 1.92%;margin-left : 1.92%;}}@media only screen and (max-width:640px) {.fusion-body .fusion-builder-column-0{width:100% !important;order : 0;}.fusion-builder-column-0 > .fusion-column-wrapper {margin-right : 1.92%;margin-left : 1.92%;}}<\/style><\/div><\/div><style type=\"text\/css\">.fusion-body .fusion-flex-container.fusion-builder-row-1{ padding-top : 0px;margin-top : 0px;padding-right : 0px;padding-bottom : 0px;margin-bottom : 0px;padding-left : 0px;}<\/style><\/div>\n","protected":false},"excerpt":{"rendered":"","protected":false},"author":1,"featured_media":0,"parent":9634,"menu_order":0,"comment_status":"closed","ping_status":"closed","template":"","meta":{"footnotes":""},"yoast_head":"<!-- This site is optimized with the Yoast SEO plugin v19.9 - https:\/\/yoast.com\/wordpress\/plugins\/seo\/ -->\n<title>Metodologjia p\u00ebr zbatimin e VNMDHP-s\u00eb - \u0410\u0433\u0435\u043d\u0446\u0438\u0458\u0430 \u0437\u0430 \u0437\u0430\u0448\u0442\u0438\u0442\u0430 \u043d\u0430 \u043b\u0438\u0447\u043d\u0438\u0442\u0435 \u043f\u043e\u0434\u0430\u0442\u043e\u0446\u0438<\/title>\n<meta name=\"robots\" content=\"index, follow, max-snippet:-1, max-image-preview:large, max-video-preview:-1\" \/>\n<link rel=\"canonical\" href=\"https:\/\/azlp.mk\/sq\/kontrolloret\/drejtimet\/vleresimi-i-ndikimit-ne-mbrojtjen-e-te-dhenave-personale-pdpa\/metodologjia-per-zbatimin-e-pvzlp\/\" \/>\n<meta property=\"og:locale\" content=\"sq_AL\" \/>\n<meta property=\"og:type\" content=\"article\" \/>\n<meta property=\"og:title\" content=\"Metodologjia p\u00ebr zbatimin e VNMDHP-s\u00eb - \u0410\u0433\u0435\u043d\u0446\u0438\u0458\u0430 \u0437\u0430 \u0437\u0430\u0448\u0442\u0438\u0442\u0430 \u043d\u0430 \u043b\u0438\u0447\u043d\u0438\u0442\u0435 \u043f\u043e\u0434\u0430\u0442\u043e\u0446\u0438\" \/>\n<meta property=\"og:url\" content=\"https:\/\/azlp.mk\/sq\/kontrolloret\/drejtimet\/vleresimi-i-ndikimit-ne-mbrojtjen-e-te-dhenave-personale-pdpa\/metodologjia-per-zbatimin-e-pvzlp\/\" \/>\n<meta property=\"og:site_name\" content=\"\u0410\u0433\u0435\u043d\u0446\u0438\u0458\u0430 \u0437\u0430 \u0437\u0430\u0448\u0442\u0438\u0442\u0430 \u043d\u0430 \u043b\u0438\u0447\u043d\u0438\u0442\u0435 \u043f\u043e\u0434\u0430\u0442\u043e\u0446\u0438\" \/>\n<meta property=\"article:modified_time\" content=\"2022-12-15T13:06:12+00:00\" \/>\n<meta name=\"twitter:card\" content=\"summary_large_image\" \/>\n<meta name=\"twitter:label1\" content=\"Est. reading time\" \/>\n\t<meta name=\"twitter:data1\" content=\"5 minutes\" \/>\n<script type=\"application\/ld+json\" class=\"yoast-schema-graph\">{\"@context\":\"https:\/\/schema.org\",\"@graph\":[{\"@type\":\"WebPage\",\"@id\":\"https:\/\/azlp.mk\/sq\/kontrolloret\/drejtimet\/vleresimi-i-ndikimit-ne-mbrojtjen-e-te-dhenave-personale-pdpa\/metodologjia-per-zbatimin-e-pvzlp\/\",\"url\":\"https:\/\/azlp.mk\/sq\/kontrolloret\/drejtimet\/vleresimi-i-ndikimit-ne-mbrojtjen-e-te-dhenave-personale-pdpa\/metodologjia-per-zbatimin-e-pvzlp\/\",\"name\":\"Metodologjia p\u00ebr zbatimin e VNMDHP-s\u00eb - \u0410\u0433\u0435\u043d\u0446\u0438\u0458\u0430 \u0437\u0430 \u0437\u0430\u0448\u0442\u0438\u0442\u0430 \u043d\u0430 \u043b\u0438\u0447\u043d\u0438\u0442\u0435 \u043f\u043e\u0434\u0430\u0442\u043e\u0446\u0438\",\"isPartOf\":{\"@id\":\"https:\/\/azlp.mk\/#website\"},\"datePublished\":\"2022-09-14T14:02:10+00:00\",\"dateModified\":\"2022-12-15T13:06:12+00:00\",\"breadcrumb\":{\"@id\":\"https:\/\/azlp.mk\/sq\/kontrolloret\/drejtimet\/vleresimi-i-ndikimit-ne-mbrojtjen-e-te-dhenave-personale-pdpa\/metodologjia-per-zbatimin-e-pvzlp\/#breadcrumb\"},\"inLanguage\":\"sq-AL\",\"potentialAction\":[{\"@type\":\"ReadAction\",\"target\":[\"https:\/\/azlp.mk\/sq\/kontrolloret\/drejtimet\/vleresimi-i-ndikimit-ne-mbrojtjen-e-te-dhenave-personale-pdpa\/metodologjia-per-zbatimin-e-pvzlp\/\"]}]},{\"@type\":\"BreadcrumbList\",\"@id\":\"https:\/\/azlp.mk\/sq\/kontrolloret\/drejtimet\/vleresimi-i-ndikimit-ne-mbrojtjen-e-te-dhenave-personale-pdpa\/metodologjia-per-zbatimin-e-pvzlp\/#breadcrumb\",\"itemListElement\":[{\"@type\":\"ListItem\",\"position\":1,\"name\":\"Ballina\",\"item\":\"https:\/\/azlp.mk\/sq\/\"},{\"@type\":\"ListItem\",\"position\":2,\"name\":\"Kontrolluesit\",\"item\":\"https:\/\/azlp.mk\/sq\/kontrolloret\/\"},{\"@type\":\"ListItem\",\"position\":3,\"name\":\"Udh\u00ebzime\",\"item\":\"https:\/\/azlp.mk\/sq\/kontrolloret\/drejtimet\/\"},{\"@type\":\"ListItem\",\"position\":4,\"name\":\"Vler\u00ebsimi i ndikimit mbi mbrojtjen e t\u00eb dh\u00ebnave personale (VNMDHP)\",\"item\":\"https:\/\/azlp.mk\/sq\/kontrolloret\/drejtimet\/vleresimi-i-ndikimit-ne-mbrojtjen-e-te-dhenave-personale-pdpa\/\"},{\"@type\":\"ListItem\",\"position\":5,\"name\":\"Metodologjia p\u00ebr zbatimin e VNMDHP-s\u00eb\"}]},{\"@type\":\"WebSite\",\"@id\":\"https:\/\/azlp.mk\/#website\",\"url\":\"https:\/\/azlp.mk\/\",\"name\":\"\u0410\u0433\u0435\u043d\u0446\u0438\u0458\u0430 \u0437\u0430 \u0437\u0430\u0448\u0442\u0438\u0442\u0430 \u043d\u0430 \u043b\u0438\u0447\u043d\u0438\u0442\u0435 \u043f\u043e\u0434\u0430\u0442\u043e\u0446\u0438\",\"description\":\"\",\"potentialAction\":[{\"@type\":\"SearchAction\",\"target\":{\"@type\":\"EntryPoint\",\"urlTemplate\":\"https:\/\/azlp.mk\/?s={search_term_string}\"},\"query-input\":\"required name=search_term_string\"}],\"inLanguage\":\"sq-AL\"}]}<\/script>\n<!-- \/ Yoast SEO plugin. -->","yoast_head_json":{"title":"Metodologjia p\u00ebr zbatimin e VNMDHP-s\u00eb - \u0410\u0433\u0435\u043d\u0446\u0438\u0458\u0430 \u0437\u0430 \u0437\u0430\u0448\u0442\u0438\u0442\u0430 \u043d\u0430 \u043b\u0438\u0447\u043d\u0438\u0442\u0435 \u043f\u043e\u0434\u0430\u0442\u043e\u0446\u0438","robots":{"index":"index","follow":"follow","max-snippet":"max-snippet:-1","max-image-preview":"max-image-preview:large","max-video-preview":"max-video-preview:-1"},"canonical":"https:\/\/azlp.mk\/sq\/kontrolloret\/drejtimet\/vleresimi-i-ndikimit-ne-mbrojtjen-e-te-dhenave-personale-pdpa\/metodologjia-per-zbatimin-e-pvzlp\/","og_locale":"sq_AL","og_type":"article","og_title":"Metodologjia p\u00ebr zbatimin e VNMDHP-s\u00eb - \u0410\u0433\u0435\u043d\u0446\u0438\u0458\u0430 \u0437\u0430 \u0437\u0430\u0448\u0442\u0438\u0442\u0430 \u043d\u0430 \u043b\u0438\u0447\u043d\u0438\u0442\u0435 \u043f\u043e\u0434\u0430\u0442\u043e\u0446\u0438","og_url":"https:\/\/azlp.mk\/sq\/kontrolloret\/drejtimet\/vleresimi-i-ndikimit-ne-mbrojtjen-e-te-dhenave-personale-pdpa\/metodologjia-per-zbatimin-e-pvzlp\/","og_site_name":"\u0410\u0433\u0435\u043d\u0446\u0438\u0458\u0430 \u0437\u0430 \u0437\u0430\u0448\u0442\u0438\u0442\u0430 \u043d\u0430 \u043b\u0438\u0447\u043d\u0438\u0442\u0435 \u043f\u043e\u0434\u0430\u0442\u043e\u0446\u0438","article_modified_time":"2022-12-15T13:06:12+00:00","twitter_card":"summary_large_image","twitter_misc":{"Est. reading time":"5 minutes"},"schema":{"@context":"https:\/\/schema.org","@graph":[{"@type":"WebPage","@id":"https:\/\/azlp.mk\/sq\/kontrolloret\/drejtimet\/vleresimi-i-ndikimit-ne-mbrojtjen-e-te-dhenave-personale-pdpa\/metodologjia-per-zbatimin-e-pvzlp\/","url":"https:\/\/azlp.mk\/sq\/kontrolloret\/drejtimet\/vleresimi-i-ndikimit-ne-mbrojtjen-e-te-dhenave-personale-pdpa\/metodologjia-per-zbatimin-e-pvzlp\/","name":"Metodologjia p\u00ebr zbatimin e VNMDHP-s\u00eb - \u0410\u0433\u0435\u043d\u0446\u0438\u0458\u0430 \u0437\u0430 \u0437\u0430\u0448\u0442\u0438\u0442\u0430 \u043d\u0430 \u043b\u0438\u0447\u043d\u0438\u0442\u0435 \u043f\u043e\u0434\u0430\u0442\u043e\u0446\u0438","isPartOf":{"@id":"https:\/\/azlp.mk\/#website"},"datePublished":"2022-09-14T14:02:10+00:00","dateModified":"2022-12-15T13:06:12+00:00","breadcrumb":{"@id":"https:\/\/azlp.mk\/sq\/kontrolloret\/drejtimet\/vleresimi-i-ndikimit-ne-mbrojtjen-e-te-dhenave-personale-pdpa\/metodologjia-per-zbatimin-e-pvzlp\/#breadcrumb"},"inLanguage":"sq-AL","potentialAction":[{"@type":"ReadAction","target":["https:\/\/azlp.mk\/sq\/kontrolloret\/drejtimet\/vleresimi-i-ndikimit-ne-mbrojtjen-e-te-dhenave-personale-pdpa\/metodologjia-per-zbatimin-e-pvzlp\/"]}]},{"@type":"BreadcrumbList","@id":"https:\/\/azlp.mk\/sq\/kontrolloret\/drejtimet\/vleresimi-i-ndikimit-ne-mbrojtjen-e-te-dhenave-personale-pdpa\/metodologjia-per-zbatimin-e-pvzlp\/#breadcrumb","itemListElement":[{"@type":"ListItem","position":1,"name":"Ballina","item":"https:\/\/azlp.mk\/sq\/"},{"@type":"ListItem","position":2,"name":"Kontrolluesit","item":"https:\/\/azlp.mk\/sq\/kontrolloret\/"},{"@type":"ListItem","position":3,"name":"Udh\u00ebzime","item":"https:\/\/azlp.mk\/sq\/kontrolloret\/drejtimet\/"},{"@type":"ListItem","position":4,"name":"Vler\u00ebsimi i ndikimit mbi mbrojtjen e t\u00eb dh\u00ebnave personale (VNMDHP)","item":"https:\/\/azlp.mk\/sq\/kontrolloret\/drejtimet\/vleresimi-i-ndikimit-ne-mbrojtjen-e-te-dhenave-personale-pdpa\/"},{"@type":"ListItem","position":5,"name":"Metodologjia p\u00ebr zbatimin e VNMDHP-s\u00eb"}]},{"@type":"WebSite","@id":"https:\/\/azlp.mk\/#website","url":"https:\/\/azlp.mk\/","name":"\u0410\u0433\u0435\u043d\u0446\u0438\u0458\u0430 \u0437\u0430 \u0437\u0430\u0448\u0442\u0438\u0442\u0430 \u043d\u0430 \u043b\u0438\u0447\u043d\u0438\u0442\u0435 \u043f\u043e\u0434\u0430\u0442\u043e\u0446\u0438","description":"","potentialAction":[{"@type":"SearchAction","target":{"@type":"EntryPoint","urlTemplate":"https:\/\/azlp.mk\/?s={search_term_string}"},"query-input":"required name=search_term_string"}],"inLanguage":"sq-AL"}]}},"_links":{"self":[{"href":"https:\/\/azlp.mk\/sq\/wp-json\/wp\/v2\/pages\/9622"}],"collection":[{"href":"https:\/\/azlp.mk\/sq\/wp-json\/wp\/v2\/pages"}],"about":[{"href":"https:\/\/azlp.mk\/sq\/wp-json\/wp\/v2\/types\/page"}],"author":[{"embeddable":true,"href":"https:\/\/azlp.mk\/sq\/wp-json\/wp\/v2\/users\/1"}],"replies":[{"embeddable":true,"href":"https:\/\/azlp.mk\/sq\/wp-json\/wp\/v2\/comments?post=9622"}],"version-history":[{"count":3,"href":"https:\/\/azlp.mk\/sq\/wp-json\/wp\/v2\/pages\/9622\/revisions"}],"predecessor-version":[{"id":12883,"href":"https:\/\/azlp.mk\/sq\/wp-json\/wp\/v2\/pages\/9622\/revisions\/12883"}],"up":[{"embeddable":true,"href":"https:\/\/azlp.mk\/sq\/wp-json\/wp\/v2\/pages\/9634"}],"wp:attachment":[{"href":"https:\/\/azlp.mk\/sq\/wp-json\/wp\/v2\/media?parent=9622"}],"curies":[{"name":"wp","href":"https:\/\/api.w.org\/{rel}","templated":true}]}}