{"id":9613,"date":"2022-08-10T13:52:44","date_gmt":"2022-08-10T11:52:44","guid":{"rendered":"https:\/\/azlp.mk\/politika-e-kukive\/"},"modified":"2022-11-24T18:55:52","modified_gmt":"2022-11-24T16:55:52","slug":"politika-e-kukive","status":"publish","type":"page","link":"https:\/\/azlp.mk\/sq\/politika-e-kukive\/","title":{"rendered":"Politika e kukive"},"content":{"rendered":"<div class=\"fusion-fullwidth fullwidth-box fusion-builder-row-1 fusion-flex-container has-pattern-background has-mask-background nonhundred-percent-fullwidth non-hundred-percent-height-scrolling\" style=\"background-color: #f2f2f2;background-position: center center;background-repeat: no-repeat;border-width: 0px 0px 0px 0px;border-color:#f2f2f2;border-style:solid;\" ><div class=\"fusion-builder-row fusion-row fusion-flex-align-items-flex-start\" style=\"max-width:1248px;margin-left: calc(-4% \/ 2 );margin-right: calc(-4% \/ 2 );\"><div class=\"fusion-layout-column fusion_builder_column fusion-builder-column-0 fusion_builder_column_1_1 1_1 fusion-flex-column\"><div class=\"fusion-column-wrapper fusion-flex-justify-content-flex-start fusion-content-layout-column\" style=\"background-position:left top;background-repeat:no-repeat;-webkit-background-size:cover;-moz-background-size:cover;-o-background-size:cover;background-size:cover;padding: 0px 0px 0px 0px;\"><div class=\"fusion-text fusion-text-1\"><p><strong>\u00c7far\u00eb jan\u00eb cookies?<\/strong><\/p>\n<p>Cookies jan\u00eb skedar\u00eb t\u00eb vegj\u00ebl teksti t\u00eb vendosur n\u00eb kompjuterin ose telefonin tuaj celular nga faqet e internetit q\u00eb vizitoni. K\u00ebta skedar\u00eb teksti mund t\u00eb lexohen nga faqet e internetit q\u00eb vizitoni dhe ndihmojn\u00eb n\u00eb identifikimin tuaj kur hapni p\u00ebrs\u00ebri faqen e internetit. K\u00ebto skedar\u00eb teksti mund t\u00eb jen\u00eb &#8220;t\u00eb p\u00ebrhersh\u00ebm&#8221; ose &#8220;t\u00eb p\u00ebrkohsh\u00ebm&#8221;. Cookies t\u00eb p\u00ebrhershme mbeten n\u00eb kompjuterin tuaj edhe kur fikni shfletuesin (kaloni jasht\u00eb linje), nd\u00ebrsa skedar\u00ebt e p\u00ebrkohsh\u00ebm fshihen sapo t\u00eb mbyllni shfletuesin e internetit. Cookies p\u00ebrdoren p\u00ebr disa q\u00ebllime, t\u00eb tilla si p\u00ebr t\u00eb kujtuar aktivitetet dhe preferencat tuaja (p\u00ebrfshirjet, preferencat gjuh\u00ebsore, madh\u00ebsia e shkronjave ose m\u00ebnyra se si ju shfaqet faqja), p\u00ebr t\u00eb ofruar p\u00ebrmbajtje t\u00eb personalizuar\/p\u00ebrshtatur n\u00eb faqen e internetit dhe p\u00ebr t\u00eb shfaqur historin\u00eb e navigimit t\u00eb nj\u00ebjt\u00eb.<\/p>\n<p><strong>Pse p\u00ebrdorim cookies?<\/strong><\/p>\n<p>Ne p\u00ebrdorim cookies n\u00eb k\u00ebt\u00eb faqe interneti p\u00ebr arsyet e m\u00ebposhtme:<\/p>\n<ul>\n<li>P\u00ebr funksionimin teknik t\u00eb faqes s\u00eb internetit;<\/li>\n<li>P\u00ebr mbledhjen e t\u00eb dh\u00ebnave statistikore agregate dhe anonime;<\/li>\n<li>P\u00ebr t\u00eb kujtuar preferencat tuaja p\u00ebr m\u00ebnyr\u00ebn se si shfaqet faqja (preferencat e cil\u00ebsimeve t\u00eb ekranit), t\u00eb tilla si kontrasti i ngjyrave ose madh\u00ebsia e shkronjave;<\/li>\n<li>P\u00ebr t\u00eb mbajtur mend, n\u00ebse jeni dakord (ose jo) me p\u00ebrdorimin ton\u00eb t\u00eb cookies n\u00eb k\u00ebt\u00eb faqe interneti.<\/li>\n<\/ul>\n<p>Kur vizitoni faqen ton\u00eb t\u00eb internetit, ne mund t\u00eb mbledhim disa t\u00eb dh\u00ebna nga k\u00ebrkimi juaj, si p.sh. adres\u00ebn tuaj IP, cil\u00ebn p\u00ebrmbajtje t\u00eb faqes s\u00eb internetit AZLP keni vizituar, kur e keni vizituar at\u00eb dhe nga cila faqe interneti jeni ridrejtuar.<\/p>\n<p>Kur vizitoni faqen ton\u00eb t\u00eb internetit, ne p\u00ebrdorim sh\u00ebrbimin e pal\u00ebve t\u00eb treta Google Analytics p\u00ebr t\u00eb mbledhur informacione standarde n\u00eb lidhje me aksesin dhe detaje rreth sjelljes s\u00eb vizitor\u00ebve, por n\u00eb nj\u00eb m\u00ebnyr\u00eb q\u00eb nuk lejon ask\u00ebnd t\u00eb identifikohet dhe as nuk \u00ebsht\u00eb e mundur q\u00eb Google t\u00eb zbuloj\u00eb identitetin nga ata q\u00eb e vizituan. faqen ton\u00eb t\u00eb internetit.<\/p>\n<p><strong>\u00c7far\u00eb lloj cookie-sh p\u00ebrdorim?<\/strong><\/p>\n<p>Ne p\u00ebrdorim cookie t\u00eb vazhdueshme, t\u00eb cilat kujtojn\u00eb k\u00ebrkimin\/sesionin kur p\u00ebrdoruesi mbyll shfletuesin, p\u00ebr t\u00eb ruajtur gjendjen e p\u00ebrdoruesit.<\/p>\n<p><strong>Mund t\u00eb fshini ose kontrolloni cookies?<\/strong><\/p>\n<p>Informacioni n\u00eb lidhje me cookies nuk p\u00ebrdoret p\u00ebr identifikimin tuaj personal. Pranimi i k\u00ebtyre cookies nuk \u00ebsht\u00eb i nevojsh\u00ebm p\u00ebr funksionimin e sajtit, por ato do t&#8217;ju ofrojn\u00eb nj\u00eb p\u00ebrvoj\u00eb m\u00eb t\u00eb mir\u00eb shfletimi. N\u00ebse i d\u00ebshironi k\u00ebto cookie, mund t&#8217;i fshini ose bllokoni ato, por n\u00ebse e b\u00ebni k\u00ebt\u00eb, disa ve\u00e7ori t\u00eb k\u00ebsaj faqe interneti mund t\u00eb mos funksionojn\u00eb si\u00e7 duhet.<\/p>\n<p>Ju mund t\u00eb fshini t\u00eb gjitha cookies q\u00eb jan\u00eb tashm\u00eb n\u00eb kompjuterin tuaj dhe mund t\u00eb vendosni shumic\u00ebn e motor\u00ebve t\u00eb k\u00ebrkimit p\u00ebr t&#8217;i parandaluar ato. N\u00ebse e b\u00ebni k\u00ebt\u00eb, mund t&#8217;ju duhet t\u00eb rregulloni manualisht preferencat tuaja sa her\u00eb q\u00eb vizitoni nj\u00eb faqe interneti dhe disa sh\u00ebrbime dhe funksione mund t\u00eb mos funksionojn\u00eb.<\/p>\n<\/div><\/div><style type=\"text\/css\">.fusion-body .fusion-builder-column-0{width:100% !important;margin-top : 0px;margin-bottom : 20px;}.fusion-builder-column-0 > .fusion-column-wrapper {padding-top : 0px !important;padding-right : 0px !important;margin-right : 1.92%;padding-bottom : 0px !important;padding-left : 0px !important;margin-left : 1.92%;}@media only screen and (max-width:1024px) {.fusion-body .fusion-builder-column-0{width:100% !important;order : 0;}.fusion-builder-column-0 > .fusion-column-wrapper {margin-right : 1.92%;margin-left : 1.92%;}}@media only screen and (max-width:640px) {.fusion-body .fusion-builder-column-0{width:100% !important;order : 0;}.fusion-builder-column-0 > .fusion-column-wrapper {margin-right : 1.92%;margin-left : 1.92%;}}<\/style><\/div><\/div><style type=\"text\/css\">.fusion-body .fusion-flex-container.fusion-builder-row-1{ padding-top : 0px;margin-top : 0px;padding-right : 0px;padding-bottom : 0px;margin-bottom : 0px;padding-left : 0px;}<\/style><\/div>\n","protected":false},"excerpt":{"rendered":"","protected":false},"author":1,"featured_media":0,"parent":0,"menu_order":0,"comment_status":"closed","ping_status":"closed","template":"100-width.php","meta":{"footnotes":""},"yoast_head":"<!-- This site is optimized with the Yoast SEO plugin v19.9 - https:\/\/yoast.com\/wordpress\/plugins\/seo\/ -->\n<title>Politika e kukive - \u0410\u0433\u0435\u043d\u0446\u0438\u0458\u0430 \u0437\u0430 \u0437\u0430\u0448\u0442\u0438\u0442\u0430 \u043d\u0430 \u043b\u0438\u0447\u043d\u0438\u0442\u0435 \u043f\u043e\u0434\u0430\u0442\u043e\u0446\u0438<\/title>\n<meta name=\"robots\" content=\"index, follow, max-snippet:-1, max-image-preview:large, max-video-preview:-1\" \/>\n<link rel=\"canonical\" href=\"https:\/\/azlp.mk\/sq\/politika-e-kukive\/\" \/>\n<meta property=\"og:locale\" content=\"sq_AL\" \/>\n<meta property=\"og:type\" content=\"article\" \/>\n<meta property=\"og:title\" content=\"Politika e kukive - \u0410\u0433\u0435\u043d\u0446\u0438\u0458\u0430 \u0437\u0430 \u0437\u0430\u0448\u0442\u0438\u0442\u0430 \u043d\u0430 \u043b\u0438\u0447\u043d\u0438\u0442\u0435 \u043f\u043e\u0434\u0430\u0442\u043e\u0446\u0438\" \/>\n<meta property=\"og:url\" content=\"https:\/\/azlp.mk\/sq\/politika-e-kukive\/\" \/>\n<meta property=\"og:site_name\" content=\"\u0410\u0433\u0435\u043d\u0446\u0438\u0458\u0430 \u0437\u0430 \u0437\u0430\u0448\u0442\u0438\u0442\u0430 \u043d\u0430 \u043b\u0438\u0447\u043d\u0438\u0442\u0435 \u043f\u043e\u0434\u0430\u0442\u043e\u0446\u0438\" \/>\n<meta property=\"article:modified_time\" content=\"2022-11-24T16:55:52+00:00\" \/>\n<meta name=\"twitter:card\" content=\"summary_large_image\" \/>\n<meta name=\"twitter:label1\" content=\"Est. reading time\" \/>\n\t<meta name=\"twitter:data1\" content=\"6 minutes\" \/>\n<script type=\"application\/ld+json\" class=\"yoast-schema-graph\">{\"@context\":\"https:\/\/schema.org\",\"@graph\":[{\"@type\":\"WebPage\",\"@id\":\"https:\/\/azlp.mk\/sq\/politika-e-kukive\/\",\"url\":\"https:\/\/azlp.mk\/sq\/politika-e-kukive\/\",\"name\":\"Politika e kukive - \u0410\u0433\u0435\u043d\u0446\u0438\u0458\u0430 \u0437\u0430 \u0437\u0430\u0448\u0442\u0438\u0442\u0430 \u043d\u0430 \u043b\u0438\u0447\u043d\u0438\u0442\u0435 \u043f\u043e\u0434\u0430\u0442\u043e\u0446\u0438\",\"isPartOf\":{\"@id\":\"https:\/\/azlp.mk\/#website\"},\"datePublished\":\"2022-08-10T11:52:44+00:00\",\"dateModified\":\"2022-11-24T16:55:52+00:00\",\"breadcrumb\":{\"@id\":\"https:\/\/azlp.mk\/sq\/politika-e-kukive\/#breadcrumb\"},\"inLanguage\":\"sq-AL\",\"potentialAction\":[{\"@type\":\"ReadAction\",\"target\":[\"https:\/\/azlp.mk\/sq\/politika-e-kukive\/\"]}]},{\"@type\":\"BreadcrumbList\",\"@id\":\"https:\/\/azlp.mk\/sq\/politika-e-kukive\/#breadcrumb\",\"itemListElement\":[{\"@type\":\"ListItem\",\"position\":1,\"name\":\"Ballina\",\"item\":\"https:\/\/azlp.mk\/sq\/\"},{\"@type\":\"ListItem\",\"position\":2,\"name\":\"Politika e kukive\"}]},{\"@type\":\"WebSite\",\"@id\":\"https:\/\/azlp.mk\/#website\",\"url\":\"https:\/\/azlp.mk\/\",\"name\":\"\u0410\u0433\u0435\u043d\u0446\u0438\u0458\u0430 \u0437\u0430 \u0437\u0430\u0448\u0442\u0438\u0442\u0430 \u043d\u0430 \u043b\u0438\u0447\u043d\u0438\u0442\u0435 \u043f\u043e\u0434\u0430\u0442\u043e\u0446\u0438\",\"description\":\"\",\"potentialAction\":[{\"@type\":\"SearchAction\",\"target\":{\"@type\":\"EntryPoint\",\"urlTemplate\":\"https:\/\/azlp.mk\/?s={search_term_string}\"},\"query-input\":\"required name=search_term_string\"}],\"inLanguage\":\"sq-AL\"}]}<\/script>\n<!-- \/ Yoast SEO plugin. -->","yoast_head_json":{"title":"Politika e kukive - \u0410\u0433\u0435\u043d\u0446\u0438\u0458\u0430 \u0437\u0430 \u0437\u0430\u0448\u0442\u0438\u0442\u0430 \u043d\u0430 \u043b\u0438\u0447\u043d\u0438\u0442\u0435 \u043f\u043e\u0434\u0430\u0442\u043e\u0446\u0438","robots":{"index":"index","follow":"follow","max-snippet":"max-snippet:-1","max-image-preview":"max-image-preview:large","max-video-preview":"max-video-preview:-1"},"canonical":"https:\/\/azlp.mk\/sq\/politika-e-kukive\/","og_locale":"sq_AL","og_type":"article","og_title":"Politika e kukive - \u0410\u0433\u0435\u043d\u0446\u0438\u0458\u0430 \u0437\u0430 \u0437\u0430\u0448\u0442\u0438\u0442\u0430 \u043d\u0430 \u043b\u0438\u0447\u043d\u0438\u0442\u0435 \u043f\u043e\u0434\u0430\u0442\u043e\u0446\u0438","og_url":"https:\/\/azlp.mk\/sq\/politika-e-kukive\/","og_site_name":"\u0410\u0433\u0435\u043d\u0446\u0438\u0458\u0430 \u0437\u0430 \u0437\u0430\u0448\u0442\u0438\u0442\u0430 \u043d\u0430 \u043b\u0438\u0447\u043d\u0438\u0442\u0435 \u043f\u043e\u0434\u0430\u0442\u043e\u0446\u0438","article_modified_time":"2022-11-24T16:55:52+00:00","twitter_card":"summary_large_image","twitter_misc":{"Est. reading time":"6 minutes"},"schema":{"@context":"https:\/\/schema.org","@graph":[{"@type":"WebPage","@id":"https:\/\/azlp.mk\/sq\/politika-e-kukive\/","url":"https:\/\/azlp.mk\/sq\/politika-e-kukive\/","name":"Politika e kukive - \u0410\u0433\u0435\u043d\u0446\u0438\u0458\u0430 \u0437\u0430 \u0437\u0430\u0448\u0442\u0438\u0442\u0430 \u043d\u0430 \u043b\u0438\u0447\u043d\u0438\u0442\u0435 \u043f\u043e\u0434\u0430\u0442\u043e\u0446\u0438","isPartOf":{"@id":"https:\/\/azlp.mk\/#website"},"datePublished":"2022-08-10T11:52:44+00:00","dateModified":"2022-11-24T16:55:52+00:00","breadcrumb":{"@id":"https:\/\/azlp.mk\/sq\/politika-e-kukive\/#breadcrumb"},"inLanguage":"sq-AL","potentialAction":[{"@type":"ReadAction","target":["https:\/\/azlp.mk\/sq\/politika-e-kukive\/"]}]},{"@type":"BreadcrumbList","@id":"https:\/\/azlp.mk\/sq\/politika-e-kukive\/#breadcrumb","itemListElement":[{"@type":"ListItem","position":1,"name":"Ballina","item":"https:\/\/azlp.mk\/sq\/"},{"@type":"ListItem","position":2,"name":"Politika e kukive"}]},{"@type":"WebSite","@id":"https:\/\/azlp.mk\/#website","url":"https:\/\/azlp.mk\/","name":"\u0410\u0433\u0435\u043d\u0446\u0438\u0458\u0430 \u0437\u0430 \u0437\u0430\u0448\u0442\u0438\u0442\u0430 \u043d\u0430 \u043b\u0438\u0447\u043d\u0438\u0442\u0435 \u043f\u043e\u0434\u0430\u0442\u043e\u0446\u0438","description":"","potentialAction":[{"@type":"SearchAction","target":{"@type":"EntryPoint","urlTemplate":"https:\/\/azlp.mk\/?s={search_term_string}"},"query-input":"required name=search_term_string"}],"inLanguage":"sq-AL"}]}},"_links":{"self":[{"href":"https:\/\/azlp.mk\/sq\/wp-json\/wp\/v2\/pages\/9613"}],"collection":[{"href":"https:\/\/azlp.mk\/sq\/wp-json\/wp\/v2\/pages"}],"about":[{"href":"https:\/\/azlp.mk\/sq\/wp-json\/wp\/v2\/types\/page"}],"author":[{"embeddable":true,"href":"https:\/\/azlp.mk\/sq\/wp-json\/wp\/v2\/users\/1"}],"replies":[{"embeddable":true,"href":"https:\/\/azlp.mk\/sq\/wp-json\/wp\/v2\/comments?post=9613"}],"version-history":[{"count":11,"href":"https:\/\/azlp.mk\/sq\/wp-json\/wp\/v2\/pages\/9613\/revisions"}],"predecessor-version":[{"id":10306,"href":"https:\/\/azlp.mk\/sq\/wp-json\/wp\/v2\/pages\/9613\/revisions\/10306"}],"wp:attachment":[{"href":"https:\/\/azlp.mk\/sq\/wp-json\/wp\/v2\/media?parent=9613"}],"curies":[{"name":"wp","href":"https:\/\/api.w.org\/{rel}","templated":true}]}}