{"id":10370,"date":"2022-11-19T17:18:31","date_gmt":"2022-11-19T15:18:31","guid":{"rendered":"https:\/\/azlp.mk\/kontrolloret\/oficeret\/ngjarjet\/trajnimi-per-mbrojtjen-e-te-dhenave-personale-21-10-2020-i-perfunduar\/"},"modified":"2022-11-24T18:57:50","modified_gmt":"2022-11-24T16:57:50","slug":"trajnimi-per-mbrojtjen-e-te-dhenave-personale-21-10-2020-i-perfunduar","status":"publish","type":"page","link":"https:\/\/azlp.mk\/sq\/kontrolloret\/oficere\/ngjarjet\/trajnimi-per-mbrojtjen-e-te-dhenave-personale-21-10-2020-i-perfunduar\/","title":{"rendered":"Trajnimi p\u00ebr mbrojtjen e t\u00eb dh\u00ebnave personale 21.10.2020 &#8211; i p\u00ebrfunduar"},"content":{"rendered":"<div class=\"fusion-fullwidth fullwidth-box fusion-builder-row-1 fusion-flex-container has-pattern-background has-mask-background nonhundred-percent-fullwidth non-hundred-percent-height-scrolling\" style=\"background-color: #f2f2f2;background-position: center center;background-repeat: no-repeat;border-width: 0px 0px 0px 0px;border-color:#f2f2f2;border-style:solid;\" ><div class=\"fusion-builder-row fusion-row fusion-flex-align-items-flex-start\" style=\"max-width:1248px;margin-left: calc(-4% \/ 2 );margin-right: calc(-4% \/ 2 );\"><div class=\"fusion-layout-column fusion_builder_column fusion-builder-column-0 fusion_builder_column_1_1 1_1 fusion-flex-column\"><div class=\"fusion-column-wrapper fusion-flex-justify-content-flex-start fusion-content-layout-column\" style=\"background-position:left top;background-repeat:no-repeat;-webkit-background-size:cover;-moz-background-size:cover;-o-background-size:cover;background-size:cover;padding: 0px 0px 0px 0px;\"><div class=\"fusion-text fusion-text-1\"><div class=\"field field-name-body field-type-text-with-summary field-label-hidden\">\n<div class=\"field-items\">\n<div class=\"field-item even\">\n<p>M\u00eb dat\u00eb 21.10.2020 n\u00eb ambientet e Agjencis\u00eb p\u00ebr Mbrojtjen e t\u00eb Dh\u00ebnave Personale do t\u00eb mbahet: \u201cTrajnimi p\u00ebr Mbrojtjen e t\u00eb Dh\u00ebnave Personale\u201d, i cili do t\u00eb p\u00ebrfshij\u00eb t\u00eb gjitha aspektet q\u00eb kan\u00eb t\u00eb b\u00ebjn\u00eb me mbrojtjen e t\u00eb dh\u00ebnave personale, pra Ligjin e ri p\u00ebr Mbrojtjen e t\u00eb Dh\u00ebnave Personale. t\u00eb dh\u00ebnat, si dhe aktet n\u00ebnligjore t\u00eb miratuara nga Agjencia.<\/p>\n<p>Ju mund t&#8217;i dor\u00ebzoni k\u00ebrkesat tuaja p\u00ebr trajnim n\u00eb adresat e m\u00ebposhtme t\u00eb e-mail: <a href=\"mailto:milenko.marinkovic@privacy.mk\">milenko.marinkovic@privacy.mk<\/a> ose n\u00eb <a href=\"mailto:obuki@privacy.mk\">obuki@privacy.mk<\/a><\/p>\n<p>Telefoni kontaktues: 02 3 230 635 lok 018.<\/p>\n<\/div>\n<\/div>\n<\/div>\n<div class=\"field field-name-field-event-date field-type-datetime field-label-above\">\n<div class=\"field-label\">Datat: <\/div>\n<div class=\"field-items\">\n<div class=\"field-item even\"><span class=\"date-display-single\">E m\u00ebrkur\u00eb, 21 tetor 2020 &#8211; ora 10:00<\/span><\/div>\n<\/div>\n<\/div>\n<\/div><\/div><style type=\"text\/css\">.fusion-body .fusion-builder-column-0{width:100% !important;margin-top : 0px;margin-bottom : 20px;}.fusion-builder-column-0 > .fusion-column-wrapper {padding-top : 0px !important;padding-right : 0px !important;margin-right : 1.92%;padding-bottom : 0px !important;padding-left : 0px !important;margin-left : 1.92%;}@media only screen and (max-width:1024px) {.fusion-body .fusion-builder-column-0{width:100% !important;order : 0;}.fusion-builder-column-0 > .fusion-column-wrapper {margin-right : 1.92%;margin-left : 1.92%;}}@media only screen and (max-width:640px) {.fusion-body .fusion-builder-column-0{width:100% !important;order : 0;}.fusion-builder-column-0 > .fusion-column-wrapper {margin-right : 1.92%;margin-left : 1.92%;}}<\/style><\/div><\/div><style type=\"text\/css\">.fusion-body .fusion-flex-container.fusion-builder-row-1{ padding-top : 0px;margin-top : 0px;padding-right : 0px;padding-bottom : 0px;margin-bottom : 0px;padding-left : 0px;}<\/style><\/div>\n","protected":false},"excerpt":{"rendered":"","protected":false},"author":1,"featured_media":0,"parent":9946,"menu_order":0,"comment_status":"closed","ping_status":"closed","template":"","meta":{"footnotes":""},"yoast_head":"<!-- This site is optimized with the Yoast SEO plugin v19.9 - https:\/\/yoast.com\/wordpress\/plugins\/seo\/ -->\n<title>Trajnimi p\u00ebr mbrojtjen e t\u00eb dh\u00ebnave personale 21.10.2020 - i p\u00ebrfunduar - \u0410\u0433\u0435\u043d\u0446\u0438\u0458\u0430 \u0437\u0430 \u0437\u0430\u0448\u0442\u0438\u0442\u0430 \u043d\u0430 \u043b\u0438\u0447\u043d\u0438\u0442\u0435 \u043f\u043e\u0434\u0430\u0442\u043e\u0446\u0438<\/title>\n<meta name=\"robots\" content=\"index, follow, max-snippet:-1, max-image-preview:large, max-video-preview:-1\" \/>\n<link rel=\"canonical\" href=\"https:\/\/azlp.mk\/sq\/kontrolloret\/oficere\/ngjarjet\/trajnimi-per-mbrojtjen-e-te-dhenave-personale-21-10-2020-i-perfunduar\/\" \/>\n<meta property=\"og:locale\" content=\"sq_AL\" \/>\n<meta property=\"og:type\" content=\"article\" \/>\n<meta property=\"og:title\" content=\"Trajnimi p\u00ebr mbrojtjen e t\u00eb dh\u00ebnave personale 21.10.2020 - i p\u00ebrfunduar - \u0410\u0433\u0435\u043d\u0446\u0438\u0458\u0430 \u0437\u0430 \u0437\u0430\u0448\u0442\u0438\u0442\u0430 \u043d\u0430 \u043b\u0438\u0447\u043d\u0438\u0442\u0435 \u043f\u043e\u0434\u0430\u0442\u043e\u0446\u0438\" \/>\n<meta property=\"og:url\" content=\"https:\/\/azlp.mk\/sq\/kontrolloret\/oficere\/ngjarjet\/trajnimi-per-mbrojtjen-e-te-dhenave-personale-21-10-2020-i-perfunduar\/\" \/>\n<meta property=\"og:site_name\" content=\"\u0410\u0433\u0435\u043d\u0446\u0438\u0458\u0430 \u0437\u0430 \u0437\u0430\u0448\u0442\u0438\u0442\u0430 \u043d\u0430 \u043b\u0438\u0447\u043d\u0438\u0442\u0435 \u043f\u043e\u0434\u0430\u0442\u043e\u0446\u0438\" \/>\n<meta property=\"article:modified_time\" content=\"2022-11-24T16:57:50+00:00\" \/>\n<meta name=\"twitter:card\" content=\"summary_large_image\" \/>\n<meta name=\"twitter:label1\" content=\"Est. reading time\" \/>\n\t<meta name=\"twitter:data1\" content=\"3 minutes\" \/>\n<script type=\"application\/ld+json\" class=\"yoast-schema-graph\">{\"@context\":\"https:\/\/schema.org\",\"@graph\":[{\"@type\":\"WebPage\",\"@id\":\"https:\/\/azlp.mk\/sq\/kontrolloret\/oficere\/ngjarjet\/trajnimi-per-mbrojtjen-e-te-dhenave-personale-21-10-2020-i-perfunduar\/\",\"url\":\"https:\/\/azlp.mk\/sq\/kontrolloret\/oficere\/ngjarjet\/trajnimi-per-mbrojtjen-e-te-dhenave-personale-21-10-2020-i-perfunduar\/\",\"name\":\"Trajnimi p\u00ebr mbrojtjen e t\u00eb dh\u00ebnave personale 21.10.2020 - i p\u00ebrfunduar - \u0410\u0433\u0435\u043d\u0446\u0438\u0458\u0430 \u0437\u0430 \u0437\u0430\u0448\u0442\u0438\u0442\u0430 \u043d\u0430 \u043b\u0438\u0447\u043d\u0438\u0442\u0435 \u043f\u043e\u0434\u0430\u0442\u043e\u0446\u0438\",\"isPartOf\":{\"@id\":\"https:\/\/azlp.mk\/#website\"},\"datePublished\":\"2022-11-19T15:18:31+00:00\",\"dateModified\":\"2022-11-24T16:57:50+00:00\",\"breadcrumb\":{\"@id\":\"https:\/\/azlp.mk\/sq\/kontrolloret\/oficere\/ngjarjet\/trajnimi-per-mbrojtjen-e-te-dhenave-personale-21-10-2020-i-perfunduar\/#breadcrumb\"},\"inLanguage\":\"sq-AL\",\"potentialAction\":[{\"@type\":\"ReadAction\",\"target\":[\"https:\/\/azlp.mk\/sq\/kontrolloret\/oficere\/ngjarjet\/trajnimi-per-mbrojtjen-e-te-dhenave-personale-21-10-2020-i-perfunduar\/\"]}]},{\"@type\":\"BreadcrumbList\",\"@id\":\"https:\/\/azlp.mk\/sq\/kontrolloret\/oficere\/ngjarjet\/trajnimi-per-mbrojtjen-e-te-dhenave-personale-21-10-2020-i-perfunduar\/#breadcrumb\",\"itemListElement\":[{\"@type\":\"ListItem\",\"position\":1,\"name\":\"Ballina\",\"item\":\"https:\/\/azlp.mk\/sq\/\"},{\"@type\":\"ListItem\",\"position\":2,\"name\":\"Kontrolluesit\",\"item\":\"https:\/\/azlp.mk\/sq\/kontrolloret\/\"},{\"@type\":\"ListItem\",\"position\":3,\"name\":\"Oficer\u00eb\",\"item\":\"https:\/\/azlp.mk\/sq\/kontrolloret\/oficere\/\"},{\"@type\":\"ListItem\",\"position\":4,\"name\":\"Ngjarjet\",\"item\":\"https:\/\/azlp.mk\/sq\/kontrolloret\/oficere\/ngjarjet\/\"},{\"@type\":\"ListItem\",\"position\":5,\"name\":\"Trajnimi p\u00ebr mbrojtjen e t\u00eb dh\u00ebnave personale 21.10.2020 &#8211; i p\u00ebrfunduar\"}]},{\"@type\":\"WebSite\",\"@id\":\"https:\/\/azlp.mk\/#website\",\"url\":\"https:\/\/azlp.mk\/\",\"name\":\"\u0410\u0433\u0435\u043d\u0446\u0438\u0458\u0430 \u0437\u0430 \u0437\u0430\u0448\u0442\u0438\u0442\u0430 \u043d\u0430 \u043b\u0438\u0447\u043d\u0438\u0442\u0435 \u043f\u043e\u0434\u0430\u0442\u043e\u0446\u0438\",\"description\":\"\",\"potentialAction\":[{\"@type\":\"SearchAction\",\"target\":{\"@type\":\"EntryPoint\",\"urlTemplate\":\"https:\/\/azlp.mk\/?s={search_term_string}\"},\"query-input\":\"required name=search_term_string\"}],\"inLanguage\":\"sq-AL\"}]}<\/script>\n<!-- \/ Yoast SEO plugin. -->","yoast_head_json":{"title":"Trajnimi p\u00ebr mbrojtjen e t\u00eb dh\u00ebnave personale 21.10.2020 - i p\u00ebrfunduar - \u0410\u0433\u0435\u043d\u0446\u0438\u0458\u0430 \u0437\u0430 \u0437\u0430\u0448\u0442\u0438\u0442\u0430 \u043d\u0430 \u043b\u0438\u0447\u043d\u0438\u0442\u0435 \u043f\u043e\u0434\u0430\u0442\u043e\u0446\u0438","robots":{"index":"index","follow":"follow","max-snippet":"max-snippet:-1","max-image-preview":"max-image-preview:large","max-video-preview":"max-video-preview:-1"},"canonical":"https:\/\/azlp.mk\/sq\/kontrolloret\/oficere\/ngjarjet\/trajnimi-per-mbrojtjen-e-te-dhenave-personale-21-10-2020-i-perfunduar\/","og_locale":"sq_AL","og_type":"article","og_title":"Trajnimi p\u00ebr mbrojtjen e t\u00eb dh\u00ebnave personale 21.10.2020 - i p\u00ebrfunduar - \u0410\u0433\u0435\u043d\u0446\u0438\u0458\u0430 \u0437\u0430 \u0437\u0430\u0448\u0442\u0438\u0442\u0430 \u043d\u0430 \u043b\u0438\u0447\u043d\u0438\u0442\u0435 \u043f\u043e\u0434\u0430\u0442\u043e\u0446\u0438","og_url":"https:\/\/azlp.mk\/sq\/kontrolloret\/oficere\/ngjarjet\/trajnimi-per-mbrojtjen-e-te-dhenave-personale-21-10-2020-i-perfunduar\/","og_site_name":"\u0410\u0433\u0435\u043d\u0446\u0438\u0458\u0430 \u0437\u0430 \u0437\u0430\u0448\u0442\u0438\u0442\u0430 \u043d\u0430 \u043b\u0438\u0447\u043d\u0438\u0442\u0435 \u043f\u043e\u0434\u0430\u0442\u043e\u0446\u0438","article_modified_time":"2022-11-24T16:57:50+00:00","twitter_card":"summary_large_image","twitter_misc":{"Est. reading time":"3 minutes"},"schema":{"@context":"https:\/\/schema.org","@graph":[{"@type":"WebPage","@id":"https:\/\/azlp.mk\/sq\/kontrolloret\/oficere\/ngjarjet\/trajnimi-per-mbrojtjen-e-te-dhenave-personale-21-10-2020-i-perfunduar\/","url":"https:\/\/azlp.mk\/sq\/kontrolloret\/oficere\/ngjarjet\/trajnimi-per-mbrojtjen-e-te-dhenave-personale-21-10-2020-i-perfunduar\/","name":"Trajnimi p\u00ebr mbrojtjen e t\u00eb dh\u00ebnave personale 21.10.2020 - i p\u00ebrfunduar - \u0410\u0433\u0435\u043d\u0446\u0438\u0458\u0430 \u0437\u0430 \u0437\u0430\u0448\u0442\u0438\u0442\u0430 \u043d\u0430 \u043b\u0438\u0447\u043d\u0438\u0442\u0435 \u043f\u043e\u0434\u0430\u0442\u043e\u0446\u0438","isPartOf":{"@id":"https:\/\/azlp.mk\/#website"},"datePublished":"2022-11-19T15:18:31+00:00","dateModified":"2022-11-24T16:57:50+00:00","breadcrumb":{"@id":"https:\/\/azlp.mk\/sq\/kontrolloret\/oficere\/ngjarjet\/trajnimi-per-mbrojtjen-e-te-dhenave-personale-21-10-2020-i-perfunduar\/#breadcrumb"},"inLanguage":"sq-AL","potentialAction":[{"@type":"ReadAction","target":["https:\/\/azlp.mk\/sq\/kontrolloret\/oficere\/ngjarjet\/trajnimi-per-mbrojtjen-e-te-dhenave-personale-21-10-2020-i-perfunduar\/"]}]},{"@type":"BreadcrumbList","@id":"https:\/\/azlp.mk\/sq\/kontrolloret\/oficere\/ngjarjet\/trajnimi-per-mbrojtjen-e-te-dhenave-personale-21-10-2020-i-perfunduar\/#breadcrumb","itemListElement":[{"@type":"ListItem","position":1,"name":"Ballina","item":"https:\/\/azlp.mk\/sq\/"},{"@type":"ListItem","position":2,"name":"Kontrolluesit","item":"https:\/\/azlp.mk\/sq\/kontrolloret\/"},{"@type":"ListItem","position":3,"name":"Oficer\u00eb","item":"https:\/\/azlp.mk\/sq\/kontrolloret\/oficere\/"},{"@type":"ListItem","position":4,"name":"Ngjarjet","item":"https:\/\/azlp.mk\/sq\/kontrolloret\/oficere\/ngjarjet\/"},{"@type":"ListItem","position":5,"name":"Trajnimi p\u00ebr mbrojtjen e t\u00eb dh\u00ebnave personale 21.10.2020 &#8211; i p\u00ebrfunduar"}]},{"@type":"WebSite","@id":"https:\/\/azlp.mk\/#website","url":"https:\/\/azlp.mk\/","name":"\u0410\u0433\u0435\u043d\u0446\u0438\u0458\u0430 \u0437\u0430 \u0437\u0430\u0448\u0442\u0438\u0442\u0430 \u043d\u0430 \u043b\u0438\u0447\u043d\u0438\u0442\u0435 \u043f\u043e\u0434\u0430\u0442\u043e\u0446\u0438","description":"","potentialAction":[{"@type":"SearchAction","target":{"@type":"EntryPoint","urlTemplate":"https:\/\/azlp.mk\/?s={search_term_string}"},"query-input":"required name=search_term_string"}],"inLanguage":"sq-AL"}]}},"_links":{"self":[{"href":"https:\/\/azlp.mk\/sq\/wp-json\/wp\/v2\/pages\/10370"}],"collection":[{"href":"https:\/\/azlp.mk\/sq\/wp-json\/wp\/v2\/pages"}],"about":[{"href":"https:\/\/azlp.mk\/sq\/wp-json\/wp\/v2\/types\/page"}],"author":[{"embeddable":true,"href":"https:\/\/azlp.mk\/sq\/wp-json\/wp\/v2\/users\/1"}],"replies":[{"embeddable":true,"href":"https:\/\/azlp.mk\/sq\/wp-json\/wp\/v2\/comments?post=10370"}],"version-history":[{"count":1,"href":"https:\/\/azlp.mk\/sq\/wp-json\/wp\/v2\/pages\/10370\/revisions"}],"predecessor-version":[{"id":10373,"href":"https:\/\/azlp.mk\/sq\/wp-json\/wp\/v2\/pages\/10370\/revisions\/10373"}],"up":[{"embeddable":true,"href":"https:\/\/azlp.mk\/sq\/wp-json\/wp\/v2\/pages\/9946"}],"wp:attachment":[{"href":"https:\/\/azlp.mk\/sq\/wp-json\/wp\/v2\/media?parent=10370"}],"curies":[{"name":"wp","href":"https:\/\/api.w.org\/{rel}","templated":true}]}}