{"id":10357,"date":"2022-11-21T02:08:58","date_gmt":"2022-11-21T00:08:58","guid":{"rendered":"https:\/\/azlp.mk\/kontrolloret\/drejtimet\/10-hapa-te-shpejte-per-te-respektuar-ligjin-per-mbrojtjen-e-te-dhenave-personale\/10-deklaratat-e-konfidencialitetit-konfidencialitetit\/"},"modified":"2022-12-15T13:17:43","modified_gmt":"2022-12-15T11:17:43","slug":"10-deklaratat-e-konfidencialitetit-konfidencialitetit","status":"publish","type":"page","link":"https:\/\/azlp.mk\/sq\/kontrolloret\/drejtimet\/10-hapa-te-shpejte-per-te-respektuar-ligjin-per-mbrojtjen-e-te-dhenave-personale\/10-deklaratat-e-konfidencialitetit-konfidencialitetit\/","title":{"rendered":"10. Deklaratat p\u00ebr Konfidencialitet"},"content":{"rendered":"<div class=\"fusion-fullwidth fullwidth-box fusion-builder-row-1 fusion-flex-container has-pattern-background has-mask-background nonhundred-percent-fullwidth non-hundred-percent-height-scrolling\" style=\"background-color: #f2f2f2;background-position: center center;background-repeat: no-repeat;border-width: 0px 0px 0px 0px;border-color:#f2f2f2;border-style:solid;\" ><div class=\"fusion-builder-row fusion-row fusion-flex-align-items-flex-start\" style=\"max-width:1248px;margin-left: calc(-4% \/ 2 );margin-right: calc(-4% \/ 2 );\"><div class=\"fusion-layout-column fusion_builder_column fusion-builder-column-0 fusion_builder_column_1_1 1_1 fusion-flex-column\"><div class=\"fusion-column-wrapper fusion-flex-justify-content-flex-start fusion-content-layout-column\" style=\"background-position:left top;background-repeat:no-repeat;-webkit-background-size:cover;-moz-background-size:cover;-o-background-size:cover;background-size:cover;padding: 0px 0px 0px 0px;\"><div class=\"fusion-builder-row fusion-builder-row-inner fusion-row fusion-flex-align-items-flex-start\" style=\"width:104% !important;max-width:104% !important;margin-left: calc(-4% \/ 2 );margin-right: calc(-4% \/ 2 );\"><div class=\"fusion-layout-column fusion_builder_column_inner fusion-builder-nested-column-0 fusion_builder_column_inner_1_2 1_2 fusion-flex-column\"><div class=\"fusion-column-wrapper fusion-flex-justify-content-flex-start fusion-content-layout-column\" style=\"background-position:left top;background-repeat:no-repeat;-webkit-background-size:cover;-moz-background-size:cover;-o-background-size:cover;background-size:cover;padding: 0px 0px 0px 0px;\"><div class=\"fusion-text fusion-text-1\"><p>Duhet t\u00eb k\u00ebrkoni nga t\u00eb pun\u00ebsuarit dhe furnizuesit t\u00eb n\u00ebnshkruajn\u00eb deklarat\u00eb p\u00ebr konfidencialitet me t\u00eb cil\u00ebn obligohen n\u00eb konfidencialitetin e t\u00eb dh\u00ebnave personale gjat\u00eb kryerjes s\u00eb pun\u00ebs s\u00eb tyre. N\u00eb at\u00eb m\u00ebnyr\u00eb, ju garantoni sigurin\u00eb e t\u00eb dh\u00ebnave personale n\u00eb kuad\u00ebr t\u00eb pun\u00ebs suaj.<\/p>\n<\/div><\/div><style type=\"text\/css\">.fusion-body .fusion-builder-nested-column-0{width:50% !important;margin-top : 0px;margin-bottom : 20px;}.fusion-builder-nested-column-0 > .fusion-column-wrapper {padding-top : 0px !important;padding-right : 0px !important;margin-right : 3.84%;padding-bottom : 0px !important;padding-left : 0px !important;margin-left : 3.84%;}@media only screen and (max-width:1024px) {.fusion-body .fusion-builder-nested-column-0{width:50% !important;order : 0;}.fusion-builder-nested-column-0 > .fusion-column-wrapper {margin-right : 3.84%;margin-left : 3.84%;}}@media only screen and (max-width:640px) {.fusion-body .fusion-builder-nested-column-0{width:100% !important;order : 0;}.fusion-builder-nested-column-0 > .fusion-column-wrapper {margin-right : 1.92%;margin-left : 1.92%;}}<\/style><\/div><div class=\"fusion-layout-column fusion_builder_column_inner fusion-builder-nested-column-1 fusion_builder_column_inner_1_2 1_2 fusion-flex-column\"><div class=\"fusion-column-wrapper fusion-flex-justify-content-flex-start fusion-content-layout-column\" style=\"background-position:left top;background-repeat:no-repeat;-webkit-background-size:cover;-moz-background-size:cover;-o-background-size:cover;background-size:cover;background-color:rgba(195,215,216,0.95);padding: 0px 0px 0px 0px;\"><div class=\"fusion-text fusion-text-2\"><h4><strong>Shembull:<\/strong><\/h4>\n<p>N\u00eb cil\u00ebsin\u00eb e funksionarit \/ t\u00eb t\u00eb pun\u00ebsuarit n\u00eb organin \/ kompanin\u00eb ___________, un\u00eb i posht\u00eb n\u00ebnshkruari _________ deklaroj se do ta respektoj konfidencialitetin e t\u00eb gjitha t\u00eb dh\u00ebnave personale p\u00ebr t\u00eb cilat kam t\u00eb drejt\u00eb dhe autorizim p\u00ebr qasje dhe t\u00eb cilat ruhen n\u00eb p\u00ebrmbledhjen e t\u00eb dh\u00ebnave personale n\u00eb organin \/ kompanin\u00eb ku e kryej pozicionin e pun\u00ebs, dhe se do t&#8217;i p\u00ebrpunoj t\u00eb dh\u00ebnat personale vet\u00ebm p\u00ebr q\u00ebllimet konkrete, q\u00ebllimet e p\u00ebrcaktuara ligjore, n\u00eb pajtim me Ligjin p\u00ebr mbrojtjen e t\u00eb dh\u00ebnave personale, ve\u00e7an\u00ebrisht n\u00eb pajtim me parimin e konfidencialitetit nga neni 9 t\u00eb ligjit.<\/p>\n<p>Gjithashtu, obligohem se nuk do t\u00eb dor\u00ebzoj ose n\u00eb \u00e7far\u00ebdo m\u00ebnyre tjet\u00ebr t\u2019i v\u00eb n\u00eb dispozicion pal\u00ebve t\u00eb treta t\u00eb dh\u00ebnat personale p\u00ebr t\u00eb cilat kam t\u00eb drejt\u00eb dhe autorizim p\u00ebr qasje (zbulimi i paautorizuar), dhe se obligohem se do ta ruaj konfidencialitetin e t\u00eb dh\u00ebnave personale edhe pas shfuqizimit t\u00eb autorizimit p\u00ebr qasjen n\u00eb t\u00eb dh\u00ebnat personale.<\/p>\n<p>Jam i vet\u00ebdijsh\u00ebm se \u00e7do zbulim i paautorizuar i t\u00eb dh\u00ebnave personale n\u00eb t\u00eb cilat kam t\u00eb drejt\u00eb t\u00eb qasjes n\u00eb kuad\u00ebr t\u00eb pun\u00ebs sime paraqet shkelje t\u00eb detyrave t\u00eb pun\u00ebs dhe etik\u00ebs.<\/p>\n<\/div><\/div><style type=\"text\/css\">.fusion-body .fusion-builder-nested-column-1{width:50% !important;margin-top : 0px;margin-bottom : 20px;}.fusion-builder-nested-column-1 > .fusion-column-wrapper {padding-top : 0px !important;padding-right : 0px !important;margin-right : 3.84%;padding-bottom : 0px !important;padding-left : 0px !important;margin-left : 3.84%;}@media only screen and (max-width:1024px) {.fusion-body .fusion-builder-nested-column-1{width:50% !important;order : 0;}.fusion-builder-nested-column-1 > .fusion-column-wrapper {margin-right : 3.84%;margin-left : 3.84%;}}@media only screen and (max-width:640px) {.fusion-body .fusion-builder-nested-column-1{width:100% !important;order : 0;}.fusion-builder-nested-column-1 > .fusion-column-wrapper {margin-right : 1.92%;margin-left : 1.92%;}}<\/style><\/div><\/div><\/div><style type=\"text\/css\">.fusion-body .fusion-builder-column-0{width:100% !important;margin-top : 0px;margin-bottom : 20px;}.fusion-builder-column-0 > .fusion-column-wrapper {padding-top : 0px !important;padding-right : 0px !important;margin-right : 1.92%;padding-bottom : 0px !important;padding-left : 0px !important;margin-left : 1.92%;}@media only screen and (max-width:1024px) {.fusion-body .fusion-builder-column-0{width:100% !important;order : 0;}.fusion-builder-column-0 > .fusion-column-wrapper {margin-right : 1.92%;margin-left : 1.92%;}}@media only screen and (max-width:640px) {.fusion-body .fusion-builder-column-0{width:100% !important;order : 0;}.fusion-builder-column-0 > .fusion-column-wrapper {margin-right : 1.92%;margin-left : 1.92%;}}<\/style><\/div><\/div><style type=\"text\/css\">.fusion-body .fusion-flex-container.fusion-builder-row-1{ padding-top : 0px;margin-top : 0px;padding-right : 0px;padding-bottom : 0px;margin-bottom : 0px;padding-left : 0px;}<\/style><\/div>\n","protected":false},"excerpt":{"rendered":"","protected":false},"author":6,"featured_media":0,"parent":9755,"menu_order":0,"comment_status":"closed","ping_status":"closed","template":"","meta":{"footnotes":""},"yoast_head":"<!-- This site is optimized with the Yoast SEO plugin v19.9 - https:\/\/yoast.com\/wordpress\/plugins\/seo\/ -->\n<title>10. Deklaratat p\u00ebr Konfidencialitet - \u0410\u0433\u0435\u043d\u0446\u0438\u0458\u0430 \u0437\u0430 \u0437\u0430\u0448\u0442\u0438\u0442\u0430 \u043d\u0430 \u043b\u0438\u0447\u043d\u0438\u0442\u0435 \u043f\u043e\u0434\u0430\u0442\u043e\u0446\u0438<\/title>\n<meta name=\"robots\" content=\"index, follow, max-snippet:-1, max-image-preview:large, max-video-preview:-1\" \/>\n<link rel=\"canonical\" href=\"https:\/\/azlp.mk\/sq\/kontrolloret\/drejtimet\/10-hapa-te-shpejte-per-te-respektuar-ligjin-per-mbrojtjen-e-te-dhenave-personale\/10-deklaratat-e-konfidencialitetit-konfidencialitetit\/\" \/>\n<meta property=\"og:locale\" content=\"sq_AL\" \/>\n<meta property=\"og:type\" content=\"article\" \/>\n<meta property=\"og:title\" content=\"10. Deklaratat p\u00ebr Konfidencialitet - \u0410\u0433\u0435\u043d\u0446\u0438\u0458\u0430 \u0437\u0430 \u0437\u0430\u0448\u0442\u0438\u0442\u0430 \u043d\u0430 \u043b\u0438\u0447\u043d\u0438\u0442\u0435 \u043f\u043e\u0434\u0430\u0442\u043e\u0446\u0438\" \/>\n<meta property=\"og:url\" content=\"https:\/\/azlp.mk\/sq\/kontrolloret\/drejtimet\/10-hapa-te-shpejte-per-te-respektuar-ligjin-per-mbrojtjen-e-te-dhenave-personale\/10-deklaratat-e-konfidencialitetit-konfidencialitetit\/\" \/>\n<meta property=\"og:site_name\" content=\"\u0410\u0433\u0435\u043d\u0446\u0438\u0458\u0430 \u0437\u0430 \u0437\u0430\u0448\u0442\u0438\u0442\u0430 \u043d\u0430 \u043b\u0438\u0447\u043d\u0438\u0442\u0435 \u043f\u043e\u0434\u0430\u0442\u043e\u0446\u0438\" \/>\n<meta property=\"article:modified_time\" content=\"2022-12-15T11:17:43+00:00\" \/>\n<meta name=\"twitter:card\" content=\"summary_large_image\" \/>\n<meta name=\"twitter:label1\" content=\"Est. reading time\" \/>\n\t<meta name=\"twitter:data1\" content=\"5 minutes\" \/>\n<script type=\"application\/ld+json\" class=\"yoast-schema-graph\">{\"@context\":\"https:\/\/schema.org\",\"@graph\":[{\"@type\":\"WebPage\",\"@id\":\"https:\/\/azlp.mk\/sq\/kontrolloret\/drejtimet\/10-hapa-te-shpejte-per-te-respektuar-ligjin-per-mbrojtjen-e-te-dhenave-personale\/10-deklaratat-e-konfidencialitetit-konfidencialitetit\/\",\"url\":\"https:\/\/azlp.mk\/sq\/kontrolloret\/drejtimet\/10-hapa-te-shpejte-per-te-respektuar-ligjin-per-mbrojtjen-e-te-dhenave-personale\/10-deklaratat-e-konfidencialitetit-konfidencialitetit\/\",\"name\":\"10. Deklaratat p\u00ebr Konfidencialitet - \u0410\u0433\u0435\u043d\u0446\u0438\u0458\u0430 \u0437\u0430 \u0437\u0430\u0448\u0442\u0438\u0442\u0430 \u043d\u0430 \u043b\u0438\u0447\u043d\u0438\u0442\u0435 \u043f\u043e\u0434\u0430\u0442\u043e\u0446\u0438\",\"isPartOf\":{\"@id\":\"https:\/\/azlp.mk\/#website\"},\"datePublished\":\"2022-11-21T00:08:58+00:00\",\"dateModified\":\"2022-12-15T11:17:43+00:00\",\"breadcrumb\":{\"@id\":\"https:\/\/azlp.mk\/sq\/kontrolloret\/drejtimet\/10-hapa-te-shpejte-per-te-respektuar-ligjin-per-mbrojtjen-e-te-dhenave-personale\/10-deklaratat-e-konfidencialitetit-konfidencialitetit\/#breadcrumb\"},\"inLanguage\":\"sq-AL\",\"potentialAction\":[{\"@type\":\"ReadAction\",\"target\":[\"https:\/\/azlp.mk\/sq\/kontrolloret\/drejtimet\/10-hapa-te-shpejte-per-te-respektuar-ligjin-per-mbrojtjen-e-te-dhenave-personale\/10-deklaratat-e-konfidencialitetit-konfidencialitetit\/\"]}]},{\"@type\":\"BreadcrumbList\",\"@id\":\"https:\/\/azlp.mk\/sq\/kontrolloret\/drejtimet\/10-hapa-te-shpejte-per-te-respektuar-ligjin-per-mbrojtjen-e-te-dhenave-personale\/10-deklaratat-e-konfidencialitetit-konfidencialitetit\/#breadcrumb\",\"itemListElement\":[{\"@type\":\"ListItem\",\"position\":1,\"name\":\"Ballina\",\"item\":\"https:\/\/azlp.mk\/sq\/\"},{\"@type\":\"ListItem\",\"position\":2,\"name\":\"Kontrolluesit\",\"item\":\"https:\/\/azlp.mk\/sq\/kontrolloret\/\"},{\"@type\":\"ListItem\",\"position\":3,\"name\":\"Udh\u00ebzime\",\"item\":\"https:\/\/azlp.mk\/sq\/kontrolloret\/drejtimet\/\"},{\"@type\":\"ListItem\",\"position\":4,\"name\":\"10 hapa t\u00eb shpejt\u00eb p\u00ebr harmonizim me Ligjin p\u00ebr mbrojtjen e t\u00eb dh\u00ebnave personale\",\"item\":\"https:\/\/azlp.mk\/sq\/kontrolloret\/drejtimet\/10-hapa-te-shpejte-per-te-respektuar-ligjin-per-mbrojtjen-e-te-dhenave-personale\/\"},{\"@type\":\"ListItem\",\"position\":5,\"name\":\"10. Deklaratat p\u00ebr Konfidencialitet\"}]},{\"@type\":\"WebSite\",\"@id\":\"https:\/\/azlp.mk\/#website\",\"url\":\"https:\/\/azlp.mk\/\",\"name\":\"\u0410\u0433\u0435\u043d\u0446\u0438\u0458\u0430 \u0437\u0430 \u0437\u0430\u0448\u0442\u0438\u0442\u0430 \u043d\u0430 \u043b\u0438\u0447\u043d\u0438\u0442\u0435 \u043f\u043e\u0434\u0430\u0442\u043e\u0446\u0438\",\"description\":\"\",\"potentialAction\":[{\"@type\":\"SearchAction\",\"target\":{\"@type\":\"EntryPoint\",\"urlTemplate\":\"https:\/\/azlp.mk\/?s={search_term_string}\"},\"query-input\":\"required name=search_term_string\"}],\"inLanguage\":\"sq-AL\"}]}<\/script>\n<!-- \/ Yoast SEO plugin. -->","yoast_head_json":{"title":"10. Deklaratat p\u00ebr Konfidencialitet - \u0410\u0433\u0435\u043d\u0446\u0438\u0458\u0430 \u0437\u0430 \u0437\u0430\u0448\u0442\u0438\u0442\u0430 \u043d\u0430 \u043b\u0438\u0447\u043d\u0438\u0442\u0435 \u043f\u043e\u0434\u0430\u0442\u043e\u0446\u0438","robots":{"index":"index","follow":"follow","max-snippet":"max-snippet:-1","max-image-preview":"max-image-preview:large","max-video-preview":"max-video-preview:-1"},"canonical":"https:\/\/azlp.mk\/sq\/kontrolloret\/drejtimet\/10-hapa-te-shpejte-per-te-respektuar-ligjin-per-mbrojtjen-e-te-dhenave-personale\/10-deklaratat-e-konfidencialitetit-konfidencialitetit\/","og_locale":"sq_AL","og_type":"article","og_title":"10. Deklaratat p\u00ebr Konfidencialitet - \u0410\u0433\u0435\u043d\u0446\u0438\u0458\u0430 \u0437\u0430 \u0437\u0430\u0448\u0442\u0438\u0442\u0430 \u043d\u0430 \u043b\u0438\u0447\u043d\u0438\u0442\u0435 \u043f\u043e\u0434\u0430\u0442\u043e\u0446\u0438","og_url":"https:\/\/azlp.mk\/sq\/kontrolloret\/drejtimet\/10-hapa-te-shpejte-per-te-respektuar-ligjin-per-mbrojtjen-e-te-dhenave-personale\/10-deklaratat-e-konfidencialitetit-konfidencialitetit\/","og_site_name":"\u0410\u0433\u0435\u043d\u0446\u0438\u0458\u0430 \u0437\u0430 \u0437\u0430\u0448\u0442\u0438\u0442\u0430 \u043d\u0430 \u043b\u0438\u0447\u043d\u0438\u0442\u0435 \u043f\u043e\u0434\u0430\u0442\u043e\u0446\u0438","article_modified_time":"2022-12-15T11:17:43+00:00","twitter_card":"summary_large_image","twitter_misc":{"Est. reading time":"5 minutes"},"schema":{"@context":"https:\/\/schema.org","@graph":[{"@type":"WebPage","@id":"https:\/\/azlp.mk\/sq\/kontrolloret\/drejtimet\/10-hapa-te-shpejte-per-te-respektuar-ligjin-per-mbrojtjen-e-te-dhenave-personale\/10-deklaratat-e-konfidencialitetit-konfidencialitetit\/","url":"https:\/\/azlp.mk\/sq\/kontrolloret\/drejtimet\/10-hapa-te-shpejte-per-te-respektuar-ligjin-per-mbrojtjen-e-te-dhenave-personale\/10-deklaratat-e-konfidencialitetit-konfidencialitetit\/","name":"10. Deklaratat p\u00ebr Konfidencialitet - \u0410\u0433\u0435\u043d\u0446\u0438\u0458\u0430 \u0437\u0430 \u0437\u0430\u0448\u0442\u0438\u0442\u0430 \u043d\u0430 \u043b\u0438\u0447\u043d\u0438\u0442\u0435 \u043f\u043e\u0434\u0430\u0442\u043e\u0446\u0438","isPartOf":{"@id":"https:\/\/azlp.mk\/#website"},"datePublished":"2022-11-21T00:08:58+00:00","dateModified":"2022-12-15T11:17:43+00:00","breadcrumb":{"@id":"https:\/\/azlp.mk\/sq\/kontrolloret\/drejtimet\/10-hapa-te-shpejte-per-te-respektuar-ligjin-per-mbrojtjen-e-te-dhenave-personale\/10-deklaratat-e-konfidencialitetit-konfidencialitetit\/#breadcrumb"},"inLanguage":"sq-AL","potentialAction":[{"@type":"ReadAction","target":["https:\/\/azlp.mk\/sq\/kontrolloret\/drejtimet\/10-hapa-te-shpejte-per-te-respektuar-ligjin-per-mbrojtjen-e-te-dhenave-personale\/10-deklaratat-e-konfidencialitetit-konfidencialitetit\/"]}]},{"@type":"BreadcrumbList","@id":"https:\/\/azlp.mk\/sq\/kontrolloret\/drejtimet\/10-hapa-te-shpejte-per-te-respektuar-ligjin-per-mbrojtjen-e-te-dhenave-personale\/10-deklaratat-e-konfidencialitetit-konfidencialitetit\/#breadcrumb","itemListElement":[{"@type":"ListItem","position":1,"name":"Ballina","item":"https:\/\/azlp.mk\/sq\/"},{"@type":"ListItem","position":2,"name":"Kontrolluesit","item":"https:\/\/azlp.mk\/sq\/kontrolloret\/"},{"@type":"ListItem","position":3,"name":"Udh\u00ebzime","item":"https:\/\/azlp.mk\/sq\/kontrolloret\/drejtimet\/"},{"@type":"ListItem","position":4,"name":"10 hapa t\u00eb shpejt\u00eb p\u00ebr harmonizim me Ligjin p\u00ebr mbrojtjen e t\u00eb dh\u00ebnave personale","item":"https:\/\/azlp.mk\/sq\/kontrolloret\/drejtimet\/10-hapa-te-shpejte-per-te-respektuar-ligjin-per-mbrojtjen-e-te-dhenave-personale\/"},{"@type":"ListItem","position":5,"name":"10. Deklaratat p\u00ebr Konfidencialitet"}]},{"@type":"WebSite","@id":"https:\/\/azlp.mk\/#website","url":"https:\/\/azlp.mk\/","name":"\u0410\u0433\u0435\u043d\u0446\u0438\u0458\u0430 \u0437\u0430 \u0437\u0430\u0448\u0442\u0438\u0442\u0430 \u043d\u0430 \u043b\u0438\u0447\u043d\u0438\u0442\u0435 \u043f\u043e\u0434\u0430\u0442\u043e\u0446\u0438","description":"","potentialAction":[{"@type":"SearchAction","target":{"@type":"EntryPoint","urlTemplate":"https:\/\/azlp.mk\/?s={search_term_string}"},"query-input":"required name=search_term_string"}],"inLanguage":"sq-AL"}]}},"_links":{"self":[{"href":"https:\/\/azlp.mk\/sq\/wp-json\/wp\/v2\/pages\/10357"}],"collection":[{"href":"https:\/\/azlp.mk\/sq\/wp-json\/wp\/v2\/pages"}],"about":[{"href":"https:\/\/azlp.mk\/sq\/wp-json\/wp\/v2\/types\/page"}],"author":[{"embeddable":true,"href":"https:\/\/azlp.mk\/sq\/wp-json\/wp\/v2\/users\/6"}],"replies":[{"embeddable":true,"href":"https:\/\/azlp.mk\/sq\/wp-json\/wp\/v2\/comments?post=10357"}],"version-history":[{"count":3,"href":"https:\/\/azlp.mk\/sq\/wp-json\/wp\/v2\/pages\/10357\/revisions"}],"predecessor-version":[{"id":12854,"href":"https:\/\/azlp.mk\/sq\/wp-json\/wp\/v2\/pages\/10357\/revisions\/12854"}],"up":[{"embeddable":true,"href":"https:\/\/azlp.mk\/sq\/wp-json\/wp\/v2\/pages\/9755"}],"wp:attachment":[{"href":"https:\/\/azlp.mk\/sq\/wp-json\/wp\/v2\/media?parent=10357"}],"curies":[{"name":"wp","href":"https:\/\/api.w.org\/{rel}","templated":true}]}}