{"id":10349,"date":"2022-11-21T01:58:03","date_gmt":"2022-11-20T23:58:03","guid":{"rendered":"https:\/\/azlp.mk\/kontrolloret\/drejtimet\/10-hapa-te-shpejte-per-te-respektuar-ligjin-per-mbrojtjen-e-te-dhenave-personale\/8-krijo-nje-plan-me-nje-skenar-te-shkeljes-se-te-dhenave-personale\/"},"modified":"2022-12-15T13:06:52","modified_gmt":"2022-12-15T11:06:52","slug":"8-krijo-nje-plan-me-nje-skenar-te-shkeljes-se-te-dhenave-personale","status":"publish","type":"page","link":"https:\/\/azlp.mk\/sq\/kontrolloret\/drejtimet\/10-hapa-te-shpejte-per-te-respektuar-ligjin-per-mbrojtjen-e-te-dhenave-personale\/8-krijo-nje-plan-me-nje-skenar-te-shkeljes-se-te-dhenave-personale\/","title":{"rendered":"8. B\u00ebni plan me skenar me cenim t\u00eb siguris\u00eb s\u00eb t\u00eb dh\u00ebnave personale"},"content":{"rendered":"<div class=\"fusion-fullwidth fullwidth-box fusion-builder-row-1 fusion-flex-container has-pattern-background has-mask-background nonhundred-percent-fullwidth non-hundred-percent-height-scrolling\" style=\"background-color: #f2f2f2;background-position: center center;background-repeat: no-repeat;border-width: 0px 0px 0px 0px;border-color:#f2f2f2;border-style:solid;\" ><div class=\"fusion-builder-row fusion-row fusion-flex-align-items-flex-start\" style=\"max-width:1248px;margin-left: calc(-4% \/ 2 );margin-right: calc(-4% \/ 2 );\"><div class=\"fusion-layout-column fusion_builder_column fusion-builder-column-0 fusion_builder_column_1_1 1_1 fusion-flex-column\"><div class=\"fusion-column-wrapper fusion-flex-justify-content-flex-start fusion-content-layout-column\" style=\"background-position:left top;background-repeat:no-repeat;-webkit-background-size:cover;-moz-background-size:cover;-o-background-size:cover;background-size:cover;padding: 0px 0px 0px 0px;\"><div class=\"fusion-builder-row fusion-builder-row-inner fusion-row fusion-flex-align-items-flex-start\" style=\"width:104% !important;max-width:104% !important;margin-left: calc(-4% \/ 2 );margin-right: calc(-4% \/ 2 );\"><div class=\"fusion-layout-column fusion_builder_column_inner fusion-builder-nested-column-0 fusion_builder_column_inner_1_2 1_2 fusion-flex-column\"><div class=\"fusion-column-wrapper fusion-flex-justify-content-flex-start fusion-content-layout-column\" style=\"background-position:left top;background-repeat:no-repeat;-webkit-background-size:cover;-moz-background-size:cover;-o-background-size:cover;background-size:cover;padding: 0px 0px 0px 0px;\"><div class=\"fusion-text fusion-text-1\"><p>N\u00eb rast t\u00eb cenimit t\u00eb siguris\u00eb s\u00eb t\u00eb dh\u00ebnave personale, kontrolluesi duhet menj\u00ebher\u00eb, por jo m\u00eb von\u00eb se 72 or\u00eb pasi ka kuptuar p\u00ebr cenimin ta njoftoj\u00eb Agjencin\u00eb p\u00ebr Mbrojtjen e t\u00eb Dh\u00ebnave Personale n\u00eb <a href=\"mailto:Incident@privacy.mk\">incident@privacy.mk<\/a> ose <a href=\"https:\/\/eprijavi.privacy.mk\/\">https:\/\/eprijavi.privacy.mk\/<\/a>.<\/p>\n<p>N\u00ebse nuk ka mund\u00ebsi p\u00ebr njoftimin e Agjencis\u00eb p\u00ebr Mbrojtjen e t\u00eb Dh\u00ebnave Personale n\u00eb afat prej 72 or\u00ebsh, kontrolluesi mund ta dor\u00ebzoj\u00eb njoftimin gradualisht, pa prolongim t\u00eb panevojsh\u00ebm m\u00eb tej. Ky obligim nuk zbatohet n\u00eb rastet ku nuk ka probabilitet se \u00a0cenimi i siguris\u00eb s\u00eb t\u00eb dh\u00ebnave personale do t\u00eb rezultoj\u00eb me rrezik t\u00eb madh p\u00ebr t\u00eb drejtat dhe lirit\u00eb e personave fizik\u00eb.<\/p>\n<\/div><\/div><style type=\"text\/css\">.fusion-body .fusion-builder-nested-column-0{width:50% !important;margin-top : 0px;margin-bottom : 20px;}.fusion-builder-nested-column-0 > .fusion-column-wrapper {padding-top : 0px !important;padding-right : 0px !important;margin-right : 3.84%;padding-bottom : 0px !important;padding-left : 0px !important;margin-left : 3.84%;}@media only screen and (max-width:1024px) {.fusion-body .fusion-builder-nested-column-0{width:50% !important;order : 0;}.fusion-builder-nested-column-0 > .fusion-column-wrapper {margin-right : 3.84%;margin-left : 3.84%;}}@media only screen and (max-width:640px) {.fusion-body .fusion-builder-nested-column-0{width:100% !important;order : 0;}.fusion-builder-nested-column-0 > .fusion-column-wrapper {margin-right : 1.92%;margin-left : 1.92%;}}<\/style><\/div><div class=\"fusion-layout-column fusion_builder_column_inner fusion-builder-nested-column-1 fusion_builder_column_inner_1_2 1_2 fusion-flex-column\"><div class=\"fusion-column-wrapper fusion-flex-justify-content-flex-start fusion-content-layout-column\" style=\"background-position:left top;background-repeat:no-repeat;-webkit-background-size:cover;-moz-background-size:cover;-o-background-size:cover;background-size:cover;background-color:rgba(195,215,216,0.95);padding: 0px 0px 0px 0px;\"><div class=\"fusion-text fusion-text-2\"><h4><strong>Shembull:<\/strong><\/h4>\n<p>Nj\u00eb komun\u00eb shpall thirrje p\u00ebr p\u00ebrkrahjen e shoqatave q\u00eb u sigurojn\u00eb ndihm\u00eb personave t\u00eb vjet\u00ebr dhe personave t\u00eb pafuqish\u00ebm. N\u00eb thirrje jan\u00eb paraqitur m\u00eb shum\u00eb shoqata, nd\u00ebrsa disa prej tyre kan\u00eb arritur t\u00eb marrin p\u00ebrkrahje financiare nga komunat p\u00ebr aktivitetet e tyre<\/p>\n<p>Kur komuna i ka njoftuar shoqatat q\u00eb kan\u00eb marr\u00eb p\u00ebrkrahje (p\u00ebrmes e-meilit), ajo rast\u00ebsisht i ka v\u00ebn\u00eb kontaktet e t\u00eb gjitha shoqatave n\u00eb pjes\u00ebn p\u00ebr karbon kopje (cc:) n\u00eb vend se n\u00eb pjes\u00ebn p\u00ebr kopje t\u00eb padukshme (bcc:) me \u00e7ka do t\u00eb ishte penguar zbulimi i t\u00eb dh\u00ebnave personale t\u00eb personave t\u00eb paautorizuar.<\/p>\n<p>Edhe pse kjo paraqet shkelje, nuk ekziston rrezik i madh p\u00ebr personat fizik\u00eb (disa e-meil adresa kan\u00eb p\u00ebrmbajtur emrin e personit p\u00ebr kontakt nga shoqata relevante, por p\u00ebrmbajtja e mesazhit nuk ka qen\u00eb konfidenciale \/ ndjeshme), prandaj ky incident nuk duhet t\u00eb paraqitet n\u00eb Agjencin\u00eb p\u00ebr Mbrojtjen e t\u00eb Dh\u00ebnave Personale.<\/p>\n<p>Komuna e ka dokumentuar k\u00ebt\u00eb prishje t\u00eb siguris\u00eb s\u00eb t\u00eb dh\u00ebnave personale, duke p\u00ebrfshir\u00eb edhe faktet dhe efektet e ngjarjes, si dhe veprimet korrigjuese q\u00eb i ka nd\u00ebrmarr\u00eb.<\/p>\n<\/div><\/div><style type=\"text\/css\">.fusion-body .fusion-builder-nested-column-1{width:50% !important;margin-top : 0px;margin-bottom : 20px;}.fusion-builder-nested-column-1 > .fusion-column-wrapper {padding-top : 0px !important;padding-right : 0px !important;margin-right : 3.84%;padding-bottom : 0px !important;padding-left : 0px !important;margin-left : 3.84%;}@media only screen and (max-width:1024px) {.fusion-body .fusion-builder-nested-column-1{width:50% !important;order : 0;}.fusion-builder-nested-column-1 > .fusion-column-wrapper {margin-right : 3.84%;margin-left : 3.84%;}}@media only screen and (max-width:640px) {.fusion-body .fusion-builder-nested-column-1{width:100% !important;order : 0;}.fusion-builder-nested-column-1 > .fusion-column-wrapper {margin-right : 1.92%;margin-left : 1.92%;}}<\/style><\/div><\/div><\/div><style type=\"text\/css\">.fusion-body .fusion-builder-column-0{width:100% !important;margin-top : 0px;margin-bottom : 20px;}.fusion-builder-column-0 > .fusion-column-wrapper {padding-top : 0px !important;padding-right : 0px !important;margin-right : 1.92%;padding-bottom : 0px !important;padding-left : 0px !important;margin-left : 1.92%;}@media only screen and (max-width:1024px) {.fusion-body .fusion-builder-column-0{width:100% !important;order : 0;}.fusion-builder-column-0 > .fusion-column-wrapper {margin-right : 1.92%;margin-left : 1.92%;}}@media only screen and (max-width:640px) {.fusion-body .fusion-builder-column-0{width:100% !important;order : 0;}.fusion-builder-column-0 > .fusion-column-wrapper {margin-right : 1.92%;margin-left : 1.92%;}}<\/style><\/div><\/div><style type=\"text\/css\">.fusion-body .fusion-flex-container.fusion-builder-row-1{ padding-top : 0px;margin-top : 0px;padding-right : 0px;padding-bottom : 0px;margin-bottom : 0px;padding-left : 0px;}<\/style><\/div>\n","protected":false},"excerpt":{"rendered":"","protected":false},"author":6,"featured_media":0,"parent":9755,"menu_order":0,"comment_status":"closed","ping_status":"closed","template":"","meta":{"footnotes":""},"yoast_head":"<!-- This site is optimized with the Yoast SEO plugin v19.9 - https:\/\/yoast.com\/wordpress\/plugins\/seo\/ -->\n<title>8. B\u00ebni plan me skenar me cenim t\u00eb siguris\u00eb s\u00eb t\u00eb dh\u00ebnave personale - \u0410\u0433\u0435\u043d\u0446\u0438\u0458\u0430 \u0437\u0430 \u0437\u0430\u0448\u0442\u0438\u0442\u0430 \u043d\u0430 \u043b\u0438\u0447\u043d\u0438\u0442\u0435 \u043f\u043e\u0434\u0430\u0442\u043e\u0446\u0438<\/title>\n<meta name=\"robots\" content=\"index, follow, max-snippet:-1, max-image-preview:large, max-video-preview:-1\" \/>\n<link rel=\"canonical\" href=\"https:\/\/azlp.mk\/sq\/kontrolloret\/drejtimet\/10-hapa-te-shpejte-per-te-respektuar-ligjin-per-mbrojtjen-e-te-dhenave-personale\/8-krijo-nje-plan-me-nje-skenar-te-shkeljes-se-te-dhenave-personale\/\" \/>\n<meta property=\"og:locale\" content=\"sq_AL\" \/>\n<meta property=\"og:type\" content=\"article\" \/>\n<meta property=\"og:title\" content=\"8. B\u00ebni plan me skenar me cenim t\u00eb siguris\u00eb s\u00eb t\u00eb dh\u00ebnave personale - \u0410\u0433\u0435\u043d\u0446\u0438\u0458\u0430 \u0437\u0430 \u0437\u0430\u0448\u0442\u0438\u0442\u0430 \u043d\u0430 \u043b\u0438\u0447\u043d\u0438\u0442\u0435 \u043f\u043e\u0434\u0430\u0442\u043e\u0446\u0438\" \/>\n<meta property=\"og:url\" content=\"https:\/\/azlp.mk\/sq\/kontrolloret\/drejtimet\/10-hapa-te-shpejte-per-te-respektuar-ligjin-per-mbrojtjen-e-te-dhenave-personale\/8-krijo-nje-plan-me-nje-skenar-te-shkeljes-se-te-dhenave-personale\/\" \/>\n<meta property=\"og:site_name\" content=\"\u0410\u0433\u0435\u043d\u0446\u0438\u0458\u0430 \u0437\u0430 \u0437\u0430\u0448\u0442\u0438\u0442\u0430 \u043d\u0430 \u043b\u0438\u0447\u043d\u0438\u0442\u0435 \u043f\u043e\u0434\u0430\u0442\u043e\u0446\u0438\" \/>\n<meta property=\"article:modified_time\" content=\"2022-12-15T11:06:52+00:00\" \/>\n<meta name=\"twitter:card\" content=\"summary_large_image\" \/>\n<meta name=\"twitter:label1\" content=\"Est. reading time\" \/>\n\t<meta name=\"twitter:data1\" content=\"5 minutes\" \/>\n<script type=\"application\/ld+json\" class=\"yoast-schema-graph\">{\"@context\":\"https:\/\/schema.org\",\"@graph\":[{\"@type\":\"WebPage\",\"@id\":\"https:\/\/azlp.mk\/sq\/kontrolloret\/drejtimet\/10-hapa-te-shpejte-per-te-respektuar-ligjin-per-mbrojtjen-e-te-dhenave-personale\/8-krijo-nje-plan-me-nje-skenar-te-shkeljes-se-te-dhenave-personale\/\",\"url\":\"https:\/\/azlp.mk\/sq\/kontrolloret\/drejtimet\/10-hapa-te-shpejte-per-te-respektuar-ligjin-per-mbrojtjen-e-te-dhenave-personale\/8-krijo-nje-plan-me-nje-skenar-te-shkeljes-se-te-dhenave-personale\/\",\"name\":\"8. B\u00ebni plan me skenar me cenim t\u00eb siguris\u00eb s\u00eb t\u00eb dh\u00ebnave personale - \u0410\u0433\u0435\u043d\u0446\u0438\u0458\u0430 \u0437\u0430 \u0437\u0430\u0448\u0442\u0438\u0442\u0430 \u043d\u0430 \u043b\u0438\u0447\u043d\u0438\u0442\u0435 \u043f\u043e\u0434\u0430\u0442\u043e\u0446\u0438\",\"isPartOf\":{\"@id\":\"https:\/\/azlp.mk\/#website\"},\"datePublished\":\"2022-11-20T23:58:03+00:00\",\"dateModified\":\"2022-12-15T11:06:52+00:00\",\"breadcrumb\":{\"@id\":\"https:\/\/azlp.mk\/sq\/kontrolloret\/drejtimet\/10-hapa-te-shpejte-per-te-respektuar-ligjin-per-mbrojtjen-e-te-dhenave-personale\/8-krijo-nje-plan-me-nje-skenar-te-shkeljes-se-te-dhenave-personale\/#breadcrumb\"},\"inLanguage\":\"sq-AL\",\"potentialAction\":[{\"@type\":\"ReadAction\",\"target\":[\"https:\/\/azlp.mk\/sq\/kontrolloret\/drejtimet\/10-hapa-te-shpejte-per-te-respektuar-ligjin-per-mbrojtjen-e-te-dhenave-personale\/8-krijo-nje-plan-me-nje-skenar-te-shkeljes-se-te-dhenave-personale\/\"]}]},{\"@type\":\"BreadcrumbList\",\"@id\":\"https:\/\/azlp.mk\/sq\/kontrolloret\/drejtimet\/10-hapa-te-shpejte-per-te-respektuar-ligjin-per-mbrojtjen-e-te-dhenave-personale\/8-krijo-nje-plan-me-nje-skenar-te-shkeljes-se-te-dhenave-personale\/#breadcrumb\",\"itemListElement\":[{\"@type\":\"ListItem\",\"position\":1,\"name\":\"Ballina\",\"item\":\"https:\/\/azlp.mk\/sq\/\"},{\"@type\":\"ListItem\",\"position\":2,\"name\":\"Kontrolluesit\",\"item\":\"https:\/\/azlp.mk\/sq\/kontrolloret\/\"},{\"@type\":\"ListItem\",\"position\":3,\"name\":\"Udh\u00ebzime\",\"item\":\"https:\/\/azlp.mk\/sq\/kontrolloret\/drejtimet\/\"},{\"@type\":\"ListItem\",\"position\":4,\"name\":\"10 hapa t\u00eb shpejt\u00eb p\u00ebr harmonizim me Ligjin p\u00ebr mbrojtjen e t\u00eb dh\u00ebnave personale\",\"item\":\"https:\/\/azlp.mk\/sq\/kontrolloret\/drejtimet\/10-hapa-te-shpejte-per-te-respektuar-ligjin-per-mbrojtjen-e-te-dhenave-personale\/\"},{\"@type\":\"ListItem\",\"position\":5,\"name\":\"8. B\u00ebni plan me skenar me cenim t\u00eb siguris\u00eb s\u00eb t\u00eb dh\u00ebnave personale\"}]},{\"@type\":\"WebSite\",\"@id\":\"https:\/\/azlp.mk\/#website\",\"url\":\"https:\/\/azlp.mk\/\",\"name\":\"\u0410\u0433\u0435\u043d\u0446\u0438\u0458\u0430 \u0437\u0430 \u0437\u0430\u0448\u0442\u0438\u0442\u0430 \u043d\u0430 \u043b\u0438\u0447\u043d\u0438\u0442\u0435 \u043f\u043e\u0434\u0430\u0442\u043e\u0446\u0438\",\"description\":\"\",\"potentialAction\":[{\"@type\":\"SearchAction\",\"target\":{\"@type\":\"EntryPoint\",\"urlTemplate\":\"https:\/\/azlp.mk\/?s={search_term_string}\"},\"query-input\":\"required name=search_term_string\"}],\"inLanguage\":\"sq-AL\"}]}<\/script>\n<!-- \/ Yoast SEO plugin. -->","yoast_head_json":{"title":"8. B\u00ebni plan me skenar me cenim t\u00eb siguris\u00eb s\u00eb t\u00eb dh\u00ebnave personale - \u0410\u0433\u0435\u043d\u0446\u0438\u0458\u0430 \u0437\u0430 \u0437\u0430\u0448\u0442\u0438\u0442\u0430 \u043d\u0430 \u043b\u0438\u0447\u043d\u0438\u0442\u0435 \u043f\u043e\u0434\u0430\u0442\u043e\u0446\u0438","robots":{"index":"index","follow":"follow","max-snippet":"max-snippet:-1","max-image-preview":"max-image-preview:large","max-video-preview":"max-video-preview:-1"},"canonical":"https:\/\/azlp.mk\/sq\/kontrolloret\/drejtimet\/10-hapa-te-shpejte-per-te-respektuar-ligjin-per-mbrojtjen-e-te-dhenave-personale\/8-krijo-nje-plan-me-nje-skenar-te-shkeljes-se-te-dhenave-personale\/","og_locale":"sq_AL","og_type":"article","og_title":"8. B\u00ebni plan me skenar me cenim t\u00eb siguris\u00eb s\u00eb t\u00eb dh\u00ebnave personale - \u0410\u0433\u0435\u043d\u0446\u0438\u0458\u0430 \u0437\u0430 \u0437\u0430\u0448\u0442\u0438\u0442\u0430 \u043d\u0430 \u043b\u0438\u0447\u043d\u0438\u0442\u0435 \u043f\u043e\u0434\u0430\u0442\u043e\u0446\u0438","og_url":"https:\/\/azlp.mk\/sq\/kontrolloret\/drejtimet\/10-hapa-te-shpejte-per-te-respektuar-ligjin-per-mbrojtjen-e-te-dhenave-personale\/8-krijo-nje-plan-me-nje-skenar-te-shkeljes-se-te-dhenave-personale\/","og_site_name":"\u0410\u0433\u0435\u043d\u0446\u0438\u0458\u0430 \u0437\u0430 \u0437\u0430\u0448\u0442\u0438\u0442\u0430 \u043d\u0430 \u043b\u0438\u0447\u043d\u0438\u0442\u0435 \u043f\u043e\u0434\u0430\u0442\u043e\u0446\u0438","article_modified_time":"2022-12-15T11:06:52+00:00","twitter_card":"summary_large_image","twitter_misc":{"Est. reading time":"5 minutes"},"schema":{"@context":"https:\/\/schema.org","@graph":[{"@type":"WebPage","@id":"https:\/\/azlp.mk\/sq\/kontrolloret\/drejtimet\/10-hapa-te-shpejte-per-te-respektuar-ligjin-per-mbrojtjen-e-te-dhenave-personale\/8-krijo-nje-plan-me-nje-skenar-te-shkeljes-se-te-dhenave-personale\/","url":"https:\/\/azlp.mk\/sq\/kontrolloret\/drejtimet\/10-hapa-te-shpejte-per-te-respektuar-ligjin-per-mbrojtjen-e-te-dhenave-personale\/8-krijo-nje-plan-me-nje-skenar-te-shkeljes-se-te-dhenave-personale\/","name":"8. B\u00ebni plan me skenar me cenim t\u00eb siguris\u00eb s\u00eb t\u00eb dh\u00ebnave personale - \u0410\u0433\u0435\u043d\u0446\u0438\u0458\u0430 \u0437\u0430 \u0437\u0430\u0448\u0442\u0438\u0442\u0430 \u043d\u0430 \u043b\u0438\u0447\u043d\u0438\u0442\u0435 \u043f\u043e\u0434\u0430\u0442\u043e\u0446\u0438","isPartOf":{"@id":"https:\/\/azlp.mk\/#website"},"datePublished":"2022-11-20T23:58:03+00:00","dateModified":"2022-12-15T11:06:52+00:00","breadcrumb":{"@id":"https:\/\/azlp.mk\/sq\/kontrolloret\/drejtimet\/10-hapa-te-shpejte-per-te-respektuar-ligjin-per-mbrojtjen-e-te-dhenave-personale\/8-krijo-nje-plan-me-nje-skenar-te-shkeljes-se-te-dhenave-personale\/#breadcrumb"},"inLanguage":"sq-AL","potentialAction":[{"@type":"ReadAction","target":["https:\/\/azlp.mk\/sq\/kontrolloret\/drejtimet\/10-hapa-te-shpejte-per-te-respektuar-ligjin-per-mbrojtjen-e-te-dhenave-personale\/8-krijo-nje-plan-me-nje-skenar-te-shkeljes-se-te-dhenave-personale\/"]}]},{"@type":"BreadcrumbList","@id":"https:\/\/azlp.mk\/sq\/kontrolloret\/drejtimet\/10-hapa-te-shpejte-per-te-respektuar-ligjin-per-mbrojtjen-e-te-dhenave-personale\/8-krijo-nje-plan-me-nje-skenar-te-shkeljes-se-te-dhenave-personale\/#breadcrumb","itemListElement":[{"@type":"ListItem","position":1,"name":"Ballina","item":"https:\/\/azlp.mk\/sq\/"},{"@type":"ListItem","position":2,"name":"Kontrolluesit","item":"https:\/\/azlp.mk\/sq\/kontrolloret\/"},{"@type":"ListItem","position":3,"name":"Udh\u00ebzime","item":"https:\/\/azlp.mk\/sq\/kontrolloret\/drejtimet\/"},{"@type":"ListItem","position":4,"name":"10 hapa t\u00eb shpejt\u00eb p\u00ebr harmonizim me Ligjin p\u00ebr mbrojtjen e t\u00eb dh\u00ebnave personale","item":"https:\/\/azlp.mk\/sq\/kontrolloret\/drejtimet\/10-hapa-te-shpejte-per-te-respektuar-ligjin-per-mbrojtjen-e-te-dhenave-personale\/"},{"@type":"ListItem","position":5,"name":"8. B\u00ebni plan me skenar me cenim t\u00eb siguris\u00eb s\u00eb t\u00eb dh\u00ebnave personale"}]},{"@type":"WebSite","@id":"https:\/\/azlp.mk\/#website","url":"https:\/\/azlp.mk\/","name":"\u0410\u0433\u0435\u043d\u0446\u0438\u0458\u0430 \u0437\u0430 \u0437\u0430\u0448\u0442\u0438\u0442\u0430 \u043d\u0430 \u043b\u0438\u0447\u043d\u0438\u0442\u0435 \u043f\u043e\u0434\u0430\u0442\u043e\u0446\u0438","description":"","potentialAction":[{"@type":"SearchAction","target":{"@type":"EntryPoint","urlTemplate":"https:\/\/azlp.mk\/?s={search_term_string}"},"query-input":"required name=search_term_string"}],"inLanguage":"sq-AL"}]}},"_links":{"self":[{"href":"https:\/\/azlp.mk\/sq\/wp-json\/wp\/v2\/pages\/10349"}],"collection":[{"href":"https:\/\/azlp.mk\/sq\/wp-json\/wp\/v2\/pages"}],"about":[{"href":"https:\/\/azlp.mk\/sq\/wp-json\/wp\/v2\/types\/page"}],"author":[{"embeddable":true,"href":"https:\/\/azlp.mk\/sq\/wp-json\/wp\/v2\/users\/6"}],"replies":[{"embeddable":true,"href":"https:\/\/azlp.mk\/sq\/wp-json\/wp\/v2\/comments?post=10349"}],"version-history":[{"count":3,"href":"https:\/\/azlp.mk\/sq\/wp-json\/wp\/v2\/pages\/10349\/revisions"}],"predecessor-version":[{"id":12850,"href":"https:\/\/azlp.mk\/sq\/wp-json\/wp\/v2\/pages\/10349\/revisions\/12850"}],"up":[{"embeddable":true,"href":"https:\/\/azlp.mk\/sq\/wp-json\/wp\/v2\/pages\/9755"}],"wp:attachment":[{"href":"https:\/\/azlp.mk\/sq\/wp-json\/wp\/v2\/media?parent=10349"}],"curies":[{"name":"wp","href":"https:\/\/api.w.org\/{rel}","templated":true}]}}