{"id":10338,"date":"2022-11-20T23:40:04","date_gmt":"2022-11-20T21:40:04","guid":{"rendered":"https:\/\/azlp.mk\/kontrolloret\/drejtimet\/10-hapa-te-shpejte-per-te-respektuar-ligjin-per-mbrojtjen-e-te-dhenave-personale\/5-politika-njoftimi-deklarata-e-privatesise\/"},"modified":"2022-12-15T12:32:22","modified_gmt":"2022-12-15T10:32:22","slug":"5-politika-njoftimi-deklarata-e-privatesise","status":"publish","type":"page","link":"https:\/\/azlp.mk\/sq\/kontrolloret\/drejtimet\/10-hapa-te-shpejte-per-te-respektuar-ligjin-per-mbrojtjen-e-te-dhenave-personale\/5-politika-njoftimi-deklarata-e-privatesise\/","title":{"rendered":"5. Politika\/Njoftimi\/Deklarata p\u00ebr Privat\u00ebsi"},"content":{"rendered":"<div class=\"fusion-fullwidth fullwidth-box fusion-builder-row-1 fusion-flex-container has-pattern-background has-mask-background nonhundred-percent-fullwidth non-hundred-percent-height-scrolling\" style=\"background-color: #f2f2f2;background-position: center center;background-repeat: no-repeat;border-width: 0px 0px 0px 0px;border-color:#f2f2f2;border-style:solid;\" ><div class=\"fusion-builder-row fusion-row fusion-flex-align-items-flex-start\" style=\"max-width:1248px;margin-left: calc(-4% \/ 2 );margin-right: calc(-4% \/ 2 );\"><div class=\"fusion-layout-column fusion_builder_column fusion-builder-column-0 fusion_builder_column_1_1 1_1 fusion-flex-column\"><div class=\"fusion-column-wrapper fusion-flex-justify-content-flex-start fusion-content-layout-column\" style=\"background-position:left top;background-repeat:no-repeat;-webkit-background-size:cover;-moz-background-size:cover;-o-background-size:cover;background-size:cover;padding: 0px 0px 0px 0px;\"><div class=\"fusion-builder-row fusion-builder-row-inner fusion-row fusion-flex-align-items-flex-start\" style=\"width:104% !important;max-width:104% !important;margin-left: calc(-4% \/ 2 );margin-right: calc(-4% \/ 2 );\"><div class=\"fusion-layout-column fusion_builder_column_inner fusion-builder-nested-column-0 fusion_builder_column_inner_1_2 1_2 fusion-flex-column\"><div class=\"fusion-column-wrapper fusion-flex-justify-content-flex-start fusion-content-layout-column\" style=\"background-position:left top;background-repeat:no-repeat;-webkit-background-size:cover;-moz-background-size:cover;-o-background-size:cover;background-size:cover;padding: 0px 0px 0px 0px;\"><div class=\"fusion-text fusion-text-1\"><p>Politika \/ njoftimi \/ deklarata p\u00ebr privat\u00ebsi e personave fizik\u00eb u siguron informata n\u00eb m\u00ebnyr\u00eb t\u00eb qart\u00eb, koncize, transparente, t\u00eb kuptueshme dhe leht\u00eb t\u00eb disponueshme, dhe me shfryt\u00ebzimin e gjuh\u00ebs s\u00eb r\u00ebndomt\u00eb, q\u00eb p\u00ebrshkruajn\u00eb si kontrolluesi i p\u00ebrpunon t\u00eb dh\u00ebnat personale.<\/p>\n<p>N\u00eb Politik\u00ebn\/Njoftimin\/Deklarat\u00ebn p\u00ebr privat\u00ebsi ju duhet t\u00eb informoni personat fizik\u00eb p\u00ebr:<\/p>\n<ul>\n<li>q\u00ebllimin e p\u00ebrpunimit,<\/li>\n<li>baz\u00ebn juridike p\u00ebr p\u00ebrpunim,<\/li>\n<li>afatin p\u00ebr ruajtje,<\/li>\n<li>n\u00ebse t\u00eb dh\u00ebnat personale ndahen me personat tjer\u00eb juridik\u00eb dhe fizik\u00eb,<\/li>\n<li>interesi legjitim,<\/li>\n<li>synimi p\u00ebr transferimin e t\u00eb dh\u00ebnave personale te vendet e treta ose organizatat nd\u00ebrkomb\u00ebtare,<\/li>\n<li>detajet e kontaktit t\u00eb oficerit p\u00ebr mbrojtjen e t\u00eb dh\u00ebnave personale, etj.<\/li>\n<\/ul>\n<\/div><\/div><style type=\"text\/css\">.fusion-body .fusion-builder-nested-column-0{width:50% !important;margin-top : 0px;margin-bottom : 20px;}.fusion-builder-nested-column-0 > .fusion-column-wrapper {padding-top : 0px !important;padding-right : 0px !important;margin-right : 3.84%;padding-bottom : 0px !important;padding-left : 0px !important;margin-left : 3.84%;}@media only screen and (max-width:1024px) {.fusion-body .fusion-builder-nested-column-0{width:50% !important;order : 0;}.fusion-builder-nested-column-0 > .fusion-column-wrapper {margin-right : 3.84%;margin-left : 3.84%;}}@media only screen and (max-width:640px) {.fusion-body .fusion-builder-nested-column-0{width:100% !important;order : 0;}.fusion-builder-nested-column-0 > .fusion-column-wrapper {margin-right : 1.92%;margin-left : 1.92%;}}<\/style><\/div><div class=\"fusion-layout-column fusion_builder_column_inner fusion-builder-nested-column-1 fusion_builder_column_inner_1_2 1_2 fusion-flex-column\"><div class=\"fusion-column-wrapper fusion-flex-justify-content-flex-start fusion-content-layout-column\" style=\"background-position:left top;background-repeat:no-repeat;-webkit-background-size:cover;-moz-background-size:cover;-o-background-size:cover;background-size:cover;background-color:rgba(195,215,216,0.95);padding: 0px 0px 0px 0px;\"><div class=\"fusion-text fusion-text-2\"><h4><strong>Shembull:<\/strong><\/h4>\n<p>Marija \u00ebsht\u00eb parukiere. Ajo nuk ka ueb-faqe, por ka vendosur njoftim n\u00eb sallonin n\u00eb t\u00eb cilin thuhet se klient\u00ebt mund t\u00eb k\u00ebrkojn\u00eb kopjen e deklarat\u00ebs s\u00eb saj p\u00ebr privat\u00ebsi.<\/p>\n<p>Kompania XX SHPKNJP punon dizajn grafik. Ajo ka ueb-faqen e saj n\u00eb t\u00eb cil\u00ebn, n\u00eb vend t\u00eb duksh\u00ebm, \u00ebsht\u00eb publikuar deklarata p\u00ebr privat\u00ebsi.<\/p>\n<p>T\u00eb dy kontrolluesit kan\u00eb deklarat\u00eb p\u00ebr privat\u00ebsi e cila \u00ebsht\u00eb p\u00ebrb\u00ebr\u00eb nga t\u00eb gjitha elementet e p\u00ebrcaktuara me Ligjin p\u00ebr mbrojtjen e t\u00eb dh\u00ebnave personale (neni 16, 17, dhe 18).<\/p>\n<\/div><\/div><style type=\"text\/css\">.fusion-body .fusion-builder-nested-column-1{width:50% !important;margin-top : 0px;margin-bottom : 20px;}.fusion-builder-nested-column-1 > .fusion-column-wrapper {padding-top : 0px !important;padding-right : 0px !important;margin-right : 3.84%;padding-bottom : 0px !important;padding-left : 0px !important;margin-left : 3.84%;}@media only screen and (max-width:1024px) {.fusion-body .fusion-builder-nested-column-1{width:50% !important;order : 0;}.fusion-builder-nested-column-1 > .fusion-column-wrapper {margin-right : 3.84%;margin-left : 3.84%;}}@media only screen and (max-width:640px) {.fusion-body .fusion-builder-nested-column-1{width:100% !important;order : 0;}.fusion-builder-nested-column-1 > .fusion-column-wrapper {margin-right : 1.92%;margin-left : 1.92%;}}<\/style><\/div><\/div><\/div><style type=\"text\/css\">.fusion-body .fusion-builder-column-0{width:100% !important;margin-top : 0px;margin-bottom : 20px;}.fusion-builder-column-0 > .fusion-column-wrapper {padding-top : 0px !important;padding-right : 0px !important;margin-right : 1.92%;padding-bottom : 0px !important;padding-left : 0px !important;margin-left : 1.92%;}@media only screen and (max-width:1024px) {.fusion-body .fusion-builder-column-0{width:100% !important;order : 0;}.fusion-builder-column-0 > .fusion-column-wrapper {margin-right : 1.92%;margin-left : 1.92%;}}@media only screen and (max-width:640px) {.fusion-body .fusion-builder-column-0{width:100% !important;order : 0;}.fusion-builder-column-0 > .fusion-column-wrapper {margin-right : 1.92%;margin-left : 1.92%;}}<\/style><\/div><\/div><style type=\"text\/css\">.fusion-body .fusion-flex-container.fusion-builder-row-1{ padding-top : 0px;margin-top : 0px;padding-right : 0px;padding-bottom : 0px;margin-bottom : 0px;padding-left : 0px;}<\/style><\/div>\n","protected":false},"excerpt":{"rendered":"","protected":false},"author":6,"featured_media":0,"parent":9755,"menu_order":0,"comment_status":"closed","ping_status":"closed","template":"","meta":{"footnotes":""},"yoast_head":"<!-- This site is optimized with the Yoast SEO plugin v19.9 - https:\/\/yoast.com\/wordpress\/plugins\/seo\/ -->\n<title>5. Politika\/Njoftimi\/Deklarata p\u00ebr Privat\u00ebsi - \u0410\u0433\u0435\u043d\u0446\u0438\u0458\u0430 \u0437\u0430 \u0437\u0430\u0448\u0442\u0438\u0442\u0430 \u043d\u0430 \u043b\u0438\u0447\u043d\u0438\u0442\u0435 \u043f\u043e\u0434\u0430\u0442\u043e\u0446\u0438<\/title>\n<meta name=\"robots\" content=\"index, follow, max-snippet:-1, max-image-preview:large, max-video-preview:-1\" \/>\n<link rel=\"canonical\" href=\"https:\/\/azlp.mk\/sq\/kontrolloret\/drejtimet\/10-hapa-te-shpejte-per-te-respektuar-ligjin-per-mbrojtjen-e-te-dhenave-personale\/5-politika-njoftimi-deklarata-e-privatesise\/\" \/>\n<meta property=\"og:locale\" content=\"sq_AL\" \/>\n<meta property=\"og:type\" content=\"article\" \/>\n<meta property=\"og:title\" content=\"5. Politika\/Njoftimi\/Deklarata p\u00ebr Privat\u00ebsi - \u0410\u0433\u0435\u043d\u0446\u0438\u0458\u0430 \u0437\u0430 \u0437\u0430\u0448\u0442\u0438\u0442\u0430 \u043d\u0430 \u043b\u0438\u0447\u043d\u0438\u0442\u0435 \u043f\u043e\u0434\u0430\u0442\u043e\u0446\u0438\" \/>\n<meta property=\"og:url\" content=\"https:\/\/azlp.mk\/sq\/kontrolloret\/drejtimet\/10-hapa-te-shpejte-per-te-respektuar-ligjin-per-mbrojtjen-e-te-dhenave-personale\/5-politika-njoftimi-deklarata-e-privatesise\/\" \/>\n<meta property=\"og:site_name\" content=\"\u0410\u0433\u0435\u043d\u0446\u0438\u0458\u0430 \u0437\u0430 \u0437\u0430\u0448\u0442\u0438\u0442\u0430 \u043d\u0430 \u043b\u0438\u0447\u043d\u0438\u0442\u0435 \u043f\u043e\u0434\u0430\u0442\u043e\u0446\u0438\" \/>\n<meta property=\"article:modified_time\" content=\"2022-12-15T10:32:22+00:00\" \/>\n<meta name=\"twitter:card\" content=\"summary_large_image\" \/>\n<meta name=\"twitter:label1\" content=\"Est. reading time\" \/>\n\t<meta name=\"twitter:data1\" content=\"5 minutes\" \/>\n<script type=\"application\/ld+json\" class=\"yoast-schema-graph\">{\"@context\":\"https:\/\/schema.org\",\"@graph\":[{\"@type\":\"WebPage\",\"@id\":\"https:\/\/azlp.mk\/sq\/kontrolloret\/drejtimet\/10-hapa-te-shpejte-per-te-respektuar-ligjin-per-mbrojtjen-e-te-dhenave-personale\/5-politika-njoftimi-deklarata-e-privatesise\/\",\"url\":\"https:\/\/azlp.mk\/sq\/kontrolloret\/drejtimet\/10-hapa-te-shpejte-per-te-respektuar-ligjin-per-mbrojtjen-e-te-dhenave-personale\/5-politika-njoftimi-deklarata-e-privatesise\/\",\"name\":\"5. Politika\/Njoftimi\/Deklarata p\u00ebr Privat\u00ebsi - \u0410\u0433\u0435\u043d\u0446\u0438\u0458\u0430 \u0437\u0430 \u0437\u0430\u0448\u0442\u0438\u0442\u0430 \u043d\u0430 \u043b\u0438\u0447\u043d\u0438\u0442\u0435 \u043f\u043e\u0434\u0430\u0442\u043e\u0446\u0438\",\"isPartOf\":{\"@id\":\"https:\/\/azlp.mk\/#website\"},\"datePublished\":\"2022-11-20T21:40:04+00:00\",\"dateModified\":\"2022-12-15T10:32:22+00:00\",\"breadcrumb\":{\"@id\":\"https:\/\/azlp.mk\/sq\/kontrolloret\/drejtimet\/10-hapa-te-shpejte-per-te-respektuar-ligjin-per-mbrojtjen-e-te-dhenave-personale\/5-politika-njoftimi-deklarata-e-privatesise\/#breadcrumb\"},\"inLanguage\":\"sq-AL\",\"potentialAction\":[{\"@type\":\"ReadAction\",\"target\":[\"https:\/\/azlp.mk\/sq\/kontrolloret\/drejtimet\/10-hapa-te-shpejte-per-te-respektuar-ligjin-per-mbrojtjen-e-te-dhenave-personale\/5-politika-njoftimi-deklarata-e-privatesise\/\"]}]},{\"@type\":\"BreadcrumbList\",\"@id\":\"https:\/\/azlp.mk\/sq\/kontrolloret\/drejtimet\/10-hapa-te-shpejte-per-te-respektuar-ligjin-per-mbrojtjen-e-te-dhenave-personale\/5-politika-njoftimi-deklarata-e-privatesise\/#breadcrumb\",\"itemListElement\":[{\"@type\":\"ListItem\",\"position\":1,\"name\":\"Ballina\",\"item\":\"https:\/\/azlp.mk\/sq\/\"},{\"@type\":\"ListItem\",\"position\":2,\"name\":\"Kontrolluesit\",\"item\":\"https:\/\/azlp.mk\/sq\/kontrolloret\/\"},{\"@type\":\"ListItem\",\"position\":3,\"name\":\"Udh\u00ebzime\",\"item\":\"https:\/\/azlp.mk\/sq\/kontrolloret\/drejtimet\/\"},{\"@type\":\"ListItem\",\"position\":4,\"name\":\"10 hapa t\u00eb shpejt\u00eb p\u00ebr harmonizim me Ligjin p\u00ebr mbrojtjen e t\u00eb dh\u00ebnave personale\",\"item\":\"https:\/\/azlp.mk\/sq\/kontrolloret\/drejtimet\/10-hapa-te-shpejte-per-te-respektuar-ligjin-per-mbrojtjen-e-te-dhenave-personale\/\"},{\"@type\":\"ListItem\",\"position\":5,\"name\":\"5. Politika\/Njoftimi\/Deklarata p\u00ebr Privat\u00ebsi\"}]},{\"@type\":\"WebSite\",\"@id\":\"https:\/\/azlp.mk\/#website\",\"url\":\"https:\/\/azlp.mk\/\",\"name\":\"\u0410\u0433\u0435\u043d\u0446\u0438\u0458\u0430 \u0437\u0430 \u0437\u0430\u0448\u0442\u0438\u0442\u0430 \u043d\u0430 \u043b\u0438\u0447\u043d\u0438\u0442\u0435 \u043f\u043e\u0434\u0430\u0442\u043e\u0446\u0438\",\"description\":\"\",\"potentialAction\":[{\"@type\":\"SearchAction\",\"target\":{\"@type\":\"EntryPoint\",\"urlTemplate\":\"https:\/\/azlp.mk\/?s={search_term_string}\"},\"query-input\":\"required name=search_term_string\"}],\"inLanguage\":\"sq-AL\"}]}<\/script>\n<!-- \/ Yoast SEO plugin. -->","yoast_head_json":{"title":"5. Politika\/Njoftimi\/Deklarata p\u00ebr Privat\u00ebsi - \u0410\u0433\u0435\u043d\u0446\u0438\u0458\u0430 \u0437\u0430 \u0437\u0430\u0448\u0442\u0438\u0442\u0430 \u043d\u0430 \u043b\u0438\u0447\u043d\u0438\u0442\u0435 \u043f\u043e\u0434\u0430\u0442\u043e\u0446\u0438","robots":{"index":"index","follow":"follow","max-snippet":"max-snippet:-1","max-image-preview":"max-image-preview:large","max-video-preview":"max-video-preview:-1"},"canonical":"https:\/\/azlp.mk\/sq\/kontrolloret\/drejtimet\/10-hapa-te-shpejte-per-te-respektuar-ligjin-per-mbrojtjen-e-te-dhenave-personale\/5-politika-njoftimi-deklarata-e-privatesise\/","og_locale":"sq_AL","og_type":"article","og_title":"5. Politika\/Njoftimi\/Deklarata p\u00ebr Privat\u00ebsi - \u0410\u0433\u0435\u043d\u0446\u0438\u0458\u0430 \u0437\u0430 \u0437\u0430\u0448\u0442\u0438\u0442\u0430 \u043d\u0430 \u043b\u0438\u0447\u043d\u0438\u0442\u0435 \u043f\u043e\u0434\u0430\u0442\u043e\u0446\u0438","og_url":"https:\/\/azlp.mk\/sq\/kontrolloret\/drejtimet\/10-hapa-te-shpejte-per-te-respektuar-ligjin-per-mbrojtjen-e-te-dhenave-personale\/5-politika-njoftimi-deklarata-e-privatesise\/","og_site_name":"\u0410\u0433\u0435\u043d\u0446\u0438\u0458\u0430 \u0437\u0430 \u0437\u0430\u0448\u0442\u0438\u0442\u0430 \u043d\u0430 \u043b\u0438\u0447\u043d\u0438\u0442\u0435 \u043f\u043e\u0434\u0430\u0442\u043e\u0446\u0438","article_modified_time":"2022-12-15T10:32:22+00:00","twitter_card":"summary_large_image","twitter_misc":{"Est. reading time":"5 minutes"},"schema":{"@context":"https:\/\/schema.org","@graph":[{"@type":"WebPage","@id":"https:\/\/azlp.mk\/sq\/kontrolloret\/drejtimet\/10-hapa-te-shpejte-per-te-respektuar-ligjin-per-mbrojtjen-e-te-dhenave-personale\/5-politika-njoftimi-deklarata-e-privatesise\/","url":"https:\/\/azlp.mk\/sq\/kontrolloret\/drejtimet\/10-hapa-te-shpejte-per-te-respektuar-ligjin-per-mbrojtjen-e-te-dhenave-personale\/5-politika-njoftimi-deklarata-e-privatesise\/","name":"5. Politika\/Njoftimi\/Deklarata p\u00ebr Privat\u00ebsi - \u0410\u0433\u0435\u043d\u0446\u0438\u0458\u0430 \u0437\u0430 \u0437\u0430\u0448\u0442\u0438\u0442\u0430 \u043d\u0430 \u043b\u0438\u0447\u043d\u0438\u0442\u0435 \u043f\u043e\u0434\u0430\u0442\u043e\u0446\u0438","isPartOf":{"@id":"https:\/\/azlp.mk\/#website"},"datePublished":"2022-11-20T21:40:04+00:00","dateModified":"2022-12-15T10:32:22+00:00","breadcrumb":{"@id":"https:\/\/azlp.mk\/sq\/kontrolloret\/drejtimet\/10-hapa-te-shpejte-per-te-respektuar-ligjin-per-mbrojtjen-e-te-dhenave-personale\/5-politika-njoftimi-deklarata-e-privatesise\/#breadcrumb"},"inLanguage":"sq-AL","potentialAction":[{"@type":"ReadAction","target":["https:\/\/azlp.mk\/sq\/kontrolloret\/drejtimet\/10-hapa-te-shpejte-per-te-respektuar-ligjin-per-mbrojtjen-e-te-dhenave-personale\/5-politika-njoftimi-deklarata-e-privatesise\/"]}]},{"@type":"BreadcrumbList","@id":"https:\/\/azlp.mk\/sq\/kontrolloret\/drejtimet\/10-hapa-te-shpejte-per-te-respektuar-ligjin-per-mbrojtjen-e-te-dhenave-personale\/5-politika-njoftimi-deklarata-e-privatesise\/#breadcrumb","itemListElement":[{"@type":"ListItem","position":1,"name":"Ballina","item":"https:\/\/azlp.mk\/sq\/"},{"@type":"ListItem","position":2,"name":"Kontrolluesit","item":"https:\/\/azlp.mk\/sq\/kontrolloret\/"},{"@type":"ListItem","position":3,"name":"Udh\u00ebzime","item":"https:\/\/azlp.mk\/sq\/kontrolloret\/drejtimet\/"},{"@type":"ListItem","position":4,"name":"10 hapa t\u00eb shpejt\u00eb p\u00ebr harmonizim me Ligjin p\u00ebr mbrojtjen e t\u00eb dh\u00ebnave personale","item":"https:\/\/azlp.mk\/sq\/kontrolloret\/drejtimet\/10-hapa-te-shpejte-per-te-respektuar-ligjin-per-mbrojtjen-e-te-dhenave-personale\/"},{"@type":"ListItem","position":5,"name":"5. Politika\/Njoftimi\/Deklarata p\u00ebr Privat\u00ebsi"}]},{"@type":"WebSite","@id":"https:\/\/azlp.mk\/#website","url":"https:\/\/azlp.mk\/","name":"\u0410\u0433\u0435\u043d\u0446\u0438\u0458\u0430 \u0437\u0430 \u0437\u0430\u0448\u0442\u0438\u0442\u0430 \u043d\u0430 \u043b\u0438\u0447\u043d\u0438\u0442\u0435 \u043f\u043e\u0434\u0430\u0442\u043e\u0446\u0438","description":"","potentialAction":[{"@type":"SearchAction","target":{"@type":"EntryPoint","urlTemplate":"https:\/\/azlp.mk\/?s={search_term_string}"},"query-input":"required name=search_term_string"}],"inLanguage":"sq-AL"}]}},"_links":{"self":[{"href":"https:\/\/azlp.mk\/sq\/wp-json\/wp\/v2\/pages\/10338"}],"collection":[{"href":"https:\/\/azlp.mk\/sq\/wp-json\/wp\/v2\/pages"}],"about":[{"href":"https:\/\/azlp.mk\/sq\/wp-json\/wp\/v2\/types\/page"}],"author":[{"embeddable":true,"href":"https:\/\/azlp.mk\/sq\/wp-json\/wp\/v2\/users\/6"}],"replies":[{"embeddable":true,"href":"https:\/\/azlp.mk\/sq\/wp-json\/wp\/v2\/comments?post=10338"}],"version-history":[{"count":3,"href":"https:\/\/azlp.mk\/sq\/wp-json\/wp\/v2\/pages\/10338\/revisions"}],"predecessor-version":[{"id":12843,"href":"https:\/\/azlp.mk\/sq\/wp-json\/wp\/v2\/pages\/10338\/revisions\/12843"}],"up":[{"embeddable":true,"href":"https:\/\/azlp.mk\/sq\/wp-json\/wp\/v2\/pages\/9755"}],"wp:attachment":[{"href":"https:\/\/azlp.mk\/sq\/wp-json\/wp\/v2\/media?parent=10338"}],"curies":[{"name":"wp","href":"https:\/\/api.w.org\/{rel}","templated":true}]}}