{"id":10334,"date":"2022-11-20T22:36:44","date_gmt":"2022-11-20T20:36:44","guid":{"rendered":"https:\/\/azlp.mk\/kontrolloret\/drejtimet\/10-hapa-te-shpejte-per-te-respektuar-ligjin-per-mbrojtjen-e-te-dhenave-personale\/caktoni-nje-zyrtar-per-mbrojtjen-e-te-dhenave-personale\/"},"modified":"2022-11-24T18:57:04","modified_gmt":"2022-11-24T16:57:04","slug":"caktoni-nje-zyrtar-per-mbrojtjen-e-te-dhenave-personale","status":"publish","type":"page","link":"https:\/\/azlp.mk\/sq\/kontrolloret\/drejtimet\/10-hapa-te-shpejte-per-te-respektuar-ligjin-per-mbrojtjen-e-te-dhenave-personale\/caktoni-nje-zyrtar-per-mbrojtjen-e-te-dhenave-personale\/","title":{"rendered":"Caktoni nj\u00eb zyrtar p\u00ebr mbrojtjen e t\u00eb dh\u00ebnave personale"},"content":{"rendered":"<div class=\"fusion-fullwidth fullwidth-box fusion-builder-row-1 fusion-flex-container has-pattern-background has-mask-background nonhundred-percent-fullwidth non-hundred-percent-height-scrolling\" style=\"background-color: #f2f2f2;background-position: center center;background-repeat: no-repeat;border-width: 0px 0px 0px 0px;border-color:#f2f2f2;border-style:solid;\" ><div class=\"fusion-builder-row fusion-row fusion-flex-align-items-flex-start\" style=\"max-width:1248px;margin-left: calc(-4% \/ 2 );margin-right: calc(-4% \/ 2 );\"><div class=\"fusion-layout-column fusion_builder_column fusion-builder-column-0 fusion_builder_column_1_1 1_1 fusion-flex-column\"><div class=\"fusion-column-wrapper fusion-flex-justify-content-flex-start fusion-content-layout-column\" style=\"background-position:left top;background-repeat:no-repeat;-webkit-background-size:cover;-moz-background-size:cover;-o-background-size:cover;background-size:cover;padding: 0px 0px 0px 0px;\"><div class=\"fusion-builder-row fusion-builder-row-inner fusion-row fusion-flex-align-items-flex-start\" style=\"width:104% !important;max-width:104% !important;margin-left: calc(-4% \/ 2 );margin-right: calc(-4% \/ 2 );\"><div class=\"fusion-layout-column fusion_builder_column_inner fusion-builder-nested-column-0 fusion_builder_column_inner_1_3 1_3 fusion-flex-column\"><div class=\"fusion-column-wrapper fusion-flex-justify-content-flex-start fusion-content-layout-column\" style=\"background-position:left top;background-repeat:no-repeat;-webkit-background-size:cover;-moz-background-size:cover;-o-background-size:cover;background-size:cover;padding: 0px 0px 0px 0px;\"><div class=\"fusion-text fusion-text-1\"><p>Ju duhet t\u00eb caktoni nj\u00eb zyrtar p\u00ebr mbrojtjen e t\u00eb dh\u00ebnave personale n\u00eb rastet e m\u00ebposhtme:<\/p>\n<ul>\n<li>n\u00ebse jeni organ i administrat\u00ebs shtet\u00ebrore;<\/li>\n<li>kur biznesi juaj kryesor p\u00ebrb\u00ebhet nga operacione t\u00eb gjera p\u00ebrpunimi q\u00eb k\u00ebrkojn\u00eb monitorim t\u00eb rregullt dhe sistematik t\u00eb personave fizik\u00eb (p.sh. nj\u00eb kompani sigurie q\u00eb ka nj\u00eb sistem mbik\u00ebqyrjeje video n\u00eb disa qendra tregtare); dhe<\/li>\n<li>kur biznesi juaj kryesor p\u00ebrfshin p\u00ebrpunimin e gjer\u00eb t\u00eb kategorive t\u00eb ve\u00e7anta t\u00eb t\u00eb dh\u00ebnave personale (p.sh. t\u00eb dh\u00ebna biometrike, t\u00eb dh\u00ebna gjenetike, t\u00eb dh\u00ebna sh\u00ebndet\u00ebsore) ose t\u00eb dh\u00ebna personale q\u00eb lidhen me d\u00ebnime penale dhe vepra penale (p.sh. aktivitetet e p\u00ebrpunimit t\u00eb t\u00eb dh\u00ebnave personale n\u00eb nj\u00eb spital merren parasysh p\u00ebrpunimi i gjer\u00eb n\u00eb krahasim me p\u00ebrpunimin e kryer nga nj\u00eb mjek, i cili nuk konsiderohet p\u00ebrpunim i gjer\u00eb i t\u00eb dh\u00ebnave personale).<\/li>\n<\/ul>\n<\/div><div class=\"fusion-text fusion-text-2\"><p><strong>Sh\u00ebnim i r\u00ebnd\u00ebsish\u00ebm! Ju duhet t\u00eb publikoni detajet e kontaktit t\u00eb oficerit t\u00eb mbrojtjes s\u00eb t\u00eb dh\u00ebnave personale n\u00eb faqen tuaj t\u00eb internetit dhe <a href=\"https:\/\/azlp.mk\/sq\/kontrolloret\/oficeret\/#izvestuvanje%20za%20oficer\">t&#8217;i dor\u00ebzoni ato n\u00eb Agjencin\u00eb e Mbrojtjes s\u00eb t\u00eb Dh\u00ebnave Personale<\/a> .<\/strong><\/p>\n<\/div><\/div><style type=\"text\/css\">.fusion-body .fusion-builder-nested-column-0{width:33.333333333333% !important;margin-top : 0px;margin-bottom : 20px;}.fusion-builder-nested-column-0 > .fusion-column-wrapper {padding-top : 0px !important;padding-right : 0px !important;margin-right : 5.76%;padding-bottom : 0px !important;padding-left : 0px !important;margin-left : 5.76%;}@media only screen and (max-width:1024px) {.fusion-body .fusion-builder-nested-column-0{width:33.333333333333% !important;order : 0;}.fusion-builder-nested-column-0 > .fusion-column-wrapper {margin-right : 5.76%;margin-left : 5.76%;}}@media only screen and (max-width:640px) {.fusion-body .fusion-builder-nested-column-0{width:100% !important;order : 0;}.fusion-builder-nested-column-0 > .fusion-column-wrapper {margin-right : 1.92%;margin-left : 1.92%;}}<\/style><\/div><div class=\"fusion-layout-column fusion_builder_column_inner fusion-builder-nested-column-1 fusion_builder_column_inner_1_3 1_3 fusion-flex-column\"><div class=\"fusion-column-wrapper fusion-flex-justify-content-flex-start fusion-content-layout-column\" style=\"background-position:left top;background-repeat:no-repeat;-webkit-background-size:cover;-moz-background-size:cover;-o-background-size:cover;background-size:cover;background-color:rgba(195,215,216,0.95);padding: 0px 0px 0px 0px;\"><div class=\"fusion-text fusion-text-3\"><p><strong>Ligji p\u00ebr Mbrojtjen e t\u00eb Dh\u00ebnave Personale p\u00ebrcakton kushte t\u00eb ve\u00e7anta p\u00ebr personin q\u00eb caktohet si zyrtar i mbrojtjes s\u00eb t\u00eb dh\u00ebnave personale:<\/strong><\/p>\n<ul>\n<li>t\u00eb plot\u00ebsoj\u00eb kushtet e pun\u00ebsimit t\u00eb p\u00ebrcaktuara n\u00eb ligjin p\u00ebr mbrojtjen e t\u00eb dh\u00ebnave personale dhe me ligj tjet\u00ebr;<\/li>\n<li>t\u00eb p\u00ebrdorin n\u00eb m\u00ebnyr\u00eb aktive gjuh\u00ebn maqedonase;<\/li>\n<li>n\u00eb momentin e p\u00ebrcaktimit, me aktgjykim t\u00eb form\u00ebs s\u00eb prer\u00eb ndaj tij nuk \u00ebsht\u00eb shqiptuar asnj\u00eb d\u00ebnim ose sanksion kund\u00ebrvajt\u00ebs p\u00ebr ndalimin e ushtrimit t\u00eb profesionit, veprimtaris\u00eb ose detyr\u00ebs;<\/li>\n<li>t\u00eb ket\u00eb fituar t\u00eb pakt\u00ebn 240 kredite sipas Sistemit Evropian t\u00eb Transferimit t\u00eb Kredive (ECTS) ose t\u00eb ket\u00eb p\u00ebrfunduar shkall\u00ebn VII\/1 t\u00eb arsimit t\u00eb lart\u00eb;<\/li>\n<li>t\u00eb ket\u00eb njohuri dhe aft\u00ebsi n\u00eb lidhje me praktikat dhe rregulloret n\u00eb fush\u00ebn e mbrojtjes s\u00eb t\u00eb dh\u00ebnave personale.<\/li>\n<\/ul>\n<\/div><div class=\"fusion-text fusion-text-4\"><h4><strong><i class=\"fb-icon-element-1 fb-icon-element fontawesome-icon gdpr-law-office-svgrepo-com circle-no fusion-text-flow\" style=\"font-size:25px;margin-right:12.5px;\"><\/i><style>i.fb-icon-element.fontawesome-icon.fb-icon-element-1{ color: var(--awb-color5);}i.fb-icon-element.fontawesome-icon.fb-icon-element-1:hover { color: var(--awb-color1);}<\/style>Shembull:<\/strong><\/h4>\n<p>Organet e administrat\u00ebs shtet\u00ebrore, si ministrit\u00eb, institutet, institucionet etj., duhet t\u00eb caktojn\u00eb nj\u00eb zyrtar p\u00ebr mbrojtjen e t\u00eb dh\u00ebnave personale.<\/p>\n<\/div><\/div><style type=\"text\/css\">.fusion-body .fusion-builder-nested-column-1{width:33.333333333333% !important;margin-top : 0px;margin-bottom : 20px;}.fusion-builder-nested-column-1 > .fusion-column-wrapper {padding-top : 0px !important;padding-right : 0px !important;margin-right : 5.76%;padding-bottom : 0px !important;padding-left : 0px !important;margin-left : 5.76%;}@media only screen and (max-width:1024px) {.fusion-body .fusion-builder-nested-column-1{width:33.333333333333% !important;order : 0;}.fusion-builder-nested-column-1 > .fusion-column-wrapper {margin-right : 5.76%;margin-left : 5.76%;}}@media only screen and (max-width:640px) {.fusion-body .fusion-builder-nested-column-1{width:100% !important;order : 0;}.fusion-builder-nested-column-1 > .fusion-column-wrapper {margin-right : 1.92%;margin-left : 1.92%;}}<\/style><\/div><div class=\"fusion-layout-column fusion_builder_column_inner fusion-builder-nested-column-2 fusion_builder_column_inner_1_3 1_3 fusion-flex-column\"><div class=\"fusion-column-wrapper fusion-flex-justify-content-flex-start fusion-content-layout-column\" style=\"background-position:left top;background-repeat:no-repeat;-webkit-background-size:cover;-moz-background-size:cover;-o-background-size:cover;background-size:cover;background-color:rgba(195,215,216,0.95);padding: 0px 0px 0px 0px;\"><div class=\"fusion-text fusion-text-5\"><p><strong>P\u00ebrve\u00e7 kualifikimeve profesionale, cilat kushte t\u00eb tjera i parashikohen zyrtarit p\u00ebr mbrojtjen e t\u00eb dh\u00ebnave personale?<\/strong><\/p>\n<p>Nj\u00eb grup shoq\u00ebrish mund t\u00eb caktoj\u00eb nj\u00eb zyrtar p\u00ebr mbrojtjen e t\u00eb dh\u00ebnave personale, me kusht q\u00eb ai\/ajo t\u00eb jet\u00eb i aksesuesh\u00ebm n\u00eb m\u00ebnyr\u00eb t\u00eb barabart\u00eb dhe leht\u00ebsisht p\u00ebr t\u00eb gjith\u00eb personat juridik\u00eb t\u00eb grupit dhe p\u00ebr subjektet e t\u00eb dh\u00ebnave personale, nd\u00ebrsa n\u00eb rastin e organeve t\u00eb administrat\u00ebs shtet\u00ebrore, nj\u00eb zyrtari mund t\u00eb vendos\u00eb p\u00ebr disa organe n\u00eb p\u00ebrb\u00ebrje t\u00eb autoritetit kompetent.<\/p>\n<p>Zyrtari p\u00ebr mbrojtjen e t\u00eb dh\u00ebnave personale mund t\u00eb jet\u00eb punonj\u00ebs ose t\u00eb kryej\u00eb detyrat n\u00eb baz\u00eb t\u00eb nj\u00eb kontrate.<\/p>\n<p>Duhet t\u00eb theksohet se edhe pse zyrtar\u00ebt e mbrojtjes s\u00eb t\u00eb dh\u00ebnave personale mund t\u00eb kryejn\u00eb detyra dhe detyra t\u00eb tjera, nj\u00eb angazhim i till\u00eb nuk duhet t\u00eb rezultoj\u00eb n\u00eb konflikt interesi sepse mungesa e nj\u00eb konflikti t\u00eb till\u00eb konsiderohet kryerje e pavarur e detyrave dhe detyrave.<\/p>\n<p>P\u00ebr k\u00ebt\u00eb arsye, zyrtari nuk duhet t\u00eb jet\u00eb punonj\u00ebs i cili merr pjes\u00eb n\u00eb p\u00ebrcaktimin e q\u00ebllimeve dhe metodave t\u00eb p\u00ebrpunimit t\u00eb t\u00eb dh\u00ebnave personale.<\/p>\n<p>P\u00ebrve\u00e7 k\u00ebsaj, nuk k\u00ebshillohet q\u00eb personat n\u00eb pozicione t\u00eb caktuara brenda kompanis\u00eb q\u00eb mund t\u00eb ken\u00eb konflikt interesi t\u00eb caktohen si oficer\u00eb t\u00eb mbrojtjes s\u00eb t\u00eb dh\u00ebnave personale, p\u00ebr shembull, personat q\u00eb mbajn\u00eb poste t\u00eb larta drejtuese (drejtor ekzekutiv, shef operativ), drejtues t\u00eb marketingut. departamentet, drejtuesit e departamenteve t\u00eb menaxhimit t\u00eb burimeve njer\u00ebzore, administratori i sistemit t\u00eb informacionit, etj., por edhe personat q\u00eb mbajn\u00eb pozicione m\u00eb t\u00eb ul\u00ebta brenda kompanis\u00eb, n\u00ebse nj\u00eb pozicion i till\u00eb k\u00ebrkon p\u00ebrcaktimin e q\u00ebllimeve dhe metodave t\u00eb p\u00ebrpunimit t\u00eb t\u00eb dh\u00ebnave personale.<\/p>\n<p>Detyrat e zyrtarit p\u00ebr mbrojtjen e t\u00eb dh\u00ebnave personale p\u00ebrfshijn\u00eb dh\u00ebnien e k\u00ebshillave p\u00ebr kontrolluesin p\u00ebr t\u00eb gjitha \u00e7\u00ebshtjet n\u00eb fush\u00ebn e mbrojtjes s\u00eb t\u00eb dh\u00ebnave personale.<\/p>\n<p>Kontrolluesi dhe p\u00ebrpunuesi duhet t\u00eb sigurojn\u00eb q\u00eb zyrtari p\u00ebr mbrojtjen e t\u00eb dh\u00ebnave personale \u00ebsht\u00eb i p\u00ebrfshir\u00eb si\u00e7 duhet dhe n\u00eb koh\u00eb n\u00eb t\u00eb gjitha \u00e7\u00ebshtjet e mbrojtjes s\u00eb t\u00eb dh\u00ebnave personale.<\/p>\n<p>Sipas ligjit, detyrat dhe detyrat e oficerit t\u00eb mbrojtjes s\u00eb t\u00eb dh\u00ebnave personale p\u00ebrfshijn\u00eb monitorimin e pajtueshm\u00ebris\u00eb dhe trajnimin e punonj\u00ebsve.<\/p>\n<p>P\u00ebr k\u00ebto arsye, nj\u00eb zyrtar p\u00ebr mbrojtjen e t\u00eb dh\u00ebnave personale ka nj\u00eb vler\u00eb t\u00eb madhe p\u00ebr \u00e7do organizat\u00eb dhe p\u00ebr k\u00ebt\u00eb arsye Agjencia p\u00ebr Mbrojtjen e t\u00eb Dh\u00ebnave Personale rekomandon q\u00eb zyrtar\u00eb t\u00eb till\u00eb t\u00eb em\u00ebrohen edhe kur personat juridik\u00eb nuk e kan\u00eb nj\u00eb detyrim t\u00eb till\u00eb.<\/p>\n<\/div><\/div><style type=\"text\/css\">.fusion-body .fusion-builder-nested-column-2{width:33.333333333333% !important;margin-top : 0px;margin-bottom : 20px;}.fusion-builder-nested-column-2 > .fusion-column-wrapper {padding-top : 0px !important;padding-right : 0px !important;margin-right : 5.76%;padding-bottom : 0px !important;padding-left : 0px !important;margin-left : 5.76%;}@media only screen and (max-width:1024px) {.fusion-body .fusion-builder-nested-column-2{width:33.333333333333% !important;order : 0;}.fusion-builder-nested-column-2 > .fusion-column-wrapper {margin-right : 5.76%;margin-left : 5.76%;}}@media only screen and (max-width:640px) {.fusion-body .fusion-builder-nested-column-2{width:100% !important;order : 0;}.fusion-builder-nested-column-2 > .fusion-column-wrapper {margin-right : 1.92%;margin-left : 1.92%;}}<\/style><\/div><\/div><\/div><style type=\"text\/css\">.fusion-body .fusion-builder-column-0{width:100% !important;margin-top : 0px;margin-bottom : 20px;}.fusion-builder-column-0 > .fusion-column-wrapper {padding-top : 0px !important;padding-right : 0px !important;margin-right : 1.92%;padding-bottom : 0px !important;padding-left : 0px !important;margin-left : 1.92%;}@media only screen and (max-width:1024px) {.fusion-body .fusion-builder-column-0{width:100% !important;order : 0;}.fusion-builder-column-0 > .fusion-column-wrapper {margin-right : 1.92%;margin-left : 1.92%;}}@media only screen and (max-width:640px) {.fusion-body .fusion-builder-column-0{width:100% !important;order : 0;}.fusion-builder-column-0 > .fusion-column-wrapper {margin-right : 1.92%;margin-left : 1.92%;}}<\/style><\/div><\/div><style type=\"text\/css\">.fusion-body .fusion-flex-container.fusion-builder-row-1{ padding-top : 0px;margin-top : 0px;padding-right : 0px;padding-bottom : 0px;margin-bottom : 0px;padding-left : 0px;}<\/style><\/div>\n","protected":false},"excerpt":{"rendered":"","protected":false},"author":6,"featured_media":0,"parent":9755,"menu_order":0,"comment_status":"closed","ping_status":"closed","template":"","meta":{"footnotes":""},"yoast_head":"<!-- This site is optimized with the Yoast SEO plugin v19.9 - https:\/\/yoast.com\/wordpress\/plugins\/seo\/ -->\n<title>Caktoni nj\u00eb zyrtar p\u00ebr mbrojtjen e t\u00eb dh\u00ebnave personale - \u0410\u0433\u0435\u043d\u0446\u0438\u0458\u0430 \u0437\u0430 \u0437\u0430\u0448\u0442\u0438\u0442\u0430 \u043d\u0430 \u043b\u0438\u0447\u043d\u0438\u0442\u0435 \u043f\u043e\u0434\u0430\u0442\u043e\u0446\u0438<\/title>\n<meta name=\"robots\" content=\"index, follow, max-snippet:-1, max-image-preview:large, max-video-preview:-1\" \/>\n<link rel=\"canonical\" href=\"https:\/\/azlp.mk\/sq\/kontrolloret\/drejtimet\/10-hapa-te-shpejte-per-te-respektuar-ligjin-per-mbrojtjen-e-te-dhenave-personale\/caktoni-nje-zyrtar-per-mbrojtjen-e-te-dhenave-personale\/\" \/>\n<meta property=\"og:locale\" content=\"sq_AL\" \/>\n<meta property=\"og:type\" content=\"article\" \/>\n<meta property=\"og:title\" content=\"Caktoni nj\u00eb zyrtar p\u00ebr mbrojtjen e t\u00eb dh\u00ebnave personale - \u0410\u0433\u0435\u043d\u0446\u0438\u0458\u0430 \u0437\u0430 \u0437\u0430\u0448\u0442\u0438\u0442\u0430 \u043d\u0430 \u043b\u0438\u0447\u043d\u0438\u0442\u0435 \u043f\u043e\u0434\u0430\u0442\u043e\u0446\u0438\" \/>\n<meta property=\"og:url\" content=\"https:\/\/azlp.mk\/sq\/kontrolloret\/drejtimet\/10-hapa-te-shpejte-per-te-respektuar-ligjin-per-mbrojtjen-e-te-dhenave-personale\/caktoni-nje-zyrtar-per-mbrojtjen-e-te-dhenave-personale\/\" \/>\n<meta property=\"og:site_name\" content=\"\u0410\u0433\u0435\u043d\u0446\u0438\u0458\u0430 \u0437\u0430 \u0437\u0430\u0448\u0442\u0438\u0442\u0430 \u043d\u0430 \u043b\u0438\u0447\u043d\u0438\u0442\u0435 \u043f\u043e\u0434\u0430\u0442\u043e\u0446\u0438\" \/>\n<meta property=\"article:modified_time\" content=\"2022-11-24T16:57:04+00:00\" \/>\n<meta name=\"twitter:card\" content=\"summary_large_image\" \/>\n<meta name=\"twitter:label1\" content=\"Est. reading time\" \/>\n\t<meta name=\"twitter:data1\" content=\"15 minutes\" \/>\n<script type=\"application\/ld+json\" class=\"yoast-schema-graph\">{\"@context\":\"https:\/\/schema.org\",\"@graph\":[{\"@type\":\"WebPage\",\"@id\":\"https:\/\/azlp.mk\/sq\/kontrolloret\/drejtimet\/10-hapa-te-shpejte-per-te-respektuar-ligjin-per-mbrojtjen-e-te-dhenave-personale\/caktoni-nje-zyrtar-per-mbrojtjen-e-te-dhenave-personale\/\",\"url\":\"https:\/\/azlp.mk\/sq\/kontrolloret\/drejtimet\/10-hapa-te-shpejte-per-te-respektuar-ligjin-per-mbrojtjen-e-te-dhenave-personale\/caktoni-nje-zyrtar-per-mbrojtjen-e-te-dhenave-personale\/\",\"name\":\"Caktoni nj\u00eb zyrtar p\u00ebr mbrojtjen e t\u00eb dh\u00ebnave personale - \u0410\u0433\u0435\u043d\u0446\u0438\u0458\u0430 \u0437\u0430 \u0437\u0430\u0448\u0442\u0438\u0442\u0430 \u043d\u0430 \u043b\u0438\u0447\u043d\u0438\u0442\u0435 \u043f\u043e\u0434\u0430\u0442\u043e\u0446\u0438\",\"isPartOf\":{\"@id\":\"https:\/\/azlp.mk\/#website\"},\"datePublished\":\"2022-11-20T20:36:44+00:00\",\"dateModified\":\"2022-11-24T16:57:04+00:00\",\"breadcrumb\":{\"@id\":\"https:\/\/azlp.mk\/sq\/kontrolloret\/drejtimet\/10-hapa-te-shpejte-per-te-respektuar-ligjin-per-mbrojtjen-e-te-dhenave-personale\/caktoni-nje-zyrtar-per-mbrojtjen-e-te-dhenave-personale\/#breadcrumb\"},\"inLanguage\":\"sq-AL\",\"potentialAction\":[{\"@type\":\"ReadAction\",\"target\":[\"https:\/\/azlp.mk\/sq\/kontrolloret\/drejtimet\/10-hapa-te-shpejte-per-te-respektuar-ligjin-per-mbrojtjen-e-te-dhenave-personale\/caktoni-nje-zyrtar-per-mbrojtjen-e-te-dhenave-personale\/\"]}]},{\"@type\":\"BreadcrumbList\",\"@id\":\"https:\/\/azlp.mk\/sq\/kontrolloret\/drejtimet\/10-hapa-te-shpejte-per-te-respektuar-ligjin-per-mbrojtjen-e-te-dhenave-personale\/caktoni-nje-zyrtar-per-mbrojtjen-e-te-dhenave-personale\/#breadcrumb\",\"itemListElement\":[{\"@type\":\"ListItem\",\"position\":1,\"name\":\"Ballina\",\"item\":\"https:\/\/azlp.mk\/sq\/\"},{\"@type\":\"ListItem\",\"position\":2,\"name\":\"Kontrolluesit\",\"item\":\"https:\/\/azlp.mk\/sq\/kontrolloret\/\"},{\"@type\":\"ListItem\",\"position\":3,\"name\":\"Udh\u00ebzime\",\"item\":\"https:\/\/azlp.mk\/sq\/kontrolloret\/drejtimet\/\"},{\"@type\":\"ListItem\",\"position\":4,\"name\":\"10 hapa t\u00eb shpejt\u00eb p\u00ebr harmonizim me Ligjin p\u00ebr mbrojtjen e t\u00eb dh\u00ebnave personale\",\"item\":\"https:\/\/azlp.mk\/sq\/kontrolloret\/drejtimet\/10-hapa-te-shpejte-per-te-respektuar-ligjin-per-mbrojtjen-e-te-dhenave-personale\/\"},{\"@type\":\"ListItem\",\"position\":5,\"name\":\"Caktoni nj\u00eb zyrtar p\u00ebr mbrojtjen e t\u00eb dh\u00ebnave personale\"}]},{\"@type\":\"WebSite\",\"@id\":\"https:\/\/azlp.mk\/#website\",\"url\":\"https:\/\/azlp.mk\/\",\"name\":\"\u0410\u0433\u0435\u043d\u0446\u0438\u0458\u0430 \u0437\u0430 \u0437\u0430\u0448\u0442\u0438\u0442\u0430 \u043d\u0430 \u043b\u0438\u0447\u043d\u0438\u0442\u0435 \u043f\u043e\u0434\u0430\u0442\u043e\u0446\u0438\",\"description\":\"\",\"potentialAction\":[{\"@type\":\"SearchAction\",\"target\":{\"@type\":\"EntryPoint\",\"urlTemplate\":\"https:\/\/azlp.mk\/?s={search_term_string}\"},\"query-input\":\"required name=search_term_string\"}],\"inLanguage\":\"sq-AL\"}]}<\/script>\n<!-- \/ Yoast SEO plugin. -->","yoast_head_json":{"title":"Caktoni nj\u00eb zyrtar p\u00ebr mbrojtjen e t\u00eb dh\u00ebnave personale - \u0410\u0433\u0435\u043d\u0446\u0438\u0458\u0430 \u0437\u0430 \u0437\u0430\u0448\u0442\u0438\u0442\u0430 \u043d\u0430 \u043b\u0438\u0447\u043d\u0438\u0442\u0435 \u043f\u043e\u0434\u0430\u0442\u043e\u0446\u0438","robots":{"index":"index","follow":"follow","max-snippet":"max-snippet:-1","max-image-preview":"max-image-preview:large","max-video-preview":"max-video-preview:-1"},"canonical":"https:\/\/azlp.mk\/sq\/kontrolloret\/drejtimet\/10-hapa-te-shpejte-per-te-respektuar-ligjin-per-mbrojtjen-e-te-dhenave-personale\/caktoni-nje-zyrtar-per-mbrojtjen-e-te-dhenave-personale\/","og_locale":"sq_AL","og_type":"article","og_title":"Caktoni nj\u00eb zyrtar p\u00ebr mbrojtjen e t\u00eb dh\u00ebnave personale - \u0410\u0433\u0435\u043d\u0446\u0438\u0458\u0430 \u0437\u0430 \u0437\u0430\u0448\u0442\u0438\u0442\u0430 \u043d\u0430 \u043b\u0438\u0447\u043d\u0438\u0442\u0435 \u043f\u043e\u0434\u0430\u0442\u043e\u0446\u0438","og_url":"https:\/\/azlp.mk\/sq\/kontrolloret\/drejtimet\/10-hapa-te-shpejte-per-te-respektuar-ligjin-per-mbrojtjen-e-te-dhenave-personale\/caktoni-nje-zyrtar-per-mbrojtjen-e-te-dhenave-personale\/","og_site_name":"\u0410\u0433\u0435\u043d\u0446\u0438\u0458\u0430 \u0437\u0430 \u0437\u0430\u0448\u0442\u0438\u0442\u0430 \u043d\u0430 \u043b\u0438\u0447\u043d\u0438\u0442\u0435 \u043f\u043e\u0434\u0430\u0442\u043e\u0446\u0438","article_modified_time":"2022-11-24T16:57:04+00:00","twitter_card":"summary_large_image","twitter_misc":{"Est. reading time":"15 minutes"},"schema":{"@context":"https:\/\/schema.org","@graph":[{"@type":"WebPage","@id":"https:\/\/azlp.mk\/sq\/kontrolloret\/drejtimet\/10-hapa-te-shpejte-per-te-respektuar-ligjin-per-mbrojtjen-e-te-dhenave-personale\/caktoni-nje-zyrtar-per-mbrojtjen-e-te-dhenave-personale\/","url":"https:\/\/azlp.mk\/sq\/kontrolloret\/drejtimet\/10-hapa-te-shpejte-per-te-respektuar-ligjin-per-mbrojtjen-e-te-dhenave-personale\/caktoni-nje-zyrtar-per-mbrojtjen-e-te-dhenave-personale\/","name":"Caktoni nj\u00eb zyrtar p\u00ebr mbrojtjen e t\u00eb dh\u00ebnave personale - \u0410\u0433\u0435\u043d\u0446\u0438\u0458\u0430 \u0437\u0430 \u0437\u0430\u0448\u0442\u0438\u0442\u0430 \u043d\u0430 \u043b\u0438\u0447\u043d\u0438\u0442\u0435 \u043f\u043e\u0434\u0430\u0442\u043e\u0446\u0438","isPartOf":{"@id":"https:\/\/azlp.mk\/#website"},"datePublished":"2022-11-20T20:36:44+00:00","dateModified":"2022-11-24T16:57:04+00:00","breadcrumb":{"@id":"https:\/\/azlp.mk\/sq\/kontrolloret\/drejtimet\/10-hapa-te-shpejte-per-te-respektuar-ligjin-per-mbrojtjen-e-te-dhenave-personale\/caktoni-nje-zyrtar-per-mbrojtjen-e-te-dhenave-personale\/#breadcrumb"},"inLanguage":"sq-AL","potentialAction":[{"@type":"ReadAction","target":["https:\/\/azlp.mk\/sq\/kontrolloret\/drejtimet\/10-hapa-te-shpejte-per-te-respektuar-ligjin-per-mbrojtjen-e-te-dhenave-personale\/caktoni-nje-zyrtar-per-mbrojtjen-e-te-dhenave-personale\/"]}]},{"@type":"BreadcrumbList","@id":"https:\/\/azlp.mk\/sq\/kontrolloret\/drejtimet\/10-hapa-te-shpejte-per-te-respektuar-ligjin-per-mbrojtjen-e-te-dhenave-personale\/caktoni-nje-zyrtar-per-mbrojtjen-e-te-dhenave-personale\/#breadcrumb","itemListElement":[{"@type":"ListItem","position":1,"name":"Ballina","item":"https:\/\/azlp.mk\/sq\/"},{"@type":"ListItem","position":2,"name":"Kontrolluesit","item":"https:\/\/azlp.mk\/sq\/kontrolloret\/"},{"@type":"ListItem","position":3,"name":"Udh\u00ebzime","item":"https:\/\/azlp.mk\/sq\/kontrolloret\/drejtimet\/"},{"@type":"ListItem","position":4,"name":"10 hapa t\u00eb shpejt\u00eb p\u00ebr harmonizim me Ligjin p\u00ebr mbrojtjen e t\u00eb dh\u00ebnave personale","item":"https:\/\/azlp.mk\/sq\/kontrolloret\/drejtimet\/10-hapa-te-shpejte-per-te-respektuar-ligjin-per-mbrojtjen-e-te-dhenave-personale\/"},{"@type":"ListItem","position":5,"name":"Caktoni nj\u00eb zyrtar p\u00ebr mbrojtjen e t\u00eb dh\u00ebnave personale"}]},{"@type":"WebSite","@id":"https:\/\/azlp.mk\/#website","url":"https:\/\/azlp.mk\/","name":"\u0410\u0433\u0435\u043d\u0446\u0438\u0458\u0430 \u0437\u0430 \u0437\u0430\u0448\u0442\u0438\u0442\u0430 \u043d\u0430 \u043b\u0438\u0447\u043d\u0438\u0442\u0435 \u043f\u043e\u0434\u0430\u0442\u043e\u0446\u0438","description":"","potentialAction":[{"@type":"SearchAction","target":{"@type":"EntryPoint","urlTemplate":"https:\/\/azlp.mk\/?s={search_term_string}"},"query-input":"required name=search_term_string"}],"inLanguage":"sq-AL"}]}},"_links":{"self":[{"href":"https:\/\/azlp.mk\/sq\/wp-json\/wp\/v2\/pages\/10334"}],"collection":[{"href":"https:\/\/azlp.mk\/sq\/wp-json\/wp\/v2\/pages"}],"about":[{"href":"https:\/\/azlp.mk\/sq\/wp-json\/wp\/v2\/types\/page"}],"author":[{"embeddable":true,"href":"https:\/\/azlp.mk\/sq\/wp-json\/wp\/v2\/users\/6"}],"replies":[{"embeddable":true,"href":"https:\/\/azlp.mk\/sq\/wp-json\/wp\/v2\/comments?post=10334"}],"version-history":[{"count":1,"href":"https:\/\/azlp.mk\/sq\/wp-json\/wp\/v2\/pages\/10334\/revisions"}],"predecessor-version":[{"id":10337,"href":"https:\/\/azlp.mk\/sq\/wp-json\/wp\/v2\/pages\/10334\/revisions\/10337"}],"up":[{"embeddable":true,"href":"https:\/\/azlp.mk\/sq\/wp-json\/wp\/v2\/pages\/9755"}],"wp:attachment":[{"href":"https:\/\/azlp.mk\/sq\/wp-json\/wp\/v2\/media?parent=10334"}],"curies":[{"name":"wp","href":"https:\/\/api.w.org\/{rel}","templated":true}]}}