{"id":10330,"date":"2022-11-20T21:45:14","date_gmt":"2022-11-20T19:45:14","guid":{"rendered":"https:\/\/azlp.mk\/kontrolloret\/drejtimet\/10-hapa-te-shpejte-per-te-respektuar-ligjin-per-mbrojtjen-e-te-dhenave-personale\/3-regjistrimi-i-aktiviteteve-te-perpunimit-te-te-dhenave-personale\/"},"modified":"2022-12-15T12:18:49","modified_gmt":"2022-12-15T10:18:49","slug":"3-regjistrimi-i-aktiviteteve-te-perpunimit-te-te-dhenave-personale","status":"publish","type":"page","link":"https:\/\/azlp.mk\/sq\/kontrolloret\/drejtimet\/10-hapa-te-shpejte-per-te-respektuar-ligjin-per-mbrojtjen-e-te-dhenave-personale\/3-regjistrimi-i-aktiviteteve-te-perpunimit-te-te-dhenave-personale\/","title":{"rendered":"3. Mbani evidenc\u00eb p\u00ebr aktivitetet p\u00ebr p\u00ebrpunimin e t\u00eb dh\u00ebnave personale"},"content":{"rendered":"<div class=\"fusion-fullwidth fullwidth-box fusion-builder-row-1 fusion-flex-container has-pattern-background has-mask-background nonhundred-percent-fullwidth non-hundred-percent-height-scrolling\" style=\"background-color: #f2f2f2;background-position: center center;background-repeat: no-repeat;border-width: 0px 0px 0px 0px;border-color:#f2f2f2;border-style:solid;\" ><div class=\"fusion-builder-row fusion-row fusion-flex-align-items-flex-start\" style=\"max-width:1248px;margin-left: calc(-4% \/ 2 );margin-right: calc(-4% \/ 2 );\"><div class=\"fusion-layout-column fusion_builder_column fusion-builder-column-0 fusion_builder_column_1_1 1_1 fusion-flex-column\"><div class=\"fusion-column-wrapper fusion-flex-justify-content-flex-start fusion-content-layout-column\" style=\"background-position:left top;background-repeat:no-repeat;-webkit-background-size:cover;-moz-background-size:cover;-o-background-size:cover;background-size:cover;padding: 0px 0px 0px 0px;\"><div class=\"fusion-builder-row fusion-builder-row-inner fusion-row fusion-flex-align-items-flex-start\" style=\"width:104% !important;max-width:104% !important;margin-left: calc(-4% \/ 2 );margin-right: calc(-4% \/ 2 );\"><div class=\"fusion-layout-column fusion_builder_column_inner fusion-builder-nested-column-0 fusion_builder_column_inner_1_2 1_2 fusion-flex-column\"><div class=\"fusion-column-wrapper fusion-flex-justify-content-flex-start fusion-content-layout-column\" style=\"background-position:left top;background-repeat:no-repeat;-webkit-background-size:cover;-moz-background-size:cover;-o-background-size:cover;background-size:cover;padding: 0px 0px 0px 0px;\"><div class=\"fusion-text fusion-text-1\"><p>N\u00eb disa raste,detyroheni t\u00eb mbani evidenc\u00eb p\u00ebr aktivitetet p\u00ebr p\u00ebrpunimin e t\u00eb dh\u00ebnave personale e cila mes tjerash, p\u00ebrfshin informata p\u00ebr q\u00ebllimet e p\u00ebrpunimit, kategorit\u00eb e subjekteve t\u00eb t\u00eb dh\u00ebnave personale, kategorit\u00eb e t\u00eb dh\u00ebnave personale, kategorit\u00eb e pranuesve t\u00eb t\u00eb dh\u00ebnave personale, transferimin e t\u00eb dh\u00ebnave personale, afatin p\u00ebr fshirjen e t\u00eb dh\u00ebnave personale, masat teknike dhe organizative. Ky lloj i evidenc\u00ebs \u00ebsht\u00eb m\u00ebnyr\u00eb e shk\u00eblqyer p\u00ebr vendosjen e kontrollit mbi p\u00ebrpunimin dhe l\u00ebvizjen e t\u00eb dh\u00ebnave personale n\u00eb organizat\u00ebn tuaj. Ruajtja e k\u00ebtyre informatave n\u00eb nj\u00eb vend e leht\u00ebson harmonizimin me Ligjin p\u00ebr mbrojtjen e t\u00eb dh\u00ebnave personale.<\/p>\n<\/div><\/div><style type=\"text\/css\">.fusion-body .fusion-builder-nested-column-0{width:50% !important;margin-top : 0px;margin-bottom : 20px;}.fusion-builder-nested-column-0 > .fusion-column-wrapper {padding-top : 0px !important;padding-right : 0px !important;margin-right : 3.84%;padding-bottom : 0px !important;padding-left : 0px !important;margin-left : 3.84%;}@media only screen and (max-width:1024px) {.fusion-body .fusion-builder-nested-column-0{width:50% !important;order : 0;}.fusion-builder-nested-column-0 > .fusion-column-wrapper {margin-right : 3.84%;margin-left : 3.84%;}}@media only screen and (max-width:640px) {.fusion-body .fusion-builder-nested-column-0{width:100% !important;order : 0;}.fusion-builder-nested-column-0 > .fusion-column-wrapper {margin-right : 1.92%;margin-left : 1.92%;}}<\/style><\/div><div class=\"fusion-layout-column fusion_builder_column_inner fusion-builder-nested-column-1 fusion_builder_column_inner_1_2 1_2 fusion-flex-column\"><div class=\"fusion-column-wrapper fusion-flex-justify-content-flex-start fusion-content-layout-column\" style=\"background-position:left top;background-repeat:no-repeat;-webkit-background-size:cover;-moz-background-size:cover;-o-background-size:cover;background-size:cover;background-color:rgba(195,215,216,0.95);padding: 0px 0px 0px 0px;\">\n<div class=\"table-1\" style=\"margin-right:3%;margin-bottom:3%;margin-left:3%;\">\n<table width=\"100%\">\n<thead>\n<tr>\n<th align=\"left\">Shembull<\/th>\n<th align=\"left\">Sistemi p\u00ebr video-mbik\u00ebqyrje<\/th>\n<\/tr>\n<\/thead>\n<tbody>\n<tr>\n<td align=\"left\"><strong>Kontrollues<\/strong><\/td>\n<td align=\"left\">Kompania SHPKNJP<\/td>\n<\/tr>\n<tr>\n<td align=\"left\"><strong>Kategoria e subjekteve dhe kategoria e t\u00eb dh\u00ebnave personale<\/strong><\/td>\n<td align=\"left\">Video incizime nga vizitor\u00ebt e Kompanis\u00eb SHPKNJP, t\u00eb cilat p\u00ebrmbajn\u00eb karakteristika t\u00eb fizionomis\u00eb s\u00eb ndonj\u00eb personi.<\/td>\n<\/tr>\n<tr>\n<td align=\"left\"><strong>Q\u00ebllimi<\/strong><\/td>\n<td align=\"left\">Mbrojtja e pron\u00ebsis\u00eb, mbrojtja e jet\u00ebve dhe sh\u00ebndetit t\u00eb t\u00eb pun\u00ebsuarve p\u00ebr shkak t\u00eb natyr\u00ebs s\u00eb pun\u00ebs q\u00eb kryhet.<\/td>\n<\/tr>\n<tr>\n<td align=\"left\"><strong>Pranues<\/strong><\/td>\n<td align=\"left\">Kompania HL SHPKNJP<\/td>\n<\/tr>\n<tr>\n<td align=\"left\"><strong>Afati p\u00ebr fshirjen e t\u00eb dh\u00ebnave<\/strong><\/td>\n<td align=\"left\">30 dite<\/td>\n<\/tr>\n<tr>\n<td align=\"left\"><strong>Masat teknike dhe organizative<\/strong><\/td>\n<td align=\"left\">Akti i ve\u00e7ant\u00eb p\u00ebr m\u00ebnyr\u00ebn e kryerjes s\u00eb video-mbik\u00ebqyrjes (p.sh. autorizimi p\u00ebr qasjen te incizimet, sistemi i automatizuar i regjistrimeve (ky\u00e7jeve), transparenc\u00ebs), sistemi i mbrojtur me fjal\u00ebkalim, trajnimi p\u00ebr t\u00eb pun\u00ebsuarit, etj.<\/td>\n<\/tr>\n<tr>\n<td align=\"left\"><strong>Transferimi i t\u00eb dh\u00ebnave personale<br \/>\n<\/strong><\/td>\n<td align=\"left\">\/<\/td>\n<\/tr>\n<\/tbody>\n<\/table>\n<\/div>\n<\/div><style type=\"text\/css\">.fusion-body .fusion-builder-nested-column-1{width:50% !important;margin-top : 0px;margin-bottom : 20px;}.fusion-builder-nested-column-1 > .fusion-column-wrapper {padding-top : 0px !important;padding-right : 0px !important;margin-right : 3.84%;padding-bottom : 0px !important;padding-left : 0px !important;margin-left : 3.84%;}@media only screen and (max-width:1024px) {.fusion-body .fusion-builder-nested-column-1{width:50% !important;order : 0;}.fusion-builder-nested-column-1 > .fusion-column-wrapper {margin-right : 3.84%;margin-left : 3.84%;}}@media only screen and (max-width:640px) {.fusion-body .fusion-builder-nested-column-1{width:100% !important;order : 0;}.fusion-builder-nested-column-1 > .fusion-column-wrapper {margin-right : 1.92%;margin-left : 1.92%;}}<\/style><\/div><\/div><\/div><style type=\"text\/css\">.fusion-body .fusion-builder-column-0{width:100% !important;margin-top : 0px;margin-bottom : 20px;}.fusion-builder-column-0 > .fusion-column-wrapper {padding-top : 0px !important;padding-right : 0px !important;margin-right : 1.92%;padding-bottom : 0px !important;padding-left : 0px !important;margin-left : 1.92%;}@media only screen and (max-width:1024px) {.fusion-body .fusion-builder-column-0{width:100% !important;order : 0;}.fusion-builder-column-0 > .fusion-column-wrapper {margin-right : 1.92%;margin-left : 1.92%;}}@media only screen and (max-width:640px) {.fusion-body .fusion-builder-column-0{width:100% !important;order : 0;}.fusion-builder-column-0 > .fusion-column-wrapper {margin-right : 1.92%;margin-left : 1.92%;}}<\/style><\/div><\/div><style type=\"text\/css\">.fusion-body .fusion-flex-container.fusion-builder-row-1{ padding-top : 0px;margin-top : 0px;padding-right : 0px;padding-bottom : 0px;margin-bottom : 0px;padding-left : 0px;}<\/style><\/div>\n","protected":false},"excerpt":{"rendered":"","protected":false},"author":6,"featured_media":0,"parent":9755,"menu_order":0,"comment_status":"closed","ping_status":"closed","template":"","meta":{"footnotes":""},"yoast_head":"<!-- This site is optimized with the Yoast SEO plugin v19.9 - https:\/\/yoast.com\/wordpress\/plugins\/seo\/ -->\n<title>3. Mbani evidenc\u00eb p\u00ebr aktivitetet p\u00ebr p\u00ebrpunimin e t\u00eb dh\u00ebnave personale - \u0410\u0433\u0435\u043d\u0446\u0438\u0458\u0430 \u0437\u0430 \u0437\u0430\u0448\u0442\u0438\u0442\u0430 \u043d\u0430 \u043b\u0438\u0447\u043d\u0438\u0442\u0435 \u043f\u043e\u0434\u0430\u0442\u043e\u0446\u0438<\/title>\n<meta name=\"robots\" content=\"index, follow, max-snippet:-1, max-image-preview:large, max-video-preview:-1\" \/>\n<link rel=\"canonical\" href=\"https:\/\/azlp.mk\/sq\/kontrolloret\/drejtimet\/10-hapa-te-shpejte-per-te-respektuar-ligjin-per-mbrojtjen-e-te-dhenave-personale\/3-regjistrimi-i-aktiviteteve-te-perpunimit-te-te-dhenave-personale\/\" \/>\n<meta property=\"og:locale\" content=\"sq_AL\" \/>\n<meta property=\"og:type\" content=\"article\" \/>\n<meta property=\"og:title\" content=\"3. Mbani evidenc\u00eb p\u00ebr aktivitetet p\u00ebr p\u00ebrpunimin e t\u00eb dh\u00ebnave personale - \u0410\u0433\u0435\u043d\u0446\u0438\u0458\u0430 \u0437\u0430 \u0437\u0430\u0448\u0442\u0438\u0442\u0430 \u043d\u0430 \u043b\u0438\u0447\u043d\u0438\u0442\u0435 \u043f\u043e\u0434\u0430\u0442\u043e\u0446\u0438\" \/>\n<meta property=\"og:url\" content=\"https:\/\/azlp.mk\/sq\/kontrolloret\/drejtimet\/10-hapa-te-shpejte-per-te-respektuar-ligjin-per-mbrojtjen-e-te-dhenave-personale\/3-regjistrimi-i-aktiviteteve-te-perpunimit-te-te-dhenave-personale\/\" \/>\n<meta property=\"og:site_name\" content=\"\u0410\u0433\u0435\u043d\u0446\u0438\u0458\u0430 \u0437\u0430 \u0437\u0430\u0448\u0442\u0438\u0442\u0430 \u043d\u0430 \u043b\u0438\u0447\u043d\u0438\u0442\u0435 \u043f\u043e\u0434\u0430\u0442\u043e\u0446\u0438\" \/>\n<meta property=\"article:modified_time\" content=\"2022-12-15T10:18:49+00:00\" \/>\n<meta name=\"twitter:card\" content=\"summary_large_image\" \/>\n<meta name=\"twitter:label1\" content=\"Est. reading time\" \/>\n\t<meta name=\"twitter:data1\" content=\"5 minutes\" \/>\n<script type=\"application\/ld+json\" class=\"yoast-schema-graph\">{\"@context\":\"https:\/\/schema.org\",\"@graph\":[{\"@type\":\"WebPage\",\"@id\":\"https:\/\/azlp.mk\/sq\/kontrolloret\/drejtimet\/10-hapa-te-shpejte-per-te-respektuar-ligjin-per-mbrojtjen-e-te-dhenave-personale\/3-regjistrimi-i-aktiviteteve-te-perpunimit-te-te-dhenave-personale\/\",\"url\":\"https:\/\/azlp.mk\/sq\/kontrolloret\/drejtimet\/10-hapa-te-shpejte-per-te-respektuar-ligjin-per-mbrojtjen-e-te-dhenave-personale\/3-regjistrimi-i-aktiviteteve-te-perpunimit-te-te-dhenave-personale\/\",\"name\":\"3. Mbani evidenc\u00eb p\u00ebr aktivitetet p\u00ebr p\u00ebrpunimin e t\u00eb dh\u00ebnave personale - \u0410\u0433\u0435\u043d\u0446\u0438\u0458\u0430 \u0437\u0430 \u0437\u0430\u0448\u0442\u0438\u0442\u0430 \u043d\u0430 \u043b\u0438\u0447\u043d\u0438\u0442\u0435 \u043f\u043e\u0434\u0430\u0442\u043e\u0446\u0438\",\"isPartOf\":{\"@id\":\"https:\/\/azlp.mk\/#website\"},\"datePublished\":\"2022-11-20T19:45:14+00:00\",\"dateModified\":\"2022-12-15T10:18:49+00:00\",\"breadcrumb\":{\"@id\":\"https:\/\/azlp.mk\/sq\/kontrolloret\/drejtimet\/10-hapa-te-shpejte-per-te-respektuar-ligjin-per-mbrojtjen-e-te-dhenave-personale\/3-regjistrimi-i-aktiviteteve-te-perpunimit-te-te-dhenave-personale\/#breadcrumb\"},\"inLanguage\":\"sq-AL\",\"potentialAction\":[{\"@type\":\"ReadAction\",\"target\":[\"https:\/\/azlp.mk\/sq\/kontrolloret\/drejtimet\/10-hapa-te-shpejte-per-te-respektuar-ligjin-per-mbrojtjen-e-te-dhenave-personale\/3-regjistrimi-i-aktiviteteve-te-perpunimit-te-te-dhenave-personale\/\"]}]},{\"@type\":\"BreadcrumbList\",\"@id\":\"https:\/\/azlp.mk\/sq\/kontrolloret\/drejtimet\/10-hapa-te-shpejte-per-te-respektuar-ligjin-per-mbrojtjen-e-te-dhenave-personale\/3-regjistrimi-i-aktiviteteve-te-perpunimit-te-te-dhenave-personale\/#breadcrumb\",\"itemListElement\":[{\"@type\":\"ListItem\",\"position\":1,\"name\":\"Ballina\",\"item\":\"https:\/\/azlp.mk\/sq\/\"},{\"@type\":\"ListItem\",\"position\":2,\"name\":\"Kontrolluesit\",\"item\":\"https:\/\/azlp.mk\/sq\/kontrolloret\/\"},{\"@type\":\"ListItem\",\"position\":3,\"name\":\"Udh\u00ebzime\",\"item\":\"https:\/\/azlp.mk\/sq\/kontrolloret\/drejtimet\/\"},{\"@type\":\"ListItem\",\"position\":4,\"name\":\"10 hapa t\u00eb shpejt\u00eb p\u00ebr harmonizim me Ligjin p\u00ebr mbrojtjen e t\u00eb dh\u00ebnave personale\",\"item\":\"https:\/\/azlp.mk\/sq\/kontrolloret\/drejtimet\/10-hapa-te-shpejte-per-te-respektuar-ligjin-per-mbrojtjen-e-te-dhenave-personale\/\"},{\"@type\":\"ListItem\",\"position\":5,\"name\":\"3. Mbani evidenc\u00eb p\u00ebr aktivitetet p\u00ebr p\u00ebrpunimin e t\u00eb dh\u00ebnave personale\"}]},{\"@type\":\"WebSite\",\"@id\":\"https:\/\/azlp.mk\/#website\",\"url\":\"https:\/\/azlp.mk\/\",\"name\":\"\u0410\u0433\u0435\u043d\u0446\u0438\u0458\u0430 \u0437\u0430 \u0437\u0430\u0448\u0442\u0438\u0442\u0430 \u043d\u0430 \u043b\u0438\u0447\u043d\u0438\u0442\u0435 \u043f\u043e\u0434\u0430\u0442\u043e\u0446\u0438\",\"description\":\"\",\"potentialAction\":[{\"@type\":\"SearchAction\",\"target\":{\"@type\":\"EntryPoint\",\"urlTemplate\":\"https:\/\/azlp.mk\/?s={search_term_string}\"},\"query-input\":\"required name=search_term_string\"}],\"inLanguage\":\"sq-AL\"}]}<\/script>\n<!-- \/ Yoast SEO plugin. -->","yoast_head_json":{"title":"3. Mbani evidenc\u00eb p\u00ebr aktivitetet p\u00ebr p\u00ebrpunimin e t\u00eb dh\u00ebnave personale - \u0410\u0433\u0435\u043d\u0446\u0438\u0458\u0430 \u0437\u0430 \u0437\u0430\u0448\u0442\u0438\u0442\u0430 \u043d\u0430 \u043b\u0438\u0447\u043d\u0438\u0442\u0435 \u043f\u043e\u0434\u0430\u0442\u043e\u0446\u0438","robots":{"index":"index","follow":"follow","max-snippet":"max-snippet:-1","max-image-preview":"max-image-preview:large","max-video-preview":"max-video-preview:-1"},"canonical":"https:\/\/azlp.mk\/sq\/kontrolloret\/drejtimet\/10-hapa-te-shpejte-per-te-respektuar-ligjin-per-mbrojtjen-e-te-dhenave-personale\/3-regjistrimi-i-aktiviteteve-te-perpunimit-te-te-dhenave-personale\/","og_locale":"sq_AL","og_type":"article","og_title":"3. Mbani evidenc\u00eb p\u00ebr aktivitetet p\u00ebr p\u00ebrpunimin e t\u00eb dh\u00ebnave personale - \u0410\u0433\u0435\u043d\u0446\u0438\u0458\u0430 \u0437\u0430 \u0437\u0430\u0448\u0442\u0438\u0442\u0430 \u043d\u0430 \u043b\u0438\u0447\u043d\u0438\u0442\u0435 \u043f\u043e\u0434\u0430\u0442\u043e\u0446\u0438","og_url":"https:\/\/azlp.mk\/sq\/kontrolloret\/drejtimet\/10-hapa-te-shpejte-per-te-respektuar-ligjin-per-mbrojtjen-e-te-dhenave-personale\/3-regjistrimi-i-aktiviteteve-te-perpunimit-te-te-dhenave-personale\/","og_site_name":"\u0410\u0433\u0435\u043d\u0446\u0438\u0458\u0430 \u0437\u0430 \u0437\u0430\u0448\u0442\u0438\u0442\u0430 \u043d\u0430 \u043b\u0438\u0447\u043d\u0438\u0442\u0435 \u043f\u043e\u0434\u0430\u0442\u043e\u0446\u0438","article_modified_time":"2022-12-15T10:18:49+00:00","twitter_card":"summary_large_image","twitter_misc":{"Est. reading time":"5 minutes"},"schema":{"@context":"https:\/\/schema.org","@graph":[{"@type":"WebPage","@id":"https:\/\/azlp.mk\/sq\/kontrolloret\/drejtimet\/10-hapa-te-shpejte-per-te-respektuar-ligjin-per-mbrojtjen-e-te-dhenave-personale\/3-regjistrimi-i-aktiviteteve-te-perpunimit-te-te-dhenave-personale\/","url":"https:\/\/azlp.mk\/sq\/kontrolloret\/drejtimet\/10-hapa-te-shpejte-per-te-respektuar-ligjin-per-mbrojtjen-e-te-dhenave-personale\/3-regjistrimi-i-aktiviteteve-te-perpunimit-te-te-dhenave-personale\/","name":"3. Mbani evidenc\u00eb p\u00ebr aktivitetet p\u00ebr p\u00ebrpunimin e t\u00eb dh\u00ebnave personale - \u0410\u0433\u0435\u043d\u0446\u0438\u0458\u0430 \u0437\u0430 \u0437\u0430\u0448\u0442\u0438\u0442\u0430 \u043d\u0430 \u043b\u0438\u0447\u043d\u0438\u0442\u0435 \u043f\u043e\u0434\u0430\u0442\u043e\u0446\u0438","isPartOf":{"@id":"https:\/\/azlp.mk\/#website"},"datePublished":"2022-11-20T19:45:14+00:00","dateModified":"2022-12-15T10:18:49+00:00","breadcrumb":{"@id":"https:\/\/azlp.mk\/sq\/kontrolloret\/drejtimet\/10-hapa-te-shpejte-per-te-respektuar-ligjin-per-mbrojtjen-e-te-dhenave-personale\/3-regjistrimi-i-aktiviteteve-te-perpunimit-te-te-dhenave-personale\/#breadcrumb"},"inLanguage":"sq-AL","potentialAction":[{"@type":"ReadAction","target":["https:\/\/azlp.mk\/sq\/kontrolloret\/drejtimet\/10-hapa-te-shpejte-per-te-respektuar-ligjin-per-mbrojtjen-e-te-dhenave-personale\/3-regjistrimi-i-aktiviteteve-te-perpunimit-te-te-dhenave-personale\/"]}]},{"@type":"BreadcrumbList","@id":"https:\/\/azlp.mk\/sq\/kontrolloret\/drejtimet\/10-hapa-te-shpejte-per-te-respektuar-ligjin-per-mbrojtjen-e-te-dhenave-personale\/3-regjistrimi-i-aktiviteteve-te-perpunimit-te-te-dhenave-personale\/#breadcrumb","itemListElement":[{"@type":"ListItem","position":1,"name":"Ballina","item":"https:\/\/azlp.mk\/sq\/"},{"@type":"ListItem","position":2,"name":"Kontrolluesit","item":"https:\/\/azlp.mk\/sq\/kontrolloret\/"},{"@type":"ListItem","position":3,"name":"Udh\u00ebzime","item":"https:\/\/azlp.mk\/sq\/kontrolloret\/drejtimet\/"},{"@type":"ListItem","position":4,"name":"10 hapa t\u00eb shpejt\u00eb p\u00ebr harmonizim me Ligjin p\u00ebr mbrojtjen e t\u00eb dh\u00ebnave personale","item":"https:\/\/azlp.mk\/sq\/kontrolloret\/drejtimet\/10-hapa-te-shpejte-per-te-respektuar-ligjin-per-mbrojtjen-e-te-dhenave-personale\/"},{"@type":"ListItem","position":5,"name":"3. Mbani evidenc\u00eb p\u00ebr aktivitetet p\u00ebr p\u00ebrpunimin e t\u00eb dh\u00ebnave personale"}]},{"@type":"WebSite","@id":"https:\/\/azlp.mk\/#website","url":"https:\/\/azlp.mk\/","name":"\u0410\u0433\u0435\u043d\u0446\u0438\u0458\u0430 \u0437\u0430 \u0437\u0430\u0448\u0442\u0438\u0442\u0430 \u043d\u0430 \u043b\u0438\u0447\u043d\u0438\u0442\u0435 \u043f\u043e\u0434\u0430\u0442\u043e\u0446\u0438","description":"","potentialAction":[{"@type":"SearchAction","target":{"@type":"EntryPoint","urlTemplate":"https:\/\/azlp.mk\/?s={search_term_string}"},"query-input":"required name=search_term_string"}],"inLanguage":"sq-AL"}]}},"_links":{"self":[{"href":"https:\/\/azlp.mk\/sq\/wp-json\/wp\/v2\/pages\/10330"}],"collection":[{"href":"https:\/\/azlp.mk\/sq\/wp-json\/wp\/v2\/pages"}],"about":[{"href":"https:\/\/azlp.mk\/sq\/wp-json\/wp\/v2\/types\/page"}],"author":[{"embeddable":true,"href":"https:\/\/azlp.mk\/sq\/wp-json\/wp\/v2\/users\/6"}],"replies":[{"embeddable":true,"href":"https:\/\/azlp.mk\/sq\/wp-json\/wp\/v2\/comments?post=10330"}],"version-history":[{"count":5,"href":"https:\/\/azlp.mk\/sq\/wp-json\/wp\/v2\/pages\/10330\/revisions"}],"predecessor-version":[{"id":12839,"href":"https:\/\/azlp.mk\/sq\/wp-json\/wp\/v2\/pages\/10330\/revisions\/12839"}],"up":[{"embeddable":true,"href":"https:\/\/azlp.mk\/sq\/wp-json\/wp\/v2\/pages\/9755"}],"wp:attachment":[{"href":"https:\/\/azlp.mk\/sq\/wp-json\/wp\/v2\/media?parent=10330"}],"curies":[{"name":"wp","href":"https:\/\/api.w.org\/{rel}","templated":true}]}}